{"id":25072,"date":"2026-03-18T15:11:17","date_gmt":"2026-03-18T14:11:17","guid":{"rendered":"https:\/\/www.gourmandisedeluxe.com\/?post_type=product&#038;p=25072"},"modified":"2026-03-18T15:40:37","modified_gmt":"2026-03-18T14:40:37","slug":"truffe-trompe-loeil-lamelles-chocolat-noir","status":"publish","type":"product","link":"https:\/\/www.gourmandisedeluxe.com\/es\/truffe-trompe-loeil-lamelles-chocolat-noir\/","title":{"rendered":"L\u00e1minas de trufas de chocolate negro - Trompe l'\u0152il"},"content":{"rendered":"<p>Una nueva experiencia gastron\u00f3mica de La Maison de la Truffe que har\u00e1 las delicias de los amantes del chocolate y de la trufa.<\/p>\n<p>Para celebrar la Pascua, La Maison de la Truffe propone una nueva creaci\u00f3n en colaboraci\u00f3n con Pascal Brunstein Meilleur Ouvrier de France Chocolatier.<\/p>\n<p>Se trata de finas l\u00e1minas de trufa de chocolate m\u00e1s grandes que la vida, de unos 5 cm de di\u00e1metro y 3 mm de grosor. Si el efecto visual de trampantojo est\u00e1 ah\u00ed, la experiencia de degustaci\u00f3n cumple todas sus promesas.<\/p>\n<p>La elecci\u00f3n de la variedad de chocolate recay\u00f3 en un Grand Cru de M\u00e9xico, cuyas caracter\u00edsticas notas arom\u00e1ticas de sotobosque se mezclan sutilmente con los complejos sabores de la Trufa Negra, que recuerdan al humus y las setas. La feuillantine y las semillas de ch\u00eda a\u00f1aden un toque crujiente, mientras que un toque final de flor de sal realza los sabores.<\/p>","protected":false},"excerpt":{"rendered":"<p>Una nueva experiencia gastron\u00f3mica de La Maison de la Truffe que har\u00e1 las delicias de los amantes del chocolate y de la trufa.<\/p>\n<p>La Maison de la Truffe propone una nueva creaci\u00f3n en colaboraci\u00f3n con Pascal Brunstein Meilleur Ouvrier de France Chocolatier:<\/p>\n<p>Se trata de finas l\u00e1minas de trufa de chocolate m\u00e1s grandes que la vida, de unos 5 cm de di\u00e1metro y 3 mm de grosor. Si el efecto visual de trampantojo est\u00e1 ah\u00ed, la experiencia de degustaci\u00f3n cumple todas sus promesas.<\/p>\n<p>La elecci\u00f3n de la variedad de chocolate recay\u00f3 en un Grand Cru de M\u00e9xico, cuyas caracter\u00edsticas notas arom\u00e1ticas de sotobosque se mezclan sutilmente con los complejos sabores de la Trufa Negra, que recuerdan al humus y las setas. La feuillantine y las semillas de ch\u00eda a\u00f1aden un toque crujiente, mientras que un toque final de flor de sal realza los sabores.<\/p>\n<p>Se venden en bolsas de 10 tiras<\/p>\n<p><em>Ingredientes :Chocolate Grand Cru mexicano, Feuillantine tamizado, Semillas de ch\u00eda, Flor de sal, Aroma de trufa<\/em><\/p>\n<p>&nbsp;<\/p>\n<p>&nbsp;<\/p>","protected":false},"featured_media":25076,"comment_status":"open","ping_status":"closed","template":"","meta":[],"product_brand":[],"product_cat":[76,68,65],"product_tag":[],"class_list":{"0":"post-25072","1":"product","2":"type-product","3":"status-publish","4":"has-post-thumbnail","6":"product_cat-douceurs-sucrees","7":"product_cat-nouveautes","8":"product_cat-traiteur","10":"first","11":"instock","12":"taxable","13":"shipping-taxable","14":"purchasable","15":"product-type-simple"},"_links":{"self":[{"href":"https:\/\/www.gourmandisedeluxe.com\/es\/wp-json\/wp\/v2\/product\/25072","targetHints":{"allow":["GET"]}}],"collection":[{"href":"https:\/\/www.gourmandisedeluxe.com\/es\/wp-json\/wp\/v2\/product"}],"about":[{"href":"https:\/\/www.gourmandisedeluxe.com\/es\/wp-json\/wp\/v2\/types\/product"}],"replies":[{"embeddable":true,"href":"https:\/\/www.gourmandisedeluxe.com\/es\/wp-json\/wp\/v2\/comments?post=25072"}],"version-history":[{"count":0,"href":"https:\/\/www.gourmandisedeluxe.com\/es\/wp-json\/wp\/v2\/product\/25072\/revisions"}],"wp:featuredmedia":[{"embeddable":true,"href":"https:\/\/www.gourmandisedeluxe.com\/es\/wp-json\/wp\/v2\/media\/25076"}],"wp:attachment":[{"href":"https:\/\/www.gourmandisedeluxe.com\/es\/wp-json\/wp\/v2\/media?parent=25072"}],"wp:term":[{"taxonomy":"product_brand","embeddable":true,"href":"https:\/\/www.gourmandisedeluxe.com\/es\/wp-json\/wp\/v2\/product_brand?post=25072"},{"taxonomy":"product_cat","embeddable":true,"href":"https:\/\/www.gourmandisedeluxe.com\/es\/wp-json\/wp\/v2\/product_cat?post=25072"},{"taxonomy":"product_tag","embeddable":true,"href":"https:\/\/www.gourmandisedeluxe.com\/es\/wp-json\/wp\/v2\/product_tag?post=25072"}],"curies":[{"name":"wp","href":"https:\/\/api.w.org\/{rel}","templated":true}]}}