{"id":23500,"date":"2025-10-24T17:44:52","date_gmt":"2025-10-24T15:44:52","guid":{"rendered":"https:\/\/www.gourmandisedeluxe.com\/?post_type=product&#038;p=23500"},"modified":"2026-04-22T15:06:30","modified_gmt":"2026-04-22T13:06:30","slug":"matriochka-olga-kaspia-hotel-crillon","status":"publish","type":"product","link":"https:\/\/www.gourmandisedeluxe.com\/es\/matriochka-olga-kaspia-hotel-crillon\/","title":{"rendered":"Matrioska Olga \u2013 Edici\u00f3n limitada Caviar Kaspia x H\u00f4tel de Crillon"},"content":{"rendered":"<p>L&#8217;\u00c9dition limit\u00e9e <strong>Caviar Kaspia x H\u00f4tel de Crillon<\/strong> est une collaboration entre deux palaces de la vie parisienne : la Maison Kaspia, institution gastronomique de la Place de la Madeleine depuis 1927, et l&#8217;H\u00f4tel de Crillon, palace historique de la Place de la Concorde. Pour cette \u00e9dition, les motifs et couleurs de la matriochka ont \u00e9t\u00e9 retravail\u00e9s pour int\u00e9grer les codes visuels et chromatiques des deux maisons.<\/p>\n<p>La <strong>Matriochka Olga \u2014 \u00c9dition limit\u00e9e Caviar Kaspia x H\u00f4tel de Crillon<\/strong> reprend la structure et le format de la s\u00e9rie classique Kaspia en y ajoutant des \u00e9l\u00e9ments graphiques sp\u00e9cifiques \u00e0 la collaboration : armoiries du Crillon, motifs architecturaux de la Place de la Concorde, palette de couleurs exclusive. Chaque pi\u00e8ce est num\u00e9rot\u00e9e et accompagn\u00e9e d&#8217;un certificat double signature. Propos\u00e9e \u00e0 <strong>990\u20ac<\/strong>.<\/p>\n<p>Un objet de collection double prestige, rare et imm\u00e9diatement identifiable par les connaisseurs des deux maisons. \u00c9dition strictement limit\u00e9e, non renouvel\u00e9e. Cadeau d&#8217;exception pour les amateurs d&#8217;art artisanal, les collectionneurs de collaborations de prestige, ou les clients fid\u00e8les de Kaspia et du Crillon qui souhaitent poss\u00e9der un objet t\u00e9moignant de cette rencontre unique.<\/p>","protected":false},"excerpt":{"rendered":"<ul>\n<li>Altura: 25 cm<\/li>\n<li>Ancho: 18 cm<\/li>\n<\/ul>\n<p data-start=\"352\" data-end=\"618\">Imaginado en el marco de una colaboraci\u00f3n exclusiva entre <strong data-start=\"411\" data-end=\"428\">Caviar Kaspia<\/strong> y el\u2019<strong data-start=\"434\" data-end=\"454\">Hotel de Crillon<\/strong>, esta <strong data-start=\"462\" data-end=\"501\">Matrioska de porcelana de Limoges<\/strong> encarna la uni\u00f3n perfecta entre <strong data-start=\"530\" data-end=\"565\">artesan\u00eda francesa<\/strong> y del <strong data-start=\"572\" data-end=\"598\">refinamiento atemporal<\/strong> de las dos casas.<\/p>\n<p data-start=\"620\" data-end=\"955\">Totalmente moldeado y decorado a mano por la <strong data-start=\"669\" data-end=\"688\">Casa Carpenet<\/strong>, se distingue por su <strong data-start=\"716\" data-end=\"744\">esmalte blanco brillante<\/strong>, sublimado de <strong data-start=\"757\" data-end=\"789\">delicadas decoraciones en oro fino<\/strong>. Sobria y preciosa, esta pieza rinde homenaje a la <strong data-start=\"835\" data-end=\"845\">pureza<\/strong>, la <strong data-start=\"850\" data-end=\"861\">luz<\/strong> y el\u2019<strong data-start=\"867\" data-end=\"890\">elegancia parisina<\/strong>, al tiempo que rinde homenaje a los or\u00edgenes de Caviar Kaspia.<\/p>\n<p data-start=\"957\" data-end=\"1232\">S\u00edmbolo de <strong data-start=\"968\" data-end=\"1009\">familia, transmisi\u00f3n y rareza<\/strong>, la matrioska se convierte aqu\u00ed en un aut\u00e9ntico <strong data-start=\"1050\" data-end=\"1068\">estuche para caviar<\/strong>, concebido como una obra de arte. Ilustra a la perfecci\u00f3n la filosof\u00eda com\u00fan de Caviar Kaspia y del H\u00f4tel de Crillon: <strong data-start=\"1185\" data-end=\"1229\">elevar cada detalle al rango de excepci\u00f3n<\/strong>.<\/p>\n<p data-start=\"1234\" data-end=\"1335\"><em data-start=\"1234\" data-end=\"1335\">Pieza de porcelana de Limoges, esmalte blanco y oro fino \u2013 edici\u00f3n limitada. Producto vendido sin caviar.  Olga es la talla N3.\u00a0<\/em><\/p>","protected":false},"featured_media":24408,"comment_status":"closed","ping_status":"closed","template":"","meta":[],"product_brand":[],"product_cat":[182,104,142,143],"product_tag":[],"class_list":{"0":"post-23500","1":"product","2":"type-product","3":"status-publish","4":"has-post-thumbnail","6":"product_cat-collections","7":"product_cat-accessoires-kaspia","8":"product_cat-arts-de-la-table-kaspia","9":"product_cat-fetes-kaspia","11":"first","12":"instock","13":"taxable","14":"shipping-taxable","15":"purchasable","16":"product-type-simple"},"_links":{"self":[{"href":"https:\/\/www.gourmandisedeluxe.com\/es\/wp-json\/wp\/v2\/product\/23500","targetHints":{"allow":["GET"]}}],"collection":[{"href":"https:\/\/www.gourmandisedeluxe.com\/es\/wp-json\/wp\/v2\/product"}],"about":[{"href":"https:\/\/www.gourmandisedeluxe.com\/es\/wp-json\/wp\/v2\/types\/product"}],"replies":[{"embeddable":true,"href":"https:\/\/www.gourmandisedeluxe.com\/es\/wp-json\/wp\/v2\/comments?post=23500"}],"version-history":[{"count":0,"href":"https:\/\/www.gourmandisedeluxe.com\/es\/wp-json\/wp\/v2\/product\/23500\/revisions"}],"wp:featuredmedia":[{"embeddable":true,"href":"https:\/\/www.gourmandisedeluxe.com\/es\/wp-json\/wp\/v2\/media\/24408"}],"wp:attachment":[{"href":"https:\/\/www.gourmandisedeluxe.com\/es\/wp-json\/wp\/v2\/media?parent=23500"}],"wp:term":[{"taxonomy":"product_brand","embeddable":true,"href":"https:\/\/www.gourmandisedeluxe.com\/es\/wp-json\/wp\/v2\/product_brand?post=23500"},{"taxonomy":"product_cat","embeddable":true,"href":"https:\/\/www.gourmandisedeluxe.com\/es\/wp-json\/wp\/v2\/product_cat?post=23500"},{"taxonomy":"product_tag","embeddable":true,"href":"https:\/\/www.gourmandisedeluxe.com\/es\/wp-json\/wp\/v2\/product_tag?post=23500"}],"curies":[{"name":"wp","href":"https:\/\/api.w.org\/{rel}","templated":true}]}}