{"id":23247,"date":"2025-11-19T15:37:47","date_gmt":"2025-11-19T14:37:47","guid":{"rendered":"https:\/\/www.gourmandisedeluxe.com\/?post_type=product&#038;p=23247"},"modified":"2026-04-22T14:37:26","modified_gmt":"2026-04-22T12:37:26","slug":"palomitas-de-azucar-con-sabor-a-cafe","status":"publish","type":"product","link":"https:\/\/www.gourmandisedeluxe.com\/es\/popcorn-sucre-saveur-cafe\/","title":{"rendered":"Palomitas dulces con sabor a caf\u00e9"},"content":{"rendered":"<p>Cuando el arte de las palomitas artesanales se une a la cultura de los caf\u00e9s especiales, el resultado es \u00e9ste <strong>Palomitas dulces sabor caf\u00e9<\/strong> - un snack premium que captura la intensidad arom\u00e1tica de un espresso grand cru en cada grano inflado. El profundo y amargo caf\u00e9 se combina con una equilibrada base dulce para crear un snack que coquetea ligeramente con el mundo de la confiter\u00eda gourmet.<\/p>\n<p>Cada grano est\u00e1 recubierto de un ligero caramelo con infusi\u00f3n de caf\u00e9, cuyo amargor natural se compensa h\u00e1bilmente con el dulzor del az\u00facar caramelizado. La textura es crujiente y ligera, y el sabor a caf\u00e9 perdura en el paladar durante mucho tiempo. Un tentempi\u00e9 que est\u00e1 tan bueno por la ma\u00f1ana con un caf\u00e9 solo como por la tarde con un t\u00e9 ahumado, o por la noche con un digestivo ligero.<\/p>\n<p>Ideal para los amantes del caf\u00e9 que buscan un aperitivo premium fuera de lo com\u00fan, para una original caja regalo gourmet o como agradable sorpresa al compartir. Unas palomitas que s\u00f3lo tienen en com\u00fan la materia prima con las versiones indie: todo lo dem\u00e1s es decididamente gourmet.<\/p>","protected":false},"excerpt":{"rendered":"<p>Palomitas gourmet con infusi\u00f3n de caf\u00e9 y recubiertas de un delicioso caramelo.<\/p>\n<p>Una receta deliciosamente \u00fanica, con una textura crujiente y un equilibrio perfecto de sabores.<\/p>\n<p>\u00a1Solo la esencia del sabor y el placer!<\/p>\n<p>Fabricaci\u00f3n artesanal francesa<\/p>\n<p>Una receta sin aditivos ni colorantes artificiales.<\/p>\n<p>Peso neto: 80 g<\/p>\n<p>Ingredientes: Az\u00facar de ca\u00f1a rubio*, ma\u00edz*(16%), jarabe de glucosa*, mantequilla*, extracto de caf\u00e9*(6,5%), nata*, caf\u00e9 molido*(1%), caf\u00e9 soluble*(0,5%), bicarbonato.<\/p>\n<p>(*) procedentes de la agricultura ecol\u00f3gica.<br \/>\nConservar en un lugar seco.<\/p>\n<p>Consumir r\u00e1pidamente despu\u00e9s de abrir.<\/p>\n<p>Fabricado en Francia<\/p>\n<p>Valores nutricionales por cada 100 g: Energ\u00eda: 902 kJ (349 kcal), Grasas: 12 g, de las cuales saturadas: 6,8 g, Hidratos de carbono (Carbohydrate): 69 g, de los cuales az\u00facares (of which sugar): 55 g, Prote\u00ednas (Protein): 2,2 g, Sal (Salt): 0,1 g<\/p>","protected":false},"featured_media":23763,"comment_status":"open","ping_status":"closed","template":"","meta":[],"product_brand":[],"product_cat":[76,109],"product_tag":[],"class_list":{"0":"post-23247","1":"product","2":"type-product","3":"status-publish","4":"has-post-thumbnail","6":"product_cat-douceurs-sucrees","7":"product_cat-produits-biologiques","9":"first","10":"instock","11":"taxable","12":"shipping-taxable","13":"purchasable","14":"product-type-simple"},"_links":{"self":[{"href":"https:\/\/www.gourmandisedeluxe.com\/es\/wp-json\/wp\/v2\/product\/23247","targetHints":{"allow":["GET"]}}],"collection":[{"href":"https:\/\/www.gourmandisedeluxe.com\/es\/wp-json\/wp\/v2\/product"}],"about":[{"href":"https:\/\/www.gourmandisedeluxe.com\/es\/wp-json\/wp\/v2\/types\/product"}],"replies":[{"embeddable":true,"href":"https:\/\/www.gourmandisedeluxe.com\/es\/wp-json\/wp\/v2\/comments?post=23247"}],"version-history":[{"count":0,"href":"https:\/\/www.gourmandisedeluxe.com\/es\/wp-json\/wp\/v2\/product\/23247\/revisions"}],"wp:featuredmedia":[{"embeddable":true,"href":"https:\/\/www.gourmandisedeluxe.com\/es\/wp-json\/wp\/v2\/media\/23763"}],"wp:attachment":[{"href":"https:\/\/www.gourmandisedeluxe.com\/es\/wp-json\/wp\/v2\/media?parent=23247"}],"wp:term":[{"taxonomy":"product_brand","embeddable":true,"href":"https:\/\/www.gourmandisedeluxe.com\/es\/wp-json\/wp\/v2\/product_brand?post=23247"},{"taxonomy":"product_cat","embeddable":true,"href":"https:\/\/www.gourmandisedeluxe.com\/es\/wp-json\/wp\/v2\/product_cat?post=23247"},{"taxonomy":"product_tag","embeddable":true,"href":"https:\/\/www.gourmandisedeluxe.com\/es\/wp-json\/wp\/v2\/product_tag?post=23247"}],"curies":[{"name":"wp","href":"https:\/\/api.w.org\/{rel}","templated":true}]}}