{"id":23192,"date":"2025-07-21T16:05:58","date_gmt":"2025-07-21T14:05:58","guid":{"rendered":"https:\/\/www.gourmandisedeluxe.com\/?post_type=product&#038;p=23192"},"modified":"2026-04-22T14:36:34","modified_gmt":"2026-04-22T12:36:34","slug":"noisettes-chocolat-saveur-truffe-blanche-100g","status":"publish","type":"product","link":"https:\/\/www.gourmandisedeluxe.com\/es\/noisettes-chocolat-saveur-truffe-blanche-100g\/","title":{"rendered":"Avellanas tostadas, chocolate blanco y coco, sabor a trufa blanca, 100 g."},"content":{"rendered":"<p>L&#8217;accord entre la noisette torr\u00e9fi\u00e9e, le chocolat blanc fondant, la noix de coco r\u00e2p\u00e9e et la truffe blanche est une proposition gastronomique audacieuse \u2014 et une r\u00e9ussite totale. Ces <strong>Noisettes Torr\u00e9fi\u00e9es, Chocolat Blanc et Noix de Coco, Saveur Truffe Blanche<\/strong> r\u00e9inventent la confiserie \u00e0 base de fruits secs en y injectant une sophistication aromatique inattendue.<\/p>\n<p>La noisette, torr\u00e9fi\u00e9e pour exalter sa richesse naturelle en huiles essentielles, est enrob\u00e9e d&#8217;un chocolat blanc cr\u00e9meux parsem\u00e9 de noix de coco. La saveur truffe blanche vient compliquer le tableau de la plus belle des fa\u00e7ons : ses notes florales et l\u00e9g\u00e8rement all\u00e9ac\u00e9es tranchent avec la douceur laiteuse du chocolat blanc pour cr\u00e9er un \u00e9quilibre \u00e0 la fois gourmand et gastronomique. Le sachet de <strong>100 grammes<\/strong> est id\u00e9al pour les curieux du go\u00fbt.<\/p>\n<p>Parfaites en encas premium, en finition sur un plateau de fruits secs et fromages, ou grigno\u0442\u00e9es lors d&#8217;une pause caf\u00e9 digne de ce nom. Elles feront aussi merveille dans un coffret cadeau gourmand compos\u00e9 des diff\u00e9rentes sp\u00e9cialit\u00e9s de la maison. Conservez dans un endroit sec, fra\u00ecs et \u00e0 l&#8217;abri de la lumi\u00e8re.<\/p>","protected":false},"excerpt":{"rendered":"<p>Avellanas finamente tostadas, recubiertas de chocolate blanco de alta calidad, coco rallado y trufa blanca en polvo.<\/p>\n<p>Una receta deliciosamente original, con una textura fundente y crujiente, y un equilibrio perfecto de sabores.<\/p>\n<p>Una receta sin aditivos ni colorantes artificiales.<\/p>\n<p>Ingredientes: Chocolate blanco* (55,8%) (az\u00facar de ca\u00f1a rubio*, manteca de cacao*, leche entera en polvo*), avellanas tostadas*(40%),<br \/>\ncoco rallado fino* (2%), trufa blanca en polvo (1,2%), az\u00facar glas* (1%).<br \/>\n*procedentes de la agricultura ecol\u00f3gica.<\/p>\n<p>Conservar en un lugar seco. Consumir en el plazo de 1 mes tras su apertura.<\/p>\n<p>Fabricado en Francia<\/p>\n<p>Valores nutricionales por cada 100 g:<br \/>\nEnerg\u00eda (Energy): 2320 kJ (559 kcal), Grasas (Fat): 43 g, de las cuales saturadas (of which saturates): 17 g, Hidratos de carbono (Carbohydrate): 31 g, de los cuales az\u00facares (of which sugar): 31 g, Prote\u00ednas (Protein): 9,4 g, Sal (Salt): 0,13 g<\/p>","protected":false},"featured_media":23768,"comment_status":"open","ping_status":"closed","template":"","meta":[],"product_brand":[],"product_cat":[76,109],"product_tag":[],"class_list":{"0":"post-23192","1":"product","2":"type-product","3":"status-publish","4":"has-post-thumbnail","6":"product_cat-douceurs-sucrees","7":"product_cat-produits-biologiques","9":"first","10":"instock","11":"taxable","12":"shipping-taxable","13":"purchasable","14":"product-type-simple"},"_links":{"self":[{"href":"https:\/\/www.gourmandisedeluxe.com\/es\/wp-json\/wp\/v2\/product\/23192","targetHints":{"allow":["GET"]}}],"collection":[{"href":"https:\/\/www.gourmandisedeluxe.com\/es\/wp-json\/wp\/v2\/product"}],"about":[{"href":"https:\/\/www.gourmandisedeluxe.com\/es\/wp-json\/wp\/v2\/types\/product"}],"replies":[{"embeddable":true,"href":"https:\/\/www.gourmandisedeluxe.com\/es\/wp-json\/wp\/v2\/comments?post=23192"}],"version-history":[{"count":0,"href":"https:\/\/www.gourmandisedeluxe.com\/es\/wp-json\/wp\/v2\/product\/23192\/revisions"}],"wp:featuredmedia":[{"embeddable":true,"href":"https:\/\/www.gourmandisedeluxe.com\/es\/wp-json\/wp\/v2\/media\/23768"}],"wp:attachment":[{"href":"https:\/\/www.gourmandisedeluxe.com\/es\/wp-json\/wp\/v2\/media?parent=23192"}],"wp:term":[{"taxonomy":"product_brand","embeddable":true,"href":"https:\/\/www.gourmandisedeluxe.com\/es\/wp-json\/wp\/v2\/product_brand?post=23192"},{"taxonomy":"product_cat","embeddable":true,"href":"https:\/\/www.gourmandisedeluxe.com\/es\/wp-json\/wp\/v2\/product_cat?post=23192"},{"taxonomy":"product_tag","embeddable":true,"href":"https:\/\/www.gourmandisedeluxe.com\/es\/wp-json\/wp\/v2\/product_tag?post=23192"}],"curies":[{"name":"wp","href":"https:\/\/api.w.org\/{rel}","templated":true}]}}