{"id":23138,"date":"2025-07-09T09:42:31","date_gmt":"2025-07-09T07:42:31","guid":{"rendered":"https:\/\/www.gourmandisedeluxe.com\/?post_type=product&#038;p=23138"},"modified":"2026-04-22T15:09:59","modified_gmt":"2026-04-22T13:09:59","slug":"spiaggina-dellaluna-bolso-de-piel-de-caviar-kaspia","status":"publish","type":"product","link":"https:\/\/www.gourmandisedeluxe.com\/es\/sac-cuir-spiaggina-dellaluna-caviar-kaspia\/","title":{"rendered":"Bolso de cuero modelo grande Spiaggina turquesa y blanco \u2013 Dellaluna X Caviar Kaspia"},"content":{"rendered":"<p>La colaboraci\u00f3n entre <strong>Caviar Kaspia<\/strong> y <strong>Dellaluna<\/strong> - una casa de marroquiner\u00eda de lujo fundada en Roma- es el encuentro de dos visiones de la excelencia: la gastronom\u00eda parisina de prestigio y la artesan\u00eda italiana de la piel y el cuero. La colecci\u00f3n resultante es una serie de art\u00edculos exclusivos de piel plena flor, coloreados con la paleta gr\u00e1fica caracter\u00edstica de Kaspia: negro intenso y turquesa luminoso.<\/p>\n<p>La <strong>Spiaggina Turquesa y Blanco Dellaluna x Caviar Kaspia<\/strong> es la pieza veraniega de la colecci\u00f3n: una gran bolsa de playa o de viaje de generosas proporciones y estructura flexible, dise\u00f1ada para acompa\u00f1ar los momentos de relax y los viajes sin sacrificar un \u00e1pice de legibilidad. El cuero turquesa y blanco -los colores del agua y el horizonte- le confieren una personalidad brillante y asertiva. Disponible en <strong>1 700\u20ac<\/strong>.<\/p>\n<p>La pieza perfecta para los viajeros exigentes que desean un bolso grande, bonito y funcional a la vez, firmado por dos marcas de referencia. Edici\u00f3n limitada, se entrega en su embalaje doble firma Dellaluna x Caviar Kaspia.<\/p>","protected":false},"excerpt":{"rendered":"<p>La Dellaluna x Kaspia Spiaggina es una declaraci\u00f3n de amor veraniega al arte de la celebraci\u00f3n. Esta pieza de edici\u00f3n limitada reinventa <em>la dolce vita<\/em> a trav\u00e9s del emblem\u00e1tico y brillante tono turquesa de Kaspia, que evoca d\u00edas ba\u00f1ados por el sol y el glamour de las costas.<\/p>\n<p>Confeccionado en piel de becerro blanca y turquesa, el bolso est\u00e1 completamente bordado con hilo de seda, y cada puntada rinde homenaje a los rituales veraniegos atemporales. El cierre de vermeil de oro de 18 quilates, adornado con el logotipo de Kaspia en esmalte azul, aporta un toque precioso a este modelo de colecci\u00f3n.<\/p>\n<p>Se entrega con una bandolera extra\u00edble para mayor versatilidad. Solo se han fabricado unas pocas unidades. Pensado para aquellos que llevan consigo el esp\u00edritu del verano en la Riviera, vayan donde vayan.<\/p>","protected":false},"featured_media":23142,"comment_status":"open","ping_status":"closed","template":"","meta":[],"product_brand":[],"product_cat":[182,110],"product_tag":[],"class_list":{"0":"post-23138","1":"product","2":"type-product","3":"status-publish","4":"has-post-thumbnail","6":"product_cat-collections","7":"product_cat-nos-idees-cadeaux","9":"first","10":"instock","11":"taxable","12":"shipping-taxable","13":"purchasable","14":"product-type-simple"},"_links":{"self":[{"href":"https:\/\/www.gourmandisedeluxe.com\/es\/wp-json\/wp\/v2\/product\/23138","targetHints":{"allow":["GET"]}}],"collection":[{"href":"https:\/\/www.gourmandisedeluxe.com\/es\/wp-json\/wp\/v2\/product"}],"about":[{"href":"https:\/\/www.gourmandisedeluxe.com\/es\/wp-json\/wp\/v2\/types\/product"}],"replies":[{"embeddable":true,"href":"https:\/\/www.gourmandisedeluxe.com\/es\/wp-json\/wp\/v2\/comments?post=23138"}],"version-history":[{"count":0,"href":"https:\/\/www.gourmandisedeluxe.com\/es\/wp-json\/wp\/v2\/product\/23138\/revisions"}],"wp:featuredmedia":[{"embeddable":true,"href":"https:\/\/www.gourmandisedeluxe.com\/es\/wp-json\/wp\/v2\/media\/23142"}],"wp:attachment":[{"href":"https:\/\/www.gourmandisedeluxe.com\/es\/wp-json\/wp\/v2\/media?parent=23138"}],"wp:term":[{"taxonomy":"product_brand","embeddable":true,"href":"https:\/\/www.gourmandisedeluxe.com\/es\/wp-json\/wp\/v2\/product_brand?post=23138"},{"taxonomy":"product_cat","embeddable":true,"href":"https:\/\/www.gourmandisedeluxe.com\/es\/wp-json\/wp\/v2\/product_cat?post=23138"},{"taxonomy":"product_tag","embeddable":true,"href":"https:\/\/www.gourmandisedeluxe.com\/es\/wp-json\/wp\/v2\/product_tag?post=23138"}],"curies":[{"name":"wp","href":"https:\/\/api.w.org\/{rel}","templated":true}]}}