{"id":23130,"date":"2025-07-08T17:00:28","date_gmt":"2025-07-08T15:00:28","guid":{"rendered":"https:\/\/www.gourmandisedeluxe.com\/?post_type=product&#038;p=23130"},"modified":"2026-04-22T15:09:59","modified_gmt":"2026-04-22T13:09:59","slug":"dellaluna-x-caviar-kaspia-bolso-de-cuero-negro-turquesa","status":"publish","type":"product","link":"https:\/\/www.gourmandisedeluxe.com\/es\/sac-cuir-turquoise-dellaluna-kaspia\/","title":{"rendered":"Bolso de mano de cuero negro Turquoise \u2013 Dellaluna X Caviar Kaspia"},"content":{"rendered":"<p>La colaboraci\u00f3n entre <strong>Caviar Kaspia<\/strong> y <strong>Dellaluna<\/strong> - una casa de marroquiner\u00eda de lujo fundada en Roma- es el encuentro de dos visiones de la excelencia: la gastronom\u00eda parisina de prestigio y la artesan\u00eda italiana de la piel y el cuero. La colecci\u00f3n resultante es una serie de art\u00edculos exclusivos de piel plena flor, coloreados con la paleta gr\u00e1fica caracter\u00edstica de Kaspia: negro intenso y turquesa luminoso.<\/p>\n<p>Le <strong>Sac \u00e0 Main en Cuir Noir et Turquoise Dellaluna x Caviar Kaspia<\/strong> est la version bichrome de la pi\u00e8ce ma\u00eetresse \u2014 plus audacieuse visuellement, avec ce jeu de contraste entre le cuir de veau noir profond du corps et les accents turquoise qui soulignent les coutures, les anses et les ferrures. Le turquoise Kaspia, couleur signature de la Maison depuis ses origines, apporte une signature chromatique imm\u00e9diatement identifiable. Propos\u00e9 \u00e0 <strong>1 400\u20ac<\/strong>.<\/p>\n<p>Pour les femmes qui souhaitent afficher leur lien avec la Maison Kaspia \u00e0 travers un accessoire de luxe d&#8217;une raret\u00e9 absolue. \u00c9dition limit\u00e9e, livr\u00e9e dans son \u00e9crin et accompagn\u00e9e de son certificat d&#8217;authenticit\u00e9 artisanale.<\/p>","protected":false},"excerpt":{"rendered":"<p>Audaz homenaje al legendario turquesa de Caviar Kaspia, esta edici\u00f3n del bolso Caviar reimagina la emblem\u00e1tica silueta de Dellaluna en suave piel de becerro italiana.<\/p>\n<p>El tono rico y vibrante refleja los emblem\u00e1ticos interiores de Kaspia, lo que lo convierte en una aut\u00e9ntica pieza de colecci\u00f3n.<\/p>\n<p>La cartera presenta el motivo en relieve de la firma Dellaluna y un emblema chapado en oro de 18 quilates, complementado con el escudo Caviar Kaspia en esmalte negro brillante.<\/p>\n<p>Una correa extra\u00edble permite llevarlo tanto de d\u00eda como de noche.<\/p>\n<ul>\n<li>Piel de becerro italiana turquesa<\/li>\n<li>Firma en relieve de Dellaluna<\/li>\n<li>Cierre chapado en oro de 18 quilates con el emblema Caviar Kaspia en esmalte negro.<\/li>\n<li>Forro interior turquesa tono sobre tono<\/li>\n<li>Correa para el hombro extra\u00edble<\/li>\n<li>Fabricado en Italia<\/li>\n<li>Edici\u00f3n limitada<\/li>\n<\/ul>","protected":false},"featured_media":24546,"comment_status":"open","ping_status":"closed","template":"","meta":[],"product_brand":[],"product_cat":[182,110],"product_tag":[],"class_list":{"0":"post-23130","1":"product","2":"type-product","3":"status-publish","4":"has-post-thumbnail","6":"product_cat-collections","7":"product_cat-nos-idees-cadeaux","9":"first","10":"instock","11":"taxable","12":"shipping-taxable","13":"purchasable","14":"product-type-simple"},"_links":{"self":[{"href":"https:\/\/www.gourmandisedeluxe.com\/es\/wp-json\/wp\/v2\/product\/23130","targetHints":{"allow":["GET"]}}],"collection":[{"href":"https:\/\/www.gourmandisedeluxe.com\/es\/wp-json\/wp\/v2\/product"}],"about":[{"href":"https:\/\/www.gourmandisedeluxe.com\/es\/wp-json\/wp\/v2\/types\/product"}],"replies":[{"embeddable":true,"href":"https:\/\/www.gourmandisedeluxe.com\/es\/wp-json\/wp\/v2\/comments?post=23130"}],"version-history":[{"count":0,"href":"https:\/\/www.gourmandisedeluxe.com\/es\/wp-json\/wp\/v2\/product\/23130\/revisions"}],"wp:featuredmedia":[{"embeddable":true,"href":"https:\/\/www.gourmandisedeluxe.com\/es\/wp-json\/wp\/v2\/media\/24546"}],"wp:attachment":[{"href":"https:\/\/www.gourmandisedeluxe.com\/es\/wp-json\/wp\/v2\/media?parent=23130"}],"wp:term":[{"taxonomy":"product_brand","embeddable":true,"href":"https:\/\/www.gourmandisedeluxe.com\/es\/wp-json\/wp\/v2\/product_brand?post=23130"},{"taxonomy":"product_cat","embeddable":true,"href":"https:\/\/www.gourmandisedeluxe.com\/es\/wp-json\/wp\/v2\/product_cat?post=23130"},{"taxonomy":"product_tag","embeddable":true,"href":"https:\/\/www.gourmandisedeluxe.com\/es\/wp-json\/wp\/v2\/product_tag?post=23130"}],"curies":[{"name":"wp","href":"https:\/\/api.w.org\/{rel}","templated":true}]}}