{"id":23119,"date":"2025-07-08T17:00:10","date_gmt":"2025-07-08T15:00:10","guid":{"rendered":"https:\/\/www.gourmandisedeluxe.com\/?post_type=product&#038;p=23119"},"modified":"2026-04-22T15:09:59","modified_gmt":"2026-04-22T13:09:59","slug":"dellaluna-x-caviar-kaspia-bolso-de-piel-negro","status":"publish","type":"product","link":"https:\/\/www.gourmandisedeluxe.com\/es\/sac-a-main-en-cuir-noir-dellaluna-x-caviar-kaspia\/","title":{"rendered":"Bolso de mano de cuero negro \u2013 Dellaluna X Caviar Kaspia"},"content":{"rendered":"<p>La colaboraci\u00f3n entre <strong>Caviar Kaspia<\/strong> y <strong>Dellaluna<\/strong> - una casa de marroquiner\u00eda de lujo fundada en Roma- es el encuentro de dos visiones de la excelencia: la gastronom\u00eda parisina de prestigio y la artesan\u00eda italiana de la piel y el cuero. La colecci\u00f3n resultante es una serie de art\u00edculos exclusivos de piel plena flor, coloreados con la paleta gr\u00e1fica caracter\u00edstica de Kaspia: negro intenso y turquesa luminoso.<\/p>\n<p>Le <strong>Sac \u00e0 Main en Cuir Noir Dellaluna x Caviar Kaspia<\/strong> est la pi\u00e8ce ma\u00eetresse de la collection \u2014 un sac \u00e0 main de luxe con\u00e7u dans les ateliers de Dellaluna \u00e0 Rome, en cuir de veau pleine fleur d&#8217;un noir profond et mat. Chaque couture, chaque ferrure, chaque pli t\u00e9moigne du soin apport\u00e9 par les artisans qui ont travaill\u00e9 sur cette pi\u00e8ce. Le logo Kaspia, discret et pr\u00e9cis, est la seule indication de la collaboration sur l&#8217;ext\u00e9rieur du sac. Propos\u00e9 \u00e0 <strong>1 600\u20ac<\/strong>.<\/p>\n<p>Une pi\u00e8ce de collection pour les amatrices de maroquinerie de luxe artisanale qui cherchent l&#8217;exceptionnel et le rare. \u00c9dition limit\u00e9e, livr\u00e9e dans son \u00e9crin et accompagn\u00e9e de son certificat de fa\u00e7onnage artisanal double signature.<\/p>","protected":false},"excerpt":{"rendered":"<p>Dise\u00f1ada en colaboraci\u00f3n con Caviar Kaspia, la cartera Caviar es un homenaje al placer atemporal.<\/p>\n<p>Realizada en piel de galuchat negro, su superficie texturizada evoca las brillantes perlas del caviar fino.<\/p>\n<p>La silueta estructurada est\u00e1 adornada con el relieve caracter\u00edstico de Dellaluna y un emblema chapado en oro de 18 quilates, que representa el escudo Caviar Kaspia en esmalte negro.<\/p>\n<p>En el interior, el caracter\u00edstico forro turquesa de Kaspia ofrece un contraste llamativo, mientras que una correa transversal desmontable a\u00f1ade versatilidad a esta pieza de edici\u00f3n limitada.<\/p>\n<ul>\n<li>Exterior de piel de raya negra<\/li>\n<li>Firma en relieve Dellaluna<\/li>\n<li>Cierre chapado en oro de 18 quilates con el emblema Caviar Kaspia en esmalte.<\/li>\n<li>Interior en turquesa \u201cKaspia\u201d<\/li>\n<li>Correa para el hombro extra\u00edble<\/li>\n<li>Fabricado en Italia<\/li>\n<\/ul>\n<p>Edici\u00f3n limitada<\/p>","protected":false},"featured_media":24549,"comment_status":"open","ping_status":"closed","template":"","meta":[],"product_brand":[],"product_cat":[182,110],"product_tag":[],"class_list":{"0":"post-23119","1":"product","2":"type-product","3":"status-publish","4":"has-post-thumbnail","6":"product_cat-collections","7":"product_cat-nos-idees-cadeaux","9":"first","10":"instock","11":"taxable","12":"shipping-taxable","13":"purchasable","14":"product-type-simple"},"_links":{"self":[{"href":"https:\/\/www.gourmandisedeluxe.com\/es\/wp-json\/wp\/v2\/product\/23119","targetHints":{"allow":["GET"]}}],"collection":[{"href":"https:\/\/www.gourmandisedeluxe.com\/es\/wp-json\/wp\/v2\/product"}],"about":[{"href":"https:\/\/www.gourmandisedeluxe.com\/es\/wp-json\/wp\/v2\/types\/product"}],"replies":[{"embeddable":true,"href":"https:\/\/www.gourmandisedeluxe.com\/es\/wp-json\/wp\/v2\/comments?post=23119"}],"version-history":[{"count":0,"href":"https:\/\/www.gourmandisedeluxe.com\/es\/wp-json\/wp\/v2\/product\/23119\/revisions"}],"wp:featuredmedia":[{"embeddable":true,"href":"https:\/\/www.gourmandisedeluxe.com\/es\/wp-json\/wp\/v2\/media\/24549"}],"wp:attachment":[{"href":"https:\/\/www.gourmandisedeluxe.com\/es\/wp-json\/wp\/v2\/media?parent=23119"}],"wp:term":[{"taxonomy":"product_brand","embeddable":true,"href":"https:\/\/www.gourmandisedeluxe.com\/es\/wp-json\/wp\/v2\/product_brand?post=23119"},{"taxonomy":"product_cat","embeddable":true,"href":"https:\/\/www.gourmandisedeluxe.com\/es\/wp-json\/wp\/v2\/product_cat?post=23119"},{"taxonomy":"product_tag","embeddable":true,"href":"https:\/\/www.gourmandisedeluxe.com\/es\/wp-json\/wp\/v2\/product_tag?post=23119"}],"curies":[{"name":"wp","href":"https:\/\/api.w.org\/{rel}","templated":true}]}}