{"id":22946,"date":"2025-05-12T15:17:36","date_gmt":"2025-05-12T13:17:36","guid":{"rendered":"https:\/\/www.gourmandisedeluxe.com\/?post_type=product&#038;p=22946"},"modified":"2026-04-22T15:13:13","modified_gmt":"2026-04-22T13:13:13","slug":"collection-bijoux-spinelle-kaspia-linda-fargo","status":"publish","type":"product","link":"https:\/\/www.gourmandisedeluxe.com\/es\/collection-bijoux-spinelle-kaspia-linda-fargo\/","title":{"rendered":"Colecci\u00c3\u0192\u00c2\u00b3n de joyas con espinelas de Caviar Kaspia x Linda Fargo"},"content":{"rendered":"<p>La colaboraci\u00f3n entre <strong>Caviar Kaspia<\/strong> y <strong>Linda Fargo<\/strong> \u2014 ic\u00f4ne de la mode new-yorkaise et cr\u00e9atrice de bijoux en pierres fines \u2014 donne naissance \u00e0 une collection de bijoux en spinelle, pierre pr\u00e9cieuse rare et intense, travaill\u00e9e dans l&#8217;esprit minimaliste et raffin\u00e9 qui caract\u00e9rise le style Fargo. La spinelle, plus rare que le rubis et souvent confondue avec lui, est une gemme d&#8217;une beaut\u00e9 profonde aux reflets violac\u00e9s et rouges.<\/p>\n<p>La <strong>Collection Bijoux en Spinelle by Caviar Kaspia x Linda Fargo<\/strong> est pr\u00e9sent\u00e9e ici en coffret d&#8217;ensemble : plusieurs pi\u00e8ces compl\u00e9mentaires \u2014 bague, bracelet, collier \u2014 travaill\u00e9es dans une coh\u00e9rence esth\u00e9tique et une palette chromatique partag\u00e9e. La spinelle, choisie pour l&#8217;intensit\u00e9 de sa couleur et la qualit\u00e9 de sa taille, est serti\u00e9e sur des montures en or ou argent d&#8217;une finesse exemplaire. Propos\u00e9e \u00e0 <strong>627\u20ac<\/strong>.<\/p>\n<p>Un coffret bijoux de prestige pour les collectionneuses de pi\u00e8ces fines et rares, id\u00e9al pour une occasion exceptionnelle. \u00c9dition limit\u00e9e, livr\u00e9 dans son \u00e9crin double signature.<\/p>","protected":false},"excerpt":{"rendered":"<p>La colecci\u00f3n se compone de un tr\u00edo de pulseras y un tr\u00edo de anillos, as\u00ed como de un elegante collar tipo lazo.<\/p>\n<p>&nbsp;<\/p>\n<p><strong>1.collar<\/strong> compuesto de piedras <b>espinela negra microfacetada de 3 mm <\/b>y adornado con dos pulseras de <b>perlas de<\/b><b>orzo<\/b><b> texturizadas en oro de 14 quilates<\/b>. Con una longitud de 17 pulgadas alrededor del cuello y una ca\u00edda de 4,5 pulgadas, este collar estilo lazo se puede llevar solo como pieza decorativa o combinado con otras de tus piezas favoritas. Lo atemporal se une a lo atrevido en este collar de espinela y oro.<\/p>\n<ul>\n<li>Aunque es resistente al agua, recomendamos retirar este collar si la piedra espinela se expone a productos qu\u00edmicos agresivos o agua tratada.<\/li>\n<li>Longitud del cuello 17 , con una ca\u00c3\u0192\u00c2\u00adda de 4,5 .<\/li>\n<li>Acabado con un anillo de salto de oro y un cierre en forma de langosta para facilitar su colocaci\u00f3n y retirada.<\/li>\n<li>Dise\u00f1ado y producido en Los \u00c1ngeles, por mujeres.<\/li>\n<\/ul>\n<p>&nbsp;<\/p>\n<p><strong>2. Tr\u00c3\u0192\u00c2\u00ado de anillos<\/strong> : Estos elegantes anillos est\u00e1n compuestos por <b>de piedras espinelas negras microfacetadas de 3 mm <\/b>y <strong>de<\/strong> <b>perlas texturizadas en oro de 14 quilates<\/b>. Fabricados con esmero con un el\u00e1stico a medida, estos anillos se pueden llevar individualmente o juntos. Lo atemporal se une a lo atrevido en estos anillos de espinela y oro.<\/p>\n<ul>\n<li>Aunque son resistentes al agua, recomendamos retirar estas piezas cuando la piedra espinela est\u00e9 expuesta a productos qu\u00edmicos agresivos o agua tratada.<\/li>\n<li>Anillas de la talla 7, con ajuste el\u00c3\u0192\u00c2\u00a1stico para garantizar el mejor ajuste posible.<\/li>\n<li>Dise\u00f1adas y producidas en Los \u00c1ngeles por mujeres.<\/li>\n<\/ul>\n<p><strong>3. Tr\u00c3\u0192\u00c2\u00ado de pulseras<\/strong> : Estas tres elegantes pulseras est\u00e1n compuestas por\u00a0<b>espinelas negras microfacetadas de 3 mm\u00a0<\/b>y perlas de orzo con textura\u00a0<b>en oro de 14 quilates.\u00a0<\/b>Cuidadosamente elaboradas con un el\u00e1stico a medida, estas pulseras se pueden llevar individualmente, juntas o con tus otros art\u00edculos de moda favoritos. Lo atemporal se une a lo atrevido con estas pulseras de espinela y oro.<\/p>\n<ul>\n<li>Aunque es resistente al agua, recomendamos retirar la pulsera si la piedra espinela se expone a productos qu\u00edmicos agresivos o agua tratada.<\/li>\n<li>Tama\u00f1o de la mu\u00f1eca: 6,50 pulgadas, con ajuste el\u00e1stico para garantizar el mejor ajuste posible.<\/li>\n<li>Dise\u00f1ado y producido en Los \u00c1ngeles, por mujeres.<\/li>\n<\/ul>\n<p>Le\u00a0<b>espinela negra<\/b>, a menudo confundido con el zafiro, es en realidad una gema \u00fanica con sus propias propiedades fascinantes.<\/p>\n<p>Esta enigm\u00e1tica piedra simboliza la protecci\u00f3n y la fuerza interior. Act\u00faa como un escudo contra las energ\u00edas negativas, reforzando tu confianza en ti mismo y tu espiritualidad. Si a veces tienes la cabeza en las nubes, la espinela negra te ayuda a mantener los pies en la tierra, favoreciendo el arraigo y la estabilidad. Adem\u00e1s, fomenta la concentraci\u00f3n y aporta una sensaci\u00f3n de seguridad.<\/p>\n<p><b>La espinela es una especie mineral de la familia de los \u00f3xidos con f\u00f3rmula MgAl2O4 (\u00f3xido de magnesio y aluminio). Es una piedra preciosa utilizada en joyer\u00eda.<\/b><\/p>","protected":false},"featured_media":24609,"comment_status":"open","ping_status":"closed","template":"","meta":[],"product_brand":[],"product_cat":[182],"product_tag":[],"class_list":{"0":"post-22946","1":"product","2":"type-product","3":"status-publish","4":"has-post-thumbnail","6":"product_cat-collections","8":"first","9":"instock","10":"taxable","11":"shipping-taxable","12":"purchasable","13":"product-type-simple"},"_links":{"self":[{"href":"https:\/\/www.gourmandisedeluxe.com\/es\/wp-json\/wp\/v2\/product\/22946","targetHints":{"allow":["GET"]}}],"collection":[{"href":"https:\/\/www.gourmandisedeluxe.com\/es\/wp-json\/wp\/v2\/product"}],"about":[{"href":"https:\/\/www.gourmandisedeluxe.com\/es\/wp-json\/wp\/v2\/types\/product"}],"replies":[{"embeddable":true,"href":"https:\/\/www.gourmandisedeluxe.com\/es\/wp-json\/wp\/v2\/comments?post=22946"}],"version-history":[{"count":0,"href":"https:\/\/www.gourmandisedeluxe.com\/es\/wp-json\/wp\/v2\/product\/22946\/revisions"}],"wp:featuredmedia":[{"embeddable":true,"href":"https:\/\/www.gourmandisedeluxe.com\/es\/wp-json\/wp\/v2\/media\/24609"}],"wp:attachment":[{"href":"https:\/\/www.gourmandisedeluxe.com\/es\/wp-json\/wp\/v2\/media?parent=22946"}],"wp:term":[{"taxonomy":"product_brand","embeddable":true,"href":"https:\/\/www.gourmandisedeluxe.com\/es\/wp-json\/wp\/v2\/product_brand?post=22946"},{"taxonomy":"product_cat","embeddable":true,"href":"https:\/\/www.gourmandisedeluxe.com\/es\/wp-json\/wp\/v2\/product_cat?post=22946"},{"taxonomy":"product_tag","embeddable":true,"href":"https:\/\/www.gourmandisedeluxe.com\/es\/wp-json\/wp\/v2\/product_tag?post=22946"}],"curies":[{"name":"wp","href":"https:\/\/api.w.org\/{rel}","templated":true}]}}