{"id":22942,"date":"2025-05-12T15:15:10","date_gmt":"2025-05-12T13:15:10","guid":{"rendered":"https:\/\/www.gourmandisedeluxe.com\/?post_type=product&#038;p=22942"},"modified":"2026-04-22T15:13:13","modified_gmt":"2026-04-22T13:13:13","slug":"collar-lariat-espinela-de-caviar-kaspia-x-linda-fargo","status":"publish","type":"product","link":"https:\/\/www.gourmandisedeluxe.com\/es\/collier-lariat-spinelle-linda-fargo\/","title":{"rendered":"Collar Lariat de espinelas de Caviar Kaspia x Linda Fargo"},"content":{"rendered":"<p>La colaboraci\u00f3n entre <strong>Caviar Kaspia<\/strong> y <strong>Linda Fargo<\/strong> \u2014 ic\u00f4ne de la mode new-yorkaise et cr\u00e9atrice de bijoux en pierres fines \u2014 donne naissance \u00e0 une collection de bijoux en spinelle, pierre pr\u00e9cieuse rare et intense, travaill\u00e9e dans l&#8217;esprit minimaliste et raffin\u00e9 qui caract\u00e9rise le style Fargo. La spinelle, plus rare que le rubis et souvent confondue avec lui, est une gemme d&#8217;une beaut\u00e9 profonde aux reflets violac\u00e9s et rouges.<\/p>\n<p>Le <strong>Collier Lariat en Spinelle by Caviar Kaspia x Linda Fargo<\/strong> est la pi\u00e8ce la plus contemporaine de la collection : le lariat, ce collier sans fermoir \u00e0 extr\u00e9mit\u00e9s libres qui se noue ou se drape selon l&#8217;envie, est l&#8217;un des formats de cou les plus versatiles et les plus modernes de la joaillerie actuelle. Ici servi en spinelle et or, il allie l&#8217;esth\u00e9tique des bijoux d&#8217;artiste \u00e0 la pr\u00e9cision de la pi\u00e8ce fine. Propos\u00e9 \u00e0 <strong>309\u20ac<\/strong>.<\/p>\n<p>L&#8217;entr\u00e9e id\u00e9ale dans la collection Linda Fargo x Kaspia, un cadeau bijou accessible et d&#8217;une grande distinction. \u00c9dition limit\u00e9e.<\/p>","protected":false},"excerpt":{"rendered":"<p>Este elegante collar tipo lazo est\u00e1 compuesto por piedras. <b>espinela negra microfacetada de 3 mm <\/b>y adornado con dos pulseras de <b>perlas de<\/b><b>orzo<\/b><b> texturizadas en oro de 14 quilates<\/b>. Con una longitud de 17 pulgadas alrededor del cuello y una ca\u00edda de 4,5 pulgadas, este collar estilo lazo se puede llevar solo como pieza decorativa o combinado con otras de tus piezas favoritas. Lo atemporal se une a lo atrevido en este collar de espinela y oro.<\/p>\n<ul>\n<li>Aunque es resistente al agua, recomendamos retirar este collar si la piedra espinela se expone a productos qu\u00edmicos agresivos o agua tratada.<\/li>\n<li>Longitud del cuello 17 , con una ca\u00c3\u0192\u00c2\u00adda de 4,5 .<\/li>\n<li>Acabado con un anillo de salto de oro y un cierre en forma de langosta para facilitar su colocaci\u00f3n y retirada.<\/li>\n<li>Dise\u00f1ado y producido en Los \u00c1ngeles, por mujeres.<\/li>\n<\/ul>\n<p>Le\u00a0<b>espinela negra<\/b>, a menudo confundido con el zafiro, es en realidad una gema \u00fanica con sus propias propiedades fascinantes.<\/p>\n<p>Esta enigm\u00e1tica piedra simboliza la protecci\u00f3n y la fuerza interior. Act\u00faa como un escudo contra las energ\u00edas negativas, reforzando tu confianza en ti mismo y tu espiritualidad. Si a veces tienes la cabeza en las nubes, la espinela negra te ayuda a mantener los pies en la tierra, favoreciendo el arraigo y la estabilidad. Adem\u00e1s, fomenta la concentraci\u00f3n y aporta una sensaci\u00f3n de seguridad.<\/p>\n<p>&nbsp;<\/p>","protected":false},"featured_media":24612,"comment_status":"open","ping_status":"closed","template":"","meta":[],"product_brand":[],"product_cat":[182],"product_tag":[],"class_list":{"0":"post-22942","1":"product","2":"type-product","3":"status-publish","4":"has-post-thumbnail","6":"product_cat-collections","8":"first","9":"instock","10":"taxable","11":"shipping-taxable","12":"purchasable","13":"product-type-simple"},"_links":{"self":[{"href":"https:\/\/www.gourmandisedeluxe.com\/es\/wp-json\/wp\/v2\/product\/22942","targetHints":{"allow":["GET"]}}],"collection":[{"href":"https:\/\/www.gourmandisedeluxe.com\/es\/wp-json\/wp\/v2\/product"}],"about":[{"href":"https:\/\/www.gourmandisedeluxe.com\/es\/wp-json\/wp\/v2\/types\/product"}],"replies":[{"embeddable":true,"href":"https:\/\/www.gourmandisedeluxe.com\/es\/wp-json\/wp\/v2\/comments?post=22942"}],"version-history":[{"count":0,"href":"https:\/\/www.gourmandisedeluxe.com\/es\/wp-json\/wp\/v2\/product\/22942\/revisions"}],"wp:featuredmedia":[{"embeddable":true,"href":"https:\/\/www.gourmandisedeluxe.com\/es\/wp-json\/wp\/v2\/media\/24612"}],"wp:attachment":[{"href":"https:\/\/www.gourmandisedeluxe.com\/es\/wp-json\/wp\/v2\/media?parent=22942"}],"wp:term":[{"taxonomy":"product_brand","embeddable":true,"href":"https:\/\/www.gourmandisedeluxe.com\/es\/wp-json\/wp\/v2\/product_brand?post=22942"},{"taxonomy":"product_cat","embeddable":true,"href":"https:\/\/www.gourmandisedeluxe.com\/es\/wp-json\/wp\/v2\/product_cat?post=22942"},{"taxonomy":"product_tag","embeddable":true,"href":"https:\/\/www.gourmandisedeluxe.com\/es\/wp-json\/wp\/v2\/product_tag?post=22942"}],"curies":[{"name":"wp","href":"https:\/\/api.w.org\/{rel}","templated":true}]}}