{"id":22932,"date":"2025-05-12T15:07:22","date_gmt":"2025-05-12T13:07:22","guid":{"rendered":"https:\/\/www.gourmandisedeluxe.com\/?post_type=product&#038;p=22932"},"modified":"2026-04-22T15:13:13","modified_gmt":"2026-04-22T13:13:13","slug":"trio-de-anillos-de-espinela-de-caviar-kaspia-x-linda-fargo","status":"publish","type":"product","link":"https:\/\/www.gourmandisedeluxe.com\/es\/trio-bagues-spinelle-linda-fargo\/","title":{"rendered":"Tr\u00c3\u0192\u00c2\u00ado de anillos de espinela de Caviar Kaspia x Linda Fargo"},"content":{"rendered":"<p>La colaboraci\u00f3n entre <strong>Caviar Kaspia<\/strong> y <strong>Linda Fargo<\/strong> \u2014 ic\u00f4ne de la mode new-yorkaise et cr\u00e9atrice de bijoux en pierres fines \u2014 donne naissance \u00e0 une collection de bijoux en spinelle, pierre pr\u00e9cieuse rare et intense, travaill\u00e9e dans l&#8217;esprit minimaliste et raffin\u00e9 qui caract\u00e9rise le style Fargo. La spinelle, plus rare que le rubis et souvent confondue avec lui, est une gemme d&#8217;une beaut\u00e9 profonde aux reflets violac\u00e9s et rouges.<\/p>\n<p>Le <strong>Trio de Bagues en Spinelle by Caviar Kaspia x Linda Fargo<\/strong> est con\u00e7u pour \u00eatre port\u00e9 en superposition, \u00e0 la mani\u00e8re des \u00ab stacking rings \u00bb qui ont redefini le rapport aux bijoux de main depuis une d\u00e9cennie. Chaque bague est fin\u00e9e, pr\u00e9cise, dot\u00e9e d&#8217;une pierre de spinelle unique dans sa nuance. Port\u00e9es ensemble, elles forment un ensemble color\u00e9 et cohh\u00e9rent. Port\u00e9es s\u00e9par\u00e9ment, elles s&#8217;assemblent \u00e0 n&#8217;importe quelle bague de la collection. Propos\u00e9 \u00e0 <strong>117\u20ac<\/strong>.<\/p>\n<p>La pi\u00e8ce d&#8217;entr\u00e9e la plus accessible de la collaboration, id\u00e9ale en cadeau ou en premi\u00e8re acquisition. \u00c9dition limit\u00e9e.<\/p>","protected":false},"excerpt":{"rendered":"<p>Estos elegantes anillos est\u00e1n compuestos por <b>de piedras espinelas negras microfacetadas de 3 mm <\/b>y <strong>de<\/strong> <b>perlas texturizadas en oro de 14 quilates<\/b>. Fabricados con esmero con un el\u00e1stico a medida, estos anillos se pueden llevar individualmente o juntos. Lo atemporal se une a lo atrevido en estos anillos de espinela y oro.<\/p>\n<ul>\n<li>Aunque son resistentes al agua, recomendamos retirar estas piezas cuando la piedra espinela est\u00e9 expuesta a productos qu\u00edmicos agresivos o agua tratada.<\/li>\n<li>Anillas de la talla 7, con ajuste el\u00c3\u0192\u00c2\u00a1stico para garantizar el mejor ajuste posible.<\/li>\n<li>Dise\u00f1adas y producidas en Los \u00c1ngeles por mujeres.<\/li>\n<\/ul>\n<p>Le\u00a0<b>espinela negra<\/b>, a menudo confundido con el zafiro, es en realidad una gema \u00fanica con sus propias propiedades fascinantes.<\/p>\n<p>Esta enigm\u00e1tica piedra simboliza la protecci\u00f3n y la fuerza interior. Act\u00faa como un escudo contra las energ\u00edas negativas, reforzando tu confianza en ti mismo y tu espiritualidad. Si a veces tienes la cabeza en las nubes, la espinela negra te ayuda a mantener los pies en la tierra, favoreciendo el arraigo y la estabilidad. Adem\u00e1s, fomenta la concentraci\u00f3n y aporta una sensaci\u00f3n de seguridad.<\/p>\n<p>&nbsp;<\/p>","protected":false},"featured_media":24615,"comment_status":"open","ping_status":"closed","template":"","meta":[],"product_brand":[],"product_cat":[182],"product_tag":[],"class_list":{"0":"post-22932","1":"product","2":"type-product","3":"status-publish","4":"has-post-thumbnail","6":"product_cat-collections","8":"first","9":"instock","10":"taxable","11":"shipping-taxable","12":"purchasable","13":"product-type-simple"},"_links":{"self":[{"href":"https:\/\/www.gourmandisedeluxe.com\/es\/wp-json\/wp\/v2\/product\/22932","targetHints":{"allow":["GET"]}}],"collection":[{"href":"https:\/\/www.gourmandisedeluxe.com\/es\/wp-json\/wp\/v2\/product"}],"about":[{"href":"https:\/\/www.gourmandisedeluxe.com\/es\/wp-json\/wp\/v2\/types\/product"}],"replies":[{"embeddable":true,"href":"https:\/\/www.gourmandisedeluxe.com\/es\/wp-json\/wp\/v2\/comments?post=22932"}],"version-history":[{"count":0,"href":"https:\/\/www.gourmandisedeluxe.com\/es\/wp-json\/wp\/v2\/product\/22932\/revisions"}],"wp:featuredmedia":[{"embeddable":true,"href":"https:\/\/www.gourmandisedeluxe.com\/es\/wp-json\/wp\/v2\/media\/24615"}],"wp:attachment":[{"href":"https:\/\/www.gourmandisedeluxe.com\/es\/wp-json\/wp\/v2\/media?parent=22932"}],"wp:term":[{"taxonomy":"product_brand","embeddable":true,"href":"https:\/\/www.gourmandisedeluxe.com\/es\/wp-json\/wp\/v2\/product_brand?post=22932"},{"taxonomy":"product_cat","embeddable":true,"href":"https:\/\/www.gourmandisedeluxe.com\/es\/wp-json\/wp\/v2\/product_cat?post=22932"},{"taxonomy":"product_tag","embeddable":true,"href":"https:\/\/www.gourmandisedeluxe.com\/es\/wp-json\/wp\/v2\/product_tag?post=22932"}],"curies":[{"name":"wp","href":"https:\/\/api.w.org\/{rel}","templated":true}]}}