{"id":22555,"date":"2025-02-17T14:01:15","date_gmt":"2025-02-17T13:01:15","guid":{"rendered":"https:\/\/www.gourmandisedeluxe.com\/?post_type=product&#038;p=22555"},"modified":"2026-04-22T15:05:43","modified_gmt":"2026-04-22T13:05:43","slug":"set-bols-pomme-de-terre-kaspia-moda-domus","status":"publish","type":"product","link":"https:\/\/www.gourmandisedeluxe.com\/es\/set-bols-pomme-de-terre-kaspia-moda-domus\/","title":{"rendered":"Juego exclusivo de cuencos para patatas - Caviar Kaspia by Moda Domus"},"content":{"rendered":"<p>La Maison Kaspia et <strong>Moda Domus<\/strong> \u2014 manufacture italienne de c\u00e9ramiques d&#8217;art fond\u00e9e \u00e0 Deruta \u2014 ont imagin\u00e9 ensemble l&#8217;un des objets de table les plus inattendus et les plus d\u00e9licieux de la collection : le <strong>Set Exclusif de Bols Pomme de Terre<\/strong>. Un hommage en c\u00e9ramique peinte \u00e0 la main \u00e0 l&#8217;accord caviar-pomme de terre, l&#8217;un des grands classiques de la gastronomie Kaspia.<\/p>\n<p>Chaque bol est fa\u00e7onn\u00e9 \u00e0 la main dans l&#8217;atelier Moda Domus et peint \u00e0 la main selon les codes graphiques d\u00e9velopp\u00e9s en collaboration avec Kaspia. Le r\u00e9sultat est un objet artisanal unique \u2014 aucune pi\u00e8ce n&#8217;est strictement identique \u00e0 une autre \u2014 d&#8217;une beaut\u00e9 brute et d&#8217;une noblesse certaine. Le set est propos\u00e9 \u00e0 <strong>390\u20ac<\/strong>.<\/p>\n<p>Un objet de collection autant que de table, \u00e0 la fronti\u00e8re de l&#8217;artisanat d&#8217;art et de la gastronomie. Cadeau d&#8217;exception pour les amateurs de pi\u00e8ces uniques, de collaborations entre maisons de prestige, ou simplement pour les amoureux de la pomme de terre et du caviar qui appr\u00e9cient l&#8217;humour et l&#8217;esth\u00e9tique \u00e0 \u00e9galit\u00e9. \u00c9dition limit\u00e9e, stocks r\u00e9duits.<\/p>","protected":false},"excerpt":{"rendered":"<p>Caviar Kaspia se ha asociado con <strong>Moda Operandi<\/strong> para crear un <strong>Conjunto exclusivo de cuencos de cer\u00e1mica con forma de patata.<\/strong>entre los m\u00c3\u0192\u00c2\u00a1s vendidos.<\/p>\n<p data-start=\"556\" data-end=\"987\">Inspirado por el amor de <strong data-start=\"579\" data-end=\"603\">Lauren Santo Domingo<\/strong> para nuestro emblem\u00e1tico restaurante y su famosa patata asada rellena de crema fresca y caviar.<\/p>\n<p data-start=\"556\" data-end=\"987\">Este set, presentado en un estuche, incluye dos cuencos con forma de patata, fabricados en cer\u00e1mica cocida en estado poroso, conocida como <strong data-start=\"832\" data-end=\"843\">loza<\/strong>, y recubiertos con un revestimiento resistente al agua.  Se acompa\u00f1a de dos cucharas de n\u00e1car, perfectas para saborear su caviar favorito.<\/p>\n<p data-start=\"556\" data-end=\"987\">Dimensiones del cuenco: 10,8 cm * 6,4 cm * 5 cm<\/p>\n<p data-start=\"556\" data-end=\"987\">Fabricado en Italia<\/p>\n<p data-start=\"556\" data-end=\"987\">Lavado a mano<\/p>","protected":false},"featured_media":24453,"comment_status":"open","ping_status":"closed","template":"","meta":[],"product_brand":[],"product_cat":[104,193,142,182,143,110],"product_tag":[],"class_list":{"0":"post-22555","1":"product","2":"type-product","3":"status-publish","4":"has-post-thumbnail","6":"product_cat-accessoires-kaspia","7":"product_cat-ads_accessoires","8":"product_cat-arts-de-la-table-kaspia","9":"product_cat-collections","10":"product_cat-fetes-kaspia","11":"product_cat-nos-idees-cadeaux","13":"first","14":"instock","15":"taxable","16":"shipping-taxable","17":"purchasable","18":"product-type-simple"},"_links":{"self":[{"href":"https:\/\/www.gourmandisedeluxe.com\/es\/wp-json\/wp\/v2\/product\/22555","targetHints":{"allow":["GET"]}}],"collection":[{"href":"https:\/\/www.gourmandisedeluxe.com\/es\/wp-json\/wp\/v2\/product"}],"about":[{"href":"https:\/\/www.gourmandisedeluxe.com\/es\/wp-json\/wp\/v2\/types\/product"}],"replies":[{"embeddable":true,"href":"https:\/\/www.gourmandisedeluxe.com\/es\/wp-json\/wp\/v2\/comments?post=22555"}],"version-history":[{"count":0,"href":"https:\/\/www.gourmandisedeluxe.com\/es\/wp-json\/wp\/v2\/product\/22555\/revisions"}],"wp:featuredmedia":[{"embeddable":true,"href":"https:\/\/www.gourmandisedeluxe.com\/es\/wp-json\/wp\/v2\/media\/24453"}],"wp:attachment":[{"href":"https:\/\/www.gourmandisedeluxe.com\/es\/wp-json\/wp\/v2\/media?parent=22555"}],"wp:term":[{"taxonomy":"product_brand","embeddable":true,"href":"https:\/\/www.gourmandisedeluxe.com\/es\/wp-json\/wp\/v2\/product_brand?post=22555"},{"taxonomy":"product_cat","embeddable":true,"href":"https:\/\/www.gourmandisedeluxe.com\/es\/wp-json\/wp\/v2\/product_cat?post=22555"},{"taxonomy":"product_tag","embeddable":true,"href":"https:\/\/www.gourmandisedeluxe.com\/es\/wp-json\/wp\/v2\/product_tag?post=22555"}],"curies":[{"name":"wp","href":"https:\/\/api.w.org\/{rel}","templated":true}]}}