{"id":21766,"date":"2024-12-09T15:33:36","date_gmt":"2024-12-09T14:33:36","guid":{"rendered":"https:\/\/www.gourmandisedeluxe.com\/?post_type=product&#038;p=21766"},"modified":"2026-04-22T13:37:29","modified_gmt":"2026-04-22T11:37:29","slug":"champan-brut-prestige-maison-de-la-truffe-2","status":"publish","type":"product","link":"https:\/\/www.gourmandisedeluxe.com\/es\/champagne-brut-prestige-maison-de-la-truffe-2\/","title":{"rendered":"Champ\u00c3\u0192\u00c2\u00a1n Brut Prestige Maison de la Truffe 37,5cl"},"content":{"rendered":"<p>El Champagne Maison de la Truffe Brut Prestige en 37,5cl es el compa\u00f1ero ideal para peque\u00f1as celebraciones \u00edntimas y almuerzos para dos. Esta media botella concentra toda la calidad del coupage de la Maison de la Truffe en un formato generoso para dos copas de champ\u00e1n perfectas, sin sacrificar ni una gota de frescor ni de expresi\u00f3n arom\u00e1tica.<\/p>\n<p>En boca, el champ\u00e1n es aterciopelado y estructurado. Las burbujas perfectamente integradas sostienen un perfil afrutado -manzana, melocot\u00f3n blanco, c\u00edtricos- realzado por las notas bizcochadas t\u00edpicas de un champ\u00e1n cuidadosamente elaborado. La vivacidad del final se equilibra con un dulzor natural que lo hace accesible tanto como aperitivo como acompa\u00f1amiento de un postre de fruta blanca.<\/p>\n<p>Este formato de 37,5 cl es especialmente adecuado como regalo de empresa en un estuche gourmet, como regalo para celebrar la llegada de un beb\u00e9, como sorpresa de cumplea\u00f1os para un amigo, o simplemente como un momento de champ\u00e1n en una tarde entre semana sin tener que abrir una botella entera. Combina de maravilla con tarama trufada, nueces y almendras trufadas, o una peque\u00f1a loncha de foie gras.<\/p>\n<p>Tama\u00f1o: 37,5 cl. Servir entre 7\u00b0C y 9\u00b0C. Conservar en posici\u00f3n horizontal entre +10\u00b0C y +12\u00b0C.<\/p>","protected":false},"excerpt":{"rendered":"<p>Delicioso como aperitivo, el champ\u00e1n Maison de la Truffe tambi\u00e9n acompa\u00f1ar\u00e1 a la perfecci\u00f3n sus degustaciones de postres.<\/p>\n<p>En boca es especialmente aterciopelado, con burbujas perfectamente integradas, afrutado y muy persistente. El conjunto ofrece una estructura que combina vivacidad y complejidad arom\u00e1tica en torno a sabores afrutados y hermosas notas de sotobosque de gran distinci\u00f3n.<\/p>\n<p>Mezcla: 55% Pinot Meunier, 35% Chardonnay, 10% Pinot Noir<\/p>\n<p>Cantidad: 37,5 cl<\/p>\n<p>El abuso de alcohol es peligroso para la salud. Consuma con moderaci\u00f3n.<\/p>","protected":false},"featured_media":21767,"comment_status":"open","ping_status":"closed","template":"","meta":[],"product_brand":[],"product_cat":[69,67],"product_tag":[],"class_list":{"0":"post-21766","1":"product","2":"type-product","3":"status-publish","4":"has-post-thumbnail","6":"product_cat-a-lapero","7":"product_cat-fetes","9":"first","10":"instock","11":"taxable","12":"shipping-taxable","13":"purchasable","14":"product-type-simple"},"_links":{"self":[{"href":"https:\/\/www.gourmandisedeluxe.com\/es\/wp-json\/wp\/v2\/product\/21766","targetHints":{"allow":["GET"]}}],"collection":[{"href":"https:\/\/www.gourmandisedeluxe.com\/es\/wp-json\/wp\/v2\/product"}],"about":[{"href":"https:\/\/www.gourmandisedeluxe.com\/es\/wp-json\/wp\/v2\/types\/product"}],"replies":[{"embeddable":true,"href":"https:\/\/www.gourmandisedeluxe.com\/es\/wp-json\/wp\/v2\/comments?post=21766"}],"version-history":[{"count":0,"href":"https:\/\/www.gourmandisedeluxe.com\/es\/wp-json\/wp\/v2\/product\/21766\/revisions"}],"wp:featuredmedia":[{"embeddable":true,"href":"https:\/\/www.gourmandisedeluxe.com\/es\/wp-json\/wp\/v2\/media\/21767"}],"wp:attachment":[{"href":"https:\/\/www.gourmandisedeluxe.com\/es\/wp-json\/wp\/v2\/media?parent=21766"}],"wp:term":[{"taxonomy":"product_brand","embeddable":true,"href":"https:\/\/www.gourmandisedeluxe.com\/es\/wp-json\/wp\/v2\/product_brand?post=21766"},{"taxonomy":"product_cat","embeddable":true,"href":"https:\/\/www.gourmandisedeluxe.com\/es\/wp-json\/wp\/v2\/product_cat?post=21766"},{"taxonomy":"product_tag","embeddable":true,"href":"https:\/\/www.gourmandisedeluxe.com\/es\/wp-json\/wp\/v2\/product_tag?post=21766"}],"curies":[{"name":"wp","href":"https:\/\/api.w.org\/{rel}","templated":true}]}}