{"id":21724,"date":"2024-12-09T12:38:26","date_gmt":"2024-12-09T11:38:26","guid":{"rendered":"https:\/\/www.gourmandisedeluxe.com\/?post_type=product&#038;p=21724"},"modified":"2025-12-20T09:46:20","modified_gmt":"2025-12-20T08:46:20","slug":"kaspia-x-guest-in-residence-calcetines-de-cachemira-caviar","status":"publish","type":"product","link":"https:\/\/www.gourmandisedeluxe.com\/es\/chaussettes-cachemire-kaspia\/","title":{"rendered":"Calcetines de cachemira Caviar Kaspia x Guest in Residence"},"content":{"rendered":"<h2 class=\"font-heading text-2xl lg:text-4xl\">Invitado en residencia x Caviar Kaspia<\/h2>\n<div class=\"rte text-base mt-4 font-heading\">\n<p>Caviar Kaspia anuncia su primera colaboraci\u00f3n con Guest In Residence, la exclusiva marca de prendas de punto fundada por Gigi Hadid en 2022.<\/p>\n<p>La colaboraci\u00f3n en edici\u00f3n limitada incluye dos jers\u00e9is de cachemira 100 % y un par de calcetines, decorados con un distintivo dise\u00f1o inspirado en las cajas de caviar y los emblem\u00e1ticos mosaicos que se encuentran en las tiendas Kaspia de todo el mundo.<\/p>\n<p>Disponible en dos colores, el primero es un sofisticado gui\u00f1o al emblem\u00e1tico tono esmeralda de Caviar Kaspia, y el segundo es un intenso color crema. La exclusiva marca de cachemira de Gigi Hadid, Guest In Residence, se une ahora a la distinguida lista de colaboraciones de la Maison.<\/p>\n<p>&nbsp;<\/p>\n<\/div>","protected":false},"excerpt":{"rendered":"<p><strong>Detalles<\/strong><\/p>\n<ul>\n<li>Unisex<\/li>\n<li>Talla \u00c3\u0192\u00c2\u00banica<\/li>\n<li>Contraste de bloques de color<\/li>\n<li>100 % cachemira \u2013 Punto ligero<\/li>\n<li>Cachemira de alta calidad procedente de Mongolia Interior, fabricada en China.<\/li>\n<\/ul>","protected":false},"featured_media":24537,"comment_status":"open","ping_status":"closed","template":"","meta":[],"product_brand":[],"product_cat":[182,185],"product_tag":[],"class_list":{"0":"post-21724","1":"product","2":"type-product","3":"status-publish","4":"has-post-thumbnail","6":"product_cat-collections","7":"product_cat-noel-2025","9":"first","10":"instock","11":"taxable","12":"shipping-taxable","13":"purchasable","14":"product-type-simple"},"_links":{"self":[{"href":"https:\/\/www.gourmandisedeluxe.com\/es\/wp-json\/wp\/v2\/product\/21724","targetHints":{"allow":["GET"]}}],"collection":[{"href":"https:\/\/www.gourmandisedeluxe.com\/es\/wp-json\/wp\/v2\/product"}],"about":[{"href":"https:\/\/www.gourmandisedeluxe.com\/es\/wp-json\/wp\/v2\/types\/product"}],"replies":[{"embeddable":true,"href":"https:\/\/www.gourmandisedeluxe.com\/es\/wp-json\/wp\/v2\/comments?post=21724"}],"version-history":[{"count":0,"href":"https:\/\/www.gourmandisedeluxe.com\/es\/wp-json\/wp\/v2\/product\/21724\/revisions"}],"wp:featuredmedia":[{"embeddable":true,"href":"https:\/\/www.gourmandisedeluxe.com\/es\/wp-json\/wp\/v2\/media\/24537"}],"wp:attachment":[{"href":"https:\/\/www.gourmandisedeluxe.com\/es\/wp-json\/wp\/v2\/media?parent=21724"}],"wp:term":[{"taxonomy":"product_brand","embeddable":true,"href":"https:\/\/www.gourmandisedeluxe.com\/es\/wp-json\/wp\/v2\/product_brand?post=21724"},{"taxonomy":"product_cat","embeddable":true,"href":"https:\/\/www.gourmandisedeluxe.com\/es\/wp-json\/wp\/v2\/product_cat?post=21724"},{"taxonomy":"product_tag","embeddable":true,"href":"https:\/\/www.gourmandisedeluxe.com\/es\/wp-json\/wp\/v2\/product_tag?post=21724"}],"curies":[{"name":"wp","href":"https:\/\/api.w.org\/{rel}","templated":true}]}}