{"id":21400,"date":"2024-11-28T15:38:58","date_gmt":"2024-11-28T14:38:58","guid":{"rendered":"https:\/\/www.gourmandisedeluxe.com\/?post_type=product&#038;p=21400"},"modified":"2026-04-22T15:02:43","modified_gmt":"2026-04-22T13:02:43","slug":"plato-de-pan","status":"publish","type":"product","link":"https:\/\/www.gourmandisedeluxe.com\/es\/assiette-a-pain\/","title":{"rendered":"Plato para pan"},"content":{"rendered":"<p>La corbeille \u00e0 pain a longtemps \u00e9t\u00e9 le parent pauvre de la table gastronomique. L&#8217;<strong>Assiette \u00e0 Pain Kaspia<\/strong> lui rend sa dignit\u00e9 : format\u00e9e pour accueillir les tranches de pain de la corbeille, les beurres et les condiments de table, elle s&#8217;impose comme un \u00e9l\u00e9ment structurant d&#8217;une table dress\u00e9e avec soin.<\/p>\n<p>Son d\u00e9cor Kaspia discret et \u00e9l\u00e9gant s&#8217;int\u00e8gre sans effort dans un service de table existant tout en apportant une touche distinctive imm\u00e9diatement visible. \u00c0 <strong>18\u20ac<\/strong> l&#8217;unit\u00e9, elle est aussi une pi\u00e8ce facile \u00e0 multiplier pour habiller une grande table de f\u00eate sans budget excessif.<\/p>\n<p>Id\u00e9ale pour les d\u00eeners o\u00f9 le pain est un acteur \u00e0 part enti\u00e8re \u2014 ce qui est souvent le cas lorsque caviar, saumon fum\u00e9 ou foie gras sont au programme. Compose un cadeau de table sobre et fonctionnel, \u00e0 offrir seul ou en lot. Lavage \u00e0 la main recommand\u00e9.<\/p>","protected":false},"excerpt":{"rendered":"<p>Los art\u00edculos de mesa Kaspia est\u00e1n fabricados por Manufacture Royal Limoges, la f\u00e1brica m\u00e1s antigua de Limoges en activo y empresa del patrimonio vivo.<\/p>\n<p>La decoraci\u00f3n ha sido dise\u00f1ada en exclusiva para Kaspia y cada elemento cuenta con la garant\u00eda \u201cfabricado y decorado en Limoges\u201d.<\/p>\n<p>Porcelana de Limoges<br \/>\n16 cm<\/p>","protected":false},"featured_media":24459,"comment_status":"open","ping_status":"closed","template":"","meta":[],"product_brand":[],"product_cat":[142],"product_tag":[],"class_list":{"0":"post-21400","1":"product","2":"type-product","3":"status-publish","4":"has-post-thumbnail","6":"product_cat-arts-de-la-table-kaspia","8":"first","9":"instock","10":"taxable","11":"shipping-taxable","12":"purchasable","13":"product-type-simple"},"_links":{"self":[{"href":"https:\/\/www.gourmandisedeluxe.com\/es\/wp-json\/wp\/v2\/product\/21400","targetHints":{"allow":["GET"]}}],"collection":[{"href":"https:\/\/www.gourmandisedeluxe.com\/es\/wp-json\/wp\/v2\/product"}],"about":[{"href":"https:\/\/www.gourmandisedeluxe.com\/es\/wp-json\/wp\/v2\/types\/product"}],"replies":[{"embeddable":true,"href":"https:\/\/www.gourmandisedeluxe.com\/es\/wp-json\/wp\/v2\/comments?post=21400"}],"version-history":[{"count":0,"href":"https:\/\/www.gourmandisedeluxe.com\/es\/wp-json\/wp\/v2\/product\/21400\/revisions"}],"wp:featuredmedia":[{"embeddable":true,"href":"https:\/\/www.gourmandisedeluxe.com\/es\/wp-json\/wp\/v2\/media\/24459"}],"wp:attachment":[{"href":"https:\/\/www.gourmandisedeluxe.com\/es\/wp-json\/wp\/v2\/media?parent=21400"}],"wp:term":[{"taxonomy":"product_brand","embeddable":true,"href":"https:\/\/www.gourmandisedeluxe.com\/es\/wp-json\/wp\/v2\/product_brand?post=21400"},{"taxonomy":"product_cat","embeddable":true,"href":"https:\/\/www.gourmandisedeluxe.com\/es\/wp-json\/wp\/v2\/product_cat?post=21400"},{"taxonomy":"product_tag","embeddable":true,"href":"https:\/\/www.gourmandisedeluxe.com\/es\/wp-json\/wp\/v2\/product_tag?post=21400"}],"curies":[{"name":"wp","href":"https:\/\/api.w.org\/{rel}","templated":true}]}}