{"id":20747,"date":"2024-11-13T12:22:29","date_gmt":"2024-11-13T11:22:29","guid":{"rendered":"https:\/\/www.gourmandisedeluxe.com\/?post_type=product&#038;p=20747"},"modified":"2026-04-22T14:46:58","modified_gmt":"2026-04-22T12:46:58","slug":"sabores-de-trufa-negra","status":"publish","type":"product","link":"https:\/\/www.gourmandisedeluxe.com\/es\/les-saveurs-truffe-noire\/","title":{"rendered":"Aromas de trufa negra"},"content":{"rendered":"<p>La truffe noire dans ses expressions les plus accessibles et les plus d\u00e9licieuses \u2014 c&#8217;est la promesse du coffret <strong>Les Saveurs Truffe Noire<\/strong>. Con\u00e7u pour initier, s\u00e9duire ou confirmer, il rassemble une s\u00e9lection de produits truff\u00e9s emblematiques de la Maison de la Truffe, chacun choisi pour illustrer la polyvalence de la Tuber Melanosporum : en condiment, en ar\u00f4me de cuisson, en finisseur de plat.<\/p>\n<p>Compos\u00e9 avec soin pour offrir une d\u00e9couverte compl\u00e8te de l&#8217;univers de la truffe noire, ce coffret accompagne aussi bien le cuisinier amateur que le gastronome averti qui souhaire renouveler sa pant\u00e8re. Chaque produit a \u00e9t\u00e9 s\u00e9lectionn\u00e9 pour sa qualit\u00e9 et sa repr\u00e9sentativit\u00e9 de la gamme MDT. Propos\u00e9 \u00e0 <strong>33,50\u20ac<\/strong>, c&#8217;est l&#8217;un des meilleurs rapports qualit\u00e9-prix de notre catalogue cadeaux.<\/p>\n<p>Id\u00e9al pour initier un ami \u00e0 la truffe noire, pour compl\u00e9ter un repas festif d&#8217;une touche gastronomique, ou pour s&#8217;offrir un voyage aromatique sans quitter sa cuisine. Livr\u00e9 dans un emballage cadeau de la Maison, pr\u00eat \u00e0 offrir lors d&#8217;un anniversaire, d&#8217;un repas entre amis ou d&#8217;une f\u00eate de fin d&#8217;ann\u00e9e.<\/p>","protected":false},"excerpt":{"rendered":"<p>\u00a1Un estuche d\u00fao para descubrir todos los sabores de la trufa negra!<\/p>\n<ul>\n<li>Preparaci\u00f3n culinaria a base de aceite de oliva virgen extra aromatizado con trufa negra 100 ml<\/li>\n<li>Copos de sal con trufa negra 30 g<\/li>\n<\/ul>\n<p><em>Conservaci\u00f3n: En un lugar seco y fresco, protegido de la luz.<\/em><\/p>","protected":false},"featured_media":20978,"comment_status":"open","ping_status":"closed","template":"","meta":[],"product_brand":[],"product_cat":[153,185],"product_tag":[],"class_list":{"0":"post-20747","1":"product","2":"type-product","3":"status-publish","4":"has-post-thumbnail","6":"product_cat-coffrets-cadeaux-mdt","7":"product_cat-noel-2025","9":"first","10":"instock","11":"taxable","12":"shipping-taxable","13":"purchasable","14":"product-type-simple"},"_links":{"self":[{"href":"https:\/\/www.gourmandisedeluxe.com\/es\/wp-json\/wp\/v2\/product\/20747","targetHints":{"allow":["GET"]}}],"collection":[{"href":"https:\/\/www.gourmandisedeluxe.com\/es\/wp-json\/wp\/v2\/product"}],"about":[{"href":"https:\/\/www.gourmandisedeluxe.com\/es\/wp-json\/wp\/v2\/types\/product"}],"replies":[{"embeddable":true,"href":"https:\/\/www.gourmandisedeluxe.com\/es\/wp-json\/wp\/v2\/comments?post=20747"}],"version-history":[{"count":0,"href":"https:\/\/www.gourmandisedeluxe.com\/es\/wp-json\/wp\/v2\/product\/20747\/revisions"}],"wp:featuredmedia":[{"embeddable":true,"href":"https:\/\/www.gourmandisedeluxe.com\/es\/wp-json\/wp\/v2\/media\/20978"}],"wp:attachment":[{"href":"https:\/\/www.gourmandisedeluxe.com\/es\/wp-json\/wp\/v2\/media?parent=20747"}],"wp:term":[{"taxonomy":"product_brand","embeddable":true,"href":"https:\/\/www.gourmandisedeluxe.com\/es\/wp-json\/wp\/v2\/product_brand?post=20747"},{"taxonomy":"product_cat","embeddable":true,"href":"https:\/\/www.gourmandisedeluxe.com\/es\/wp-json\/wp\/v2\/product_cat?post=20747"},{"taxonomy":"product_tag","embeddable":true,"href":"https:\/\/www.gourmandisedeluxe.com\/es\/wp-json\/wp\/v2\/product_tag?post=20747"}],"curies":[{"name":"wp","href":"https:\/\/api.w.org\/{rel}","templated":true}]}}