{"id":20734,"date":"2024-11-13T12:22:51","date_gmt":"2024-11-13T11:22:51","guid":{"rendered":"https:\/\/www.gourmandisedeluxe.com\/?post_type=product&#038;p=20734"},"modified":"2026-04-22T14:48:49","modified_gmt":"2026-04-22T12:48:49","slug":"una-cena-festiva-a-base-de-trufas","status":"publish","type":"product","link":"https:\/\/www.gourmandisedeluxe.com\/es\/un-diner-de-fete-a-la-truffe\/","title":{"rendered":"Una cena festiva con trufas"},"content":{"rendered":"<p>Una cena festiva basada por completo en la trufa, desde el entrante hasta el postre, con todo lo necesario para que cada plato est\u00e9 a la altura de la ocasi\u00f3n: esa es la promesa de este estuche. <strong>Cena festiva con trufas<\/strong>. La selecci\u00f3n m\u00e1s generosa y completa del cat\u00e1logo de MDT, dise\u00f1ada para comensales exigentes que no hacen las cosas a medias.<\/p>\n<p>Aceites de acabado, condimentos de mesa, coadyuvantes de cocina, preparados listos para consumir... esta caja cubre toda la comida con una generosidad y una precisi\u00f3n que dan fe del cuidado puesto en su composici\u00f3n. Cada producto ha sido elegido por su nivel de excelencia y su complementariedad. Disponible en <strong>172\u20ac<\/strong>.<\/p>\n<p>El regalo gourmet definitivo para ocasiones especiales: cumplea\u00f1os importantes, celebraciones de fin de a\u00f1o, regalos de empresa de primera calidad o regalos para los amigos m\u00e1s sibaritas de su c\u00edrculo. No hay mejor forma de decir \u00abhe estado pensando en ti\u00bb que obsequi\u00e1ndoles con una cena completa. Entregado en la caja de regalo de la Casa, listo para regalar.<\/p>","protected":false},"excerpt":{"rendered":"<p>Un estuche para una cena festiva para dos personas con trufa de verano y trufa negra.<\/p>\n<ul>\n<li>Preparaci\u00f3n culinaria a base de aceite de oliva virgen extra aromatizado con trufa negra, 200 ml.<\/li>\n<li>Preparaci\u00f3n a base de sal gris de Gu\u00e9rande con trufa de verano 1% 100 g<\/li>\n<li>Tagliatelles con trufa de verano 250 g<\/li>\n<li>Crema de queso parmigiano reggiano con trufa de verano \u00e9% 90 g<\/li>\n<li>Ch\u00e2teau Lacombe Noaillac 2016 Burdeos tinto M\u00e9doc 75 cl<\/li>\n<li>Trufa de chocolate Trompe l'oeil 150 g<\/li>\n<li>Cuchillo Opinel Baroudeur n.\u00ba 6 Maison de la Truffe x Opinel<\/li>\n<\/ul>\n<p><em>Conservaci\u00f3n: En un lugar seco y fresco, protegido de la luz.<\/em><\/p>","protected":false},"featured_media":20735,"comment_status":"open","ping_status":"closed","template":"","meta":[],"product_brand":[],"product_cat":[153,185],"product_tag":[],"class_list":{"0":"post-20734","1":"product","2":"type-product","3":"status-publish","4":"has-post-thumbnail","6":"product_cat-coffrets-cadeaux-mdt","7":"product_cat-noel-2025","9":"first","10":"instock","11":"taxable","12":"shipping-taxable","13":"purchasable","14":"product-type-simple"},"_links":{"self":[{"href":"https:\/\/www.gourmandisedeluxe.com\/es\/wp-json\/wp\/v2\/product\/20734","targetHints":{"allow":["GET"]}}],"collection":[{"href":"https:\/\/www.gourmandisedeluxe.com\/es\/wp-json\/wp\/v2\/product"}],"about":[{"href":"https:\/\/www.gourmandisedeluxe.com\/es\/wp-json\/wp\/v2\/types\/product"}],"replies":[{"embeddable":true,"href":"https:\/\/www.gourmandisedeluxe.com\/es\/wp-json\/wp\/v2\/comments?post=20734"}],"version-history":[{"count":0,"href":"https:\/\/www.gourmandisedeluxe.com\/es\/wp-json\/wp\/v2\/product\/20734\/revisions"}],"wp:featuredmedia":[{"embeddable":true,"href":"https:\/\/www.gourmandisedeluxe.com\/es\/wp-json\/wp\/v2\/media\/20735"}],"wp:attachment":[{"href":"https:\/\/www.gourmandisedeluxe.com\/es\/wp-json\/wp\/v2\/media?parent=20734"}],"wp:term":[{"taxonomy":"product_brand","embeddable":true,"href":"https:\/\/www.gourmandisedeluxe.com\/es\/wp-json\/wp\/v2\/product_brand?post=20734"},{"taxonomy":"product_cat","embeddable":true,"href":"https:\/\/www.gourmandisedeluxe.com\/es\/wp-json\/wp\/v2\/product_cat?post=20734"},{"taxonomy":"product_tag","embeddable":true,"href":"https:\/\/www.gourmandisedeluxe.com\/es\/wp-json\/wp\/v2\/product_tag?post=20734"}],"curies":[{"name":"wp","href":"https:\/\/api.w.org\/{rel}","templated":true}]}}