{"id":20716,"date":"2024-11-12T12:18:19","date_gmt":"2024-11-12T11:18:19","guid":{"rendered":"https:\/\/www.gourmandisedeluxe.com\/?post_type=product&#038;p=20716"},"modified":"2026-04-22T14:47:54","modified_gmt":"2026-04-22T12:47:54","slug":"risotto-trufado-para-todos","status":"publish","type":"product","link":"https:\/\/www.gourmandisedeluxe.com\/es\/risotto-a-la-truffe-per-tutti\/","title":{"rendered":"Risotto con trufa para todos"},"content":{"rendered":"<p>El risotto es uno de los platos m\u00e1s nobles de la gastronom\u00eda italiana: t\u00e9cnica, paciencia, arroz, caldo... y la trufa que lo trasciende todo. Este estuche <strong>Risotto trufado per tutti<\/strong> est\u00e1 dise\u00f1ado para que esta experiencia sea accesible a todo el mundo, con todo lo necesario para preparar un risotto trufado digno de un restaurante gourmet en un solo envase.<\/p>\n<p>Arroz para risotto excepcional, caldo concentrado de calidad, productos trufados seleccionados por la Casa para el acabado: cada componente del conjunto ha sido elegido por su coherencia con los dem\u00e1s y por la facilidad de su elaboraci\u00f3n. Disponible en <strong>74\u20ac<\/strong>, Se trata de una de las cajas m\u00e1s completas y pr\u00e1cticas de nuestro cat\u00e1logo.<\/p>\n<p>Un regalo ideal para los amantes de la cocina italiana a los que les gusta cocinar sin complicaciones, para las parejas a las que les gusta pasar una tarde juntos en la cocina o para cualquier cocinero aficionado que sue\u00f1e con el risotto de trufa perfecto. Se entrega en el emblem\u00e1tico envase de la Maison de la Truffe.<\/p>","protected":false},"excerpt":{"rendered":"<p>Lo esencial para preparar un risotto con trufa para 4 personas, \u00a1en casa!<\/p>\n<ul>\n<li>Risotto con trufa de verano 240 g<\/li>\n<li>Preparaci\u00f3n culinaria a base de aceite de oliva virgen extra aromatizado con trufa negra, 200 ml.<\/li>\n<li>Crema de pecorino con trufa de verano 180 g<\/li>\n<\/ul>","protected":false},"featured_media":20717,"comment_status":"open","ping_status":"closed","template":"","meta":[],"product_brand":[],"product_cat":[153,185],"product_tag":[],"class_list":{"0":"post-20716","1":"product","2":"type-product","3":"status-publish","4":"has-post-thumbnail","6":"product_cat-coffrets-cadeaux-mdt","7":"product_cat-noel-2025","9":"first","10":"instock","11":"taxable","12":"shipping-taxable","13":"purchasable","14":"product-type-simple"},"_links":{"self":[{"href":"https:\/\/www.gourmandisedeluxe.com\/es\/wp-json\/wp\/v2\/product\/20716","targetHints":{"allow":["GET"]}}],"collection":[{"href":"https:\/\/www.gourmandisedeluxe.com\/es\/wp-json\/wp\/v2\/product"}],"about":[{"href":"https:\/\/www.gourmandisedeluxe.com\/es\/wp-json\/wp\/v2\/types\/product"}],"replies":[{"embeddable":true,"href":"https:\/\/www.gourmandisedeluxe.com\/es\/wp-json\/wp\/v2\/comments?post=20716"}],"version-history":[{"count":0,"href":"https:\/\/www.gourmandisedeluxe.com\/es\/wp-json\/wp\/v2\/product\/20716\/revisions"}],"wp:featuredmedia":[{"embeddable":true,"href":"https:\/\/www.gourmandisedeluxe.com\/es\/wp-json\/wp\/v2\/media\/20717"}],"wp:attachment":[{"href":"https:\/\/www.gourmandisedeluxe.com\/es\/wp-json\/wp\/v2\/media?parent=20716"}],"wp:term":[{"taxonomy":"product_brand","embeddable":true,"href":"https:\/\/www.gourmandisedeluxe.com\/es\/wp-json\/wp\/v2\/product_brand?post=20716"},{"taxonomy":"product_cat","embeddable":true,"href":"https:\/\/www.gourmandisedeluxe.com\/es\/wp-json\/wp\/v2\/product_cat?post=20716"},{"taxonomy":"product_tag","embeddable":true,"href":"https:\/\/www.gourmandisedeluxe.com\/es\/wp-json\/wp\/v2\/product_tag?post=20716"}],"curies":[{"name":"wp","href":"https:\/\/api.w.org\/{rel}","templated":true}]}}