{"id":20636,"date":"2024-10-31T11:14:24","date_gmt":"2024-10-31T10:14:24","guid":{"rendered":"https:\/\/www.gourmandisedeluxe.com\/?post_type=product&#038;p=20636"},"modified":"2026-04-22T14:46:03","modified_gmt":"2026-04-22T12:46:03","slug":"estuche-maison-de-la-truffe-x-opinel","status":"publish","type":"product","link":"https:\/\/www.gourmandisedeluxe.com\/es\/coffret-maison-de-la-truffe-x-opinel\/","title":{"rendered":"Estuche Maison de la Truffe x Opinel"},"content":{"rendered":"<p>La Maison de la Truffe et <strong>Opinel<\/strong> \u2014 l&#8217;un des couteliers les plus ic\u00f4niques de France depuis 1890 \u2014 s&#8217;associent pour offrir un coffret d&#8217;exception qui r\u00e9unit deux savoir-faire artisanaux fran\u00e7ais dans un seul objet. Le <strong>Estuche Maison de la Truffe x Opinel<\/strong> est une \u00e9dition limit\u00e9e qui associe un couteau Opinel soigneusement choisi \u00e0 une s\u00e9lection de produits truff\u00e9s de la Maison.<\/p>\n<p>Le couteau Opinel \u2014 intemporel, \u00e9l\u00e9gant, pr\u00e9cis \u2014 est l&#8217;outil id\u00e9al pour trancher la truffe, \u00e9mincer finement une lamelle sur un plat, ou simplement profiter d&#8217;un pique-nique gastronomique avec style. Les produits de la Maison qui l&#8217;accompagnent ont \u00e9t\u00e9 s\u00e9lectionn\u00e9s pour leur compl\u00e9mentarit\u00e9 avec le couteau et leur capacit\u00e9 \u00e0 composer un moment gourmand complet. Propos\u00e9 \u00e0 <strong>55\u20ac<\/strong>.<\/p>\n<p>Un cadeau f\u00e9d\u00e9rateur qui s&#8217;adresse aussi bien aux passionn\u00e9s de truffe qu&#8217;aux amoureux du bel objet fran\u00e7ais. Id\u00e9al pour un anniversaire, une f\u00eate des p\u00e8res ou des m\u00e8res, un cadeau d&#8217;entreprise artisan ou une inauguration de belle cuisine. Une collaboration qui incarne parfaitement les valeurs partag\u00e9es des deux maisons : excellence, tradition et amour du terroir fran\u00e7ais.<\/p>","protected":false},"excerpt":{"rendered":"<p>La Maison de la Truffe y Opinel han creado una caja especial para estas fiestas que re\u00fane sus respectivos universos, combinando un cuchillo Opinel de edici\u00f3n limitada y una generosa trufa de chocolate para compartir. Dentro de una elegante caja encontrar\u00e1s un Opinel N.\u00ba 06, un precioso objeto para conservar con mimo, y una deliciosa trufa de chocolate de 250 g con efecto trampantojo para degustar con glotoner\u00eda.<\/p>\n<p>Informaci\u00f3n adicional para los amantes del chocolate y los especialistas en Opinel:<\/p>\n<p>Una generosa trufa de chocolate de 150 g con efecto \u00f3ptico, un gran cru de M\u00e9xico para la cobertura y una mezcla en el interior de gianduja y pralin\u00e9 con trocitos de pistachos caramelizados. Una creaci\u00f3n de nuestro chocolatero, Pascal Brunstein, uno de los Mejores Obreros de Francia Chocolateros. \u00a1Delicioso!<\/p>\n<p>Un cuchillo N.\u00ba 06, con su anillo de seguridad, su mango de madera de carpe te\u00f1ida de negro con el logotipo dorado de La Maison de la Truffe y su pr\u00e1ctica correa de cuero. Se trata de un N.\u00ba 06 aventurero para especialistas. El cuchillo se presenta en un elegante estuche de ante negro con el logotipo de Opinel. \u00a1Simplemente \u00fanico! Perfecto para compartir nuestra generosa trufa de chocolate y para conservar cuidadosamente para mil y un usos m\u00e1s.<\/p>\n<p>Un estuche que rinde homenaje a dos hermosas casas francesas hist\u00f3ricas, familiares y tradicionales que comparten la perpetuaci\u00f3n de un reconocido saber hacer franc\u00e9s.<\/p>\n<p><em>Trufa que debe conservarse entre 15 y 18 \u00b0C.<\/em><\/p>\n<p><em>Fecha de caducidad: 3 meses<br \/>\n<\/em><em>Al\u00e9rgenos: Leche, frutos secos, soja.<\/em><\/p>","protected":false},"featured_media":20650,"comment_status":"open","ping_status":"closed","template":"","meta":[],"product_brand":[],"product_cat":[153],"product_tag":[],"class_list":{"0":"post-20636","1":"product","2":"type-product","3":"status-publish","4":"has-post-thumbnail","6":"product_cat-coffrets-cadeaux-mdt","8":"first","9":"instock","10":"taxable","11":"shipping-taxable","12":"purchasable","13":"product-type-simple"},"_links":{"self":[{"href":"https:\/\/www.gourmandisedeluxe.com\/es\/wp-json\/wp\/v2\/product\/20636","targetHints":{"allow":["GET"]}}],"collection":[{"href":"https:\/\/www.gourmandisedeluxe.com\/es\/wp-json\/wp\/v2\/product"}],"about":[{"href":"https:\/\/www.gourmandisedeluxe.com\/es\/wp-json\/wp\/v2\/types\/product"}],"replies":[{"embeddable":true,"href":"https:\/\/www.gourmandisedeluxe.com\/es\/wp-json\/wp\/v2\/comments?post=20636"}],"version-history":[{"count":0,"href":"https:\/\/www.gourmandisedeluxe.com\/es\/wp-json\/wp\/v2\/product\/20636\/revisions"}],"wp:featuredmedia":[{"embeddable":true,"href":"https:\/\/www.gourmandisedeluxe.com\/es\/wp-json\/wp\/v2\/media\/20650"}],"wp:attachment":[{"href":"https:\/\/www.gourmandisedeluxe.com\/es\/wp-json\/wp\/v2\/media?parent=20636"}],"wp:term":[{"taxonomy":"product_brand","embeddable":true,"href":"https:\/\/www.gourmandisedeluxe.com\/es\/wp-json\/wp\/v2\/product_brand?post=20636"},{"taxonomy":"product_cat","embeddable":true,"href":"https:\/\/www.gourmandisedeluxe.com\/es\/wp-json\/wp\/v2\/product_cat?post=20636"},{"taxonomy":"product_tag","embeddable":true,"href":"https:\/\/www.gourmandisedeluxe.com\/es\/wp-json\/wp\/v2\/product_tag?post=20636"}],"curies":[{"name":"wp","href":"https:\/\/api.w.org\/{rel}","templated":true}]}}