{"id":20393,"date":"2024-10-14T17:40:00","date_gmt":"2024-10-14T15:40:00","guid":{"rendered":"https:\/\/www.gourmandisedeluxe.com\/?post_type=product&#038;p=20393"},"modified":"2026-04-22T15:15:59","modified_gmt":"2026-04-22T13:15:59","slug":"sudadera-con-cremallera-melgaard-mezcla-de-grises","status":"publish","type":"product","link":"https:\/\/www.gourmandisedeluxe.com\/es\/melgaard-zip-hoodie-grey-mix\/","title":{"rendered":"Sudadera con cremallera Melgaard Grey Mix"},"content":{"rendered":"<p><strong>Bjarne Melgaard<\/strong> es un artista noruego contempor\u00e1neo afincado en Nueva York, famoso por sus provocadoras obras y sus colaboraciones con importantes marcas de moda y lujo. La colaboraci\u00f3n Melgaard x Kaspia ha dado lugar a una l\u00ednea de ropa y accesorios en la que la iconograf\u00eda del artista interact\u00faa con los c\u00f3digos visuales de Kaspia.<\/p>\n<p>Le <strong>Sudadera con cremallera Melgaard Grey Mix<\/strong> est la version sweatshirt \u00e0 capuche zippe\u0301e de la collection \u2014 une pi\u00e8ce polyvalente en coton lourd premium dans un m\u00e9lange de gris dont les tons se marient naturellement avec l&#8217;imprim\u00e9 Melgaard x Kaspia appliqu\u00e9 sur le dos et la poitrine. La fermeture \u00e9clair permet une modularit\u00e9 suppl\u00e9mentaire : ouvert sur une chemise, ferm\u00e9 seul, ou attach\u00e9 autour des hanches. Propos\u00e9 \u00e0 <strong>350\u20ac<\/strong>.<\/p>\n<p>\u00c9dition limit\u00e9e. Pour les amateurs de streetwear artistique et premium. Lavage \u00e0 30\u00b0.<\/p>","protected":false},"excerpt":{"rendered":"<p>Corte informal<br \/>\nCap\u00c3\u0192\u00c2\u00b3<br \/>\nCierre de cremallera en la parte delantera<br \/>\nBordado<br \/>\nHombros ca\u00eddos<br \/>\nBolsa canguro<\/p>\n<p>Esta pieza \u00fanica forma parte de una colecci\u00f3n c\u00e1psula que hemos creado en colaboraci\u00f3n con el artista noruego Bjarne Melgaard y que se present\u00f3 en Caviar Kaspia, en Par\u00eds. El\u00a0<strong>Sudadera con cremallera Melgaard<\/strong>\u00a0Est\u00e1 decorado con el personaje \u201cMr Caviar\u201d, un motivo de la colecci\u00f3n. Est\u00e1 dise\u00f1ado con un corte informal, hombros ca\u00eddos y un bolsillo canguro.<\/p>","protected":false},"featured_media":24573,"comment_status":"open","ping_status":"closed","template":"","meta":[],"product_brand":[],"product_cat":[182],"product_tag":[],"class_list":{"0":"post-20393","1":"product","2":"type-product","3":"status-publish","4":"has-post-thumbnail","6":"product_cat-collections","8":"first","9":"outofstock","10":"taxable","11":"shipping-taxable","12":"purchasable","13":"product-type-variable"},"_links":{"self":[{"href":"https:\/\/www.gourmandisedeluxe.com\/es\/wp-json\/wp\/v2\/product\/20393","targetHints":{"allow":["GET"]}}],"collection":[{"href":"https:\/\/www.gourmandisedeluxe.com\/es\/wp-json\/wp\/v2\/product"}],"about":[{"href":"https:\/\/www.gourmandisedeluxe.com\/es\/wp-json\/wp\/v2\/types\/product"}],"replies":[{"embeddable":true,"href":"https:\/\/www.gourmandisedeluxe.com\/es\/wp-json\/wp\/v2\/comments?post=20393"}],"version-history":[{"count":0,"href":"https:\/\/www.gourmandisedeluxe.com\/es\/wp-json\/wp\/v2\/product\/20393\/revisions"}],"wp:featuredmedia":[{"embeddable":true,"href":"https:\/\/www.gourmandisedeluxe.com\/es\/wp-json\/wp\/v2\/media\/24573"}],"wp:attachment":[{"href":"https:\/\/www.gourmandisedeluxe.com\/es\/wp-json\/wp\/v2\/media?parent=20393"}],"wp:term":[{"taxonomy":"product_brand","embeddable":true,"href":"https:\/\/www.gourmandisedeluxe.com\/es\/wp-json\/wp\/v2\/product_brand?post=20393"},{"taxonomy":"product_cat","embeddable":true,"href":"https:\/\/www.gourmandisedeluxe.com\/es\/wp-json\/wp\/v2\/product_cat?post=20393"},{"taxonomy":"product_tag","embeddable":true,"href":"https:\/\/www.gourmandisedeluxe.com\/es\/wp-json\/wp\/v2\/product_tag?post=20393"}],"curies":[{"name":"wp","href":"https:\/\/api.w.org\/{rel}","templated":true}]}}