{"id":20389,"date":"2024-10-14T17:37:05","date_gmt":"2024-10-14T15:37:05","guid":{"rendered":"https:\/\/www.gourmandisedeluxe.com\/?post_type=product&#038;p=20389"},"modified":"2026-04-22T15:15:59","modified_gmt":"2026-04-22T13:15:59","slug":"melgaard-tee-white","status":"publish","type":"product","link":"https:\/\/www.gourmandisedeluxe.com\/es\/melgaard-tee-white\/","title":{"rendered":"Melgaard Tee Blanco"},"content":{"rendered":"<p><strong>Bjarne Melgaard<\/strong> es un artista noruego contempor\u00e1neo afincado en Nueva York, famoso por sus provocadoras obras y sus colaboraciones con importantes marcas de moda y lujo. La colaboraci\u00f3n Melgaard x Kaspia ha dado lugar a una l\u00ednea de ropa y accesorios en la que la iconograf\u00eda del artista interact\u00faa con los c\u00f3digos visuales de Kaspia.<\/p>\n<p>Le <strong>Melgaard Tee Blanco<\/strong> est la pi\u00e8ce d&#8217;entr\u00e9e dans la collaboration : un t-shirt en coton premium, coupe oversize contemp\u00f3raine, dont la face avant est imprim\u00e9e d&#8217;un motif exclusif co-cr\u00e9\u00e9 par Bjarne Melgaard et Kaspia. Le blanc du fond fait ressortir les couleurs et le graphisme de l&#8217;imprim\u00e9 avec une intensit\u00e9 maximale. Propos\u00e9 \u00e0 <strong>170\u20ac<\/strong>.<\/p>\n<p>\u00c9dition limit\u00e9e. Pour les amateurs d&#8217;art, de mode et de collaborations exclusives entre artistes et maisons de prestige. Lavage \u00e0 30\u00b0 sur l&#8217;envers.<\/p>","protected":false},"excerpt":{"rendered":"<p>Corte informal<br \/>\nCuello redondo<br \/>\nHombros ca\u00eddos<\/p>\n<p>Esta pieza \u00fanica forma parte de una colecci\u00f3n c\u00e1psula que hemos creado en colaboraci\u00f3n con el artista noruego Bjarne Melgaard y Holzweiler. El\u00a0<strong>Camiseta Melgaard<\/strong>\u00a0Est\u00e1 decorado con el motivo \u201cMr Caviar\u201d, emblema de la colecci\u00f3n. Est\u00e1 dise\u00f1ado con cuello redondo y corte holgado.<\/p>","protected":false},"featured_media":24576,"comment_status":"open","ping_status":"closed","template":"","meta":[],"product_brand":[],"product_cat":[182,185],"product_tag":[],"class_list":{"0":"post-20389","1":"product","2":"type-product","3":"status-publish","4":"has-post-thumbnail","6":"product_cat-collections","7":"product_cat-noel-2025","9":"first","10":"instock","11":"taxable","12":"shipping-taxable","13":"purchasable","14":"product-type-variable"},"_links":{"self":[{"href":"https:\/\/www.gourmandisedeluxe.com\/es\/wp-json\/wp\/v2\/product\/20389","targetHints":{"allow":["GET"]}}],"collection":[{"href":"https:\/\/www.gourmandisedeluxe.com\/es\/wp-json\/wp\/v2\/product"}],"about":[{"href":"https:\/\/www.gourmandisedeluxe.com\/es\/wp-json\/wp\/v2\/types\/product"}],"replies":[{"embeddable":true,"href":"https:\/\/www.gourmandisedeluxe.com\/es\/wp-json\/wp\/v2\/comments?post=20389"}],"version-history":[{"count":0,"href":"https:\/\/www.gourmandisedeluxe.com\/es\/wp-json\/wp\/v2\/product\/20389\/revisions"}],"wp:featuredmedia":[{"embeddable":true,"href":"https:\/\/www.gourmandisedeluxe.com\/es\/wp-json\/wp\/v2\/media\/24576"}],"wp:attachment":[{"href":"https:\/\/www.gourmandisedeluxe.com\/es\/wp-json\/wp\/v2\/media?parent=20389"}],"wp:term":[{"taxonomy":"product_brand","embeddable":true,"href":"https:\/\/www.gourmandisedeluxe.com\/es\/wp-json\/wp\/v2\/product_brand?post=20389"},{"taxonomy":"product_cat","embeddable":true,"href":"https:\/\/www.gourmandisedeluxe.com\/es\/wp-json\/wp\/v2\/product_cat?post=20389"},{"taxonomy":"product_tag","embeddable":true,"href":"https:\/\/www.gourmandisedeluxe.com\/es\/wp-json\/wp\/v2\/product_tag?post=20389"}],"curies":[{"name":"wp","href":"https:\/\/api.w.org\/{rel}","templated":true}]}}