{"id":20386,"date":"2024-10-14T17:35:17","date_gmt":"2024-10-14T15:35:17","guid":{"rendered":"https:\/\/www.gourmandisedeluxe.com\/?post_type=product&#038;p=20386"},"modified":"2026-04-22T15:15:59","modified_gmt":"2026-04-22T13:15:59","slug":"melgaard-fine-scarf-xl-off-white","status":"publish","type":"product","link":"https:\/\/www.gourmandisedeluxe.com\/es\/melgaard-fine-scarf-xl-off-white\/","title":{"rendered":"Melgaard Bufanda Fina XL Off White"},"content":{"rendered":"<p><strong>Bjarne Melgaard<\/strong> es un artista noruego contempor\u00e1neo afincado en Nueva York, famoso por sus provocadoras obras y sus colaboraciones con importantes marcas de moda y lujo. La colaboraci\u00f3n Melgaard x Kaspia ha dado lugar a una l\u00ednea de ropa y accesorios en la que la iconograf\u00eda del artista interact\u00faa con los c\u00f3digos visuales de Kaspia.<\/p>\n<p>L\u2019<strong>\u00c9charpe XL Melgaard Off White<\/strong> est la grande version blanc cass\u00e9 de la collection \u2014 les m\u00eames dimensions g\u00e9n\u00e9reuses pour un drapage ample, le m\u00eame imprim\u00e9 Melgaard x Kaspia dont les motifs graphiques se d\u00e9ploient avec encore plus d&#8217;espace et d&#8217;impact dans ce grand format. Propos\u00e9e \u00e0 <strong>290\u20ac<\/strong>.<\/p>\n<p>\u00c9dition limit\u00e9e. Un accessoire \u00e0 la fois artistique et fonctionnel, pour les garde-robes exigeantes.<\/p>","protected":false},"excerpt":{"rendered":"<p>Tama\u00c3\u0192\u00c2\u00b1o: 140\u00c3\u0192\u00e2\u20ac\u201d140 cm<br \/>\nBordes con flecos<br \/>\nImpresi\u00f3n digital<\/p>\n<p>Esta pieza \u00fanica forma parte de una colecci\u00f3n c\u00e1psula que hemos creado en colaboraci\u00f3n con el artista noruego Bjarne Melgaard y Holzweiler. El\u00a0<strong>Pa\u00c3\u0192\u00c2\u00b1uelo Melgaard XL<\/strong>\u00a0Est\u00e1 confeccionado en seda con bordes con flecos y est\u00e1 estampado digitalmente con una obra de arte creada por Melgaard para esta colaboraci\u00f3n.<\/p>","protected":false},"featured_media":24626,"comment_status":"open","ping_status":"closed","template":"","meta":[],"product_brand":[],"product_cat":[182,185],"product_tag":[],"class_list":{"0":"post-20386","1":"product","2":"type-product","3":"status-publish","4":"has-post-thumbnail","6":"product_cat-collections","7":"product_cat-noel-2025","9":"first","10":"instock","11":"taxable","12":"shipping-taxable","13":"purchasable","14":"product-type-simple"},"_links":{"self":[{"href":"https:\/\/www.gourmandisedeluxe.com\/es\/wp-json\/wp\/v2\/product\/20386","targetHints":{"allow":["GET"]}}],"collection":[{"href":"https:\/\/www.gourmandisedeluxe.com\/es\/wp-json\/wp\/v2\/product"}],"about":[{"href":"https:\/\/www.gourmandisedeluxe.com\/es\/wp-json\/wp\/v2\/types\/product"}],"replies":[{"embeddable":true,"href":"https:\/\/www.gourmandisedeluxe.com\/es\/wp-json\/wp\/v2\/comments?post=20386"}],"version-history":[{"count":0,"href":"https:\/\/www.gourmandisedeluxe.com\/es\/wp-json\/wp\/v2\/product\/20386\/revisions"}],"wp:featuredmedia":[{"embeddable":true,"href":"https:\/\/www.gourmandisedeluxe.com\/es\/wp-json\/wp\/v2\/media\/24626"}],"wp:attachment":[{"href":"https:\/\/www.gourmandisedeluxe.com\/es\/wp-json\/wp\/v2\/media?parent=20386"}],"wp:term":[{"taxonomy":"product_brand","embeddable":true,"href":"https:\/\/www.gourmandisedeluxe.com\/es\/wp-json\/wp\/v2\/product_brand?post=20386"},{"taxonomy":"product_cat","embeddable":true,"href":"https:\/\/www.gourmandisedeluxe.com\/es\/wp-json\/wp\/v2\/product_cat?post=20386"},{"taxonomy":"product_tag","embeddable":true,"href":"https:\/\/www.gourmandisedeluxe.com\/es\/wp-json\/wp\/v2\/product_tag?post=20386"}],"curies":[{"name":"wp","href":"https:\/\/api.w.org\/{rel}","templated":true}]}}