{"id":20273,"date":"2024-09-16T15:44:57","date_gmt":"2024-09-16T13:44:57","guid":{"rendered":"https:\/\/www.gourmandisedeluxe.com\/?post_type=product&#038;p=20273"},"modified":"2026-04-22T15:15:59","modified_gmt":"2026-04-22T13:15:59","slug":"jersey-azul-huesped-residente-x-caviar-kaspia","status":"publish","type":"product","link":"https:\/\/www.gourmandisedeluxe.com\/es\/pull-bleu-guest-in-residence-x-caviar-kaspia\/","title":{"rendered":"Invitado en Residencia x Caviar Kaspia jersey azul"},"content":{"rendered":"<p><strong>Guest in Residence<\/strong> x <strong>Caviar Kaspia<\/strong> en coloris bleu : le m\u00eame pull en cachemire pur d&#8217;une qualit\u00e9 irr\u00e9prochable, dans ce <strong>Pull Bleu<\/strong> aux tons profonds et marins qui \u00e9voquent la palette signature de la Maison Kaspia. La broderie Kaspia, discrte et pr\u00e9cise, signe la poitrine sans en dominer l&#8217;esth\u00e9tique. Une pi\u00e8ce de knitwear de luxe \u00e0 porter saison apr\u00e8s saison. Propos\u00e9 \u00e0 <strong>700\u20ac<\/strong>.<\/p>\n<p>\u00c9dition limit\u00e9e, livr\u00e9 dans son emballage double signature. Lavage \u00e0 la main \u00e0 l&#8217;eau froide, s\u00e9chage \u00e0 plat.<\/p>","protected":false},"excerpt":{"rendered":"<p><span class=\"Y2IQFc\" lang=\"fr\">Un jersey 100% de cachemira decorado con un motivo gr\u00e1fico inspirado en las ic\u00f3nicas cajas de caviar y los mosaicos que se encuentran en las tiendas Kaspia de todo el mundo.<\/span><\/p>\n<p><span class=\"Y2IQFc\" lang=\"fr\"> Instrucciones: Lavar a mano con agua fr\u00eda. No utilizar lej\u00eda. Dejar secar en horizontal a la sombra. <\/span><\/p>","protected":false},"featured_media":24564,"comment_status":"open","ping_status":"closed","template":"","meta":[],"product_brand":[],"product_cat":[182,185],"product_tag":[],"class_list":{"0":"post-20273","1":"product","2":"type-product","3":"status-publish","4":"has-post-thumbnail","6":"product_cat-collections","7":"product_cat-noel-2025","9":"first","10":"instock","11":"taxable","12":"shipping-taxable","13":"purchasable","14":"product-type-variable"},"_links":{"self":[{"href":"https:\/\/www.gourmandisedeluxe.com\/es\/wp-json\/wp\/v2\/product\/20273","targetHints":{"allow":["GET"]}}],"collection":[{"href":"https:\/\/www.gourmandisedeluxe.com\/es\/wp-json\/wp\/v2\/product"}],"about":[{"href":"https:\/\/www.gourmandisedeluxe.com\/es\/wp-json\/wp\/v2\/types\/product"}],"replies":[{"embeddable":true,"href":"https:\/\/www.gourmandisedeluxe.com\/es\/wp-json\/wp\/v2\/comments?post=20273"}],"version-history":[{"count":0,"href":"https:\/\/www.gourmandisedeluxe.com\/es\/wp-json\/wp\/v2\/product\/20273\/revisions"}],"wp:featuredmedia":[{"embeddable":true,"href":"https:\/\/www.gourmandisedeluxe.com\/es\/wp-json\/wp\/v2\/media\/24564"}],"wp:attachment":[{"href":"https:\/\/www.gourmandisedeluxe.com\/es\/wp-json\/wp\/v2\/media?parent=20273"}],"wp:term":[{"taxonomy":"product_brand","embeddable":true,"href":"https:\/\/www.gourmandisedeluxe.com\/es\/wp-json\/wp\/v2\/product_brand?post=20273"},{"taxonomy":"product_cat","embeddable":true,"href":"https:\/\/www.gourmandisedeluxe.com\/es\/wp-json\/wp\/v2\/product_cat?post=20273"},{"taxonomy":"product_tag","embeddable":true,"href":"https:\/\/www.gourmandisedeluxe.com\/es\/wp-json\/wp\/v2\/product_tag?post=20273"}],"curies":[{"name":"wp","href":"https:\/\/api.w.org\/{rel}","templated":true}]}}