{"id":20258,"date":"2024-09-16T15:21:20","date_gmt":"2024-09-16T13:21:20","guid":{"rendered":"https:\/\/www.gourmandisedeluxe.com\/?post_type=product&#038;p=20258"},"modified":"2026-04-22T15:12:13","modified_gmt":"2026-04-22T13:12:13","slug":"collar-begum-x-kaspia","status":"publish","type":"product","link":"https:\/\/www.gourmandisedeluxe.com\/es\/collier-begum-x-kaspia\/","title":{"rendered":"Collar Beg\u00fcm x Kaspia"},"content":{"rendered":"<p>La colaboraci\u00f3n entre <strong>Caviar Kaspia<\/strong> y <strong>B\u00e9g\u00fcm Khan<\/strong> - dise\u00f1adora de joyas parisina famosa por sus piezas maximalistas hechas a mano en plata dorada y piedras semipreciosas- es el encuentro de dos est\u00e9ticas reconocibles entre s\u00ed: el lujo asertivo, la exuberancia colorista y la artesan\u00eda como valor fundamental. La colecci\u00f3n resultante es una serie de joyas exclusivas inspiradas en el ic\u00f3nico mundo de Kaspia.<\/p>\n<p>Le <strong>Collier B\u00e9g\u00fcm x Kaspia<\/strong> est la pi\u00e8ce de cou signature de la collection \u2014 une cr\u00e9ation volumineuse et sculpt\u00e9e qui occupe l&#8217;espace autour du d\u00e9collet\u00e9 avec une pr\u00e9sence imm\u00e9diate et affirm\u00e9e. Ses motifs, inpir\u00e9s de l&#8217;iconographie Kaspia et des codes esth\u00e9tiques de B\u00e9g\u00fcm Khan, sont ex\u00e9cut\u00e9s en argent dor\u00e9 avec des incrustations de pierres aux tons marines et turquoise. Propos\u00e9 \u00e0 <strong>965\u20ac<\/strong>.<\/p>\n<p>La pi\u00e8ce qui transforme une tenue simple en d\u00e9claration de style. Pour les femmes qui portent leurs bijoux comme des oeuvres. \u00c9dition limit\u00e9e, livr\u00e9 dans son \u00e9crin Kaspia x B\u00e9g\u00fcm.<\/p>","protected":false},"excerpt":{"rendered":"<p><span class=\"Y2IQFc\" lang=\"fr\">Fabricado a mano en Estambul por artesanos locales con amor, fantas\u00eda y sue\u00f1os sin l\u00edmites.<\/span><\/p>\n<p><span class=\"Y2IQFc\" lang=\"fr\">Las joyas se oscurecen cuando entran en contacto con la luz solar directa, la humedad y temperaturas extremas. <\/span><\/p>\n<p><span class=\"Y2IQFc\" lang=\"fr\">Le recomendamos que mantenga sus joyas alejadas del contacto directo con agua, jab\u00f3n, perfume o cosm\u00e9ticos. <\/span><\/p>\n<p><span class=\"Y2IQFc\" lang=\"fr\">Si sus joyas entran en contacto con agua o productos qu\u00edmicos, utilice un pa\u00f1o suave y seco o una toalla para secarlas con cuidado. <\/span><\/p>\n<p><span class=\"Y2IQFc\" lang=\"fr\">Qu\u00edtese todas las joyas antes y despu\u00e9s de aplicarse maquillaje, productos de belleza y perfume. <\/span><\/p>\n<p><span class=\"Y2IQFc\" lang=\"fr\">P\u00f3ngase siempre las joyas en \u00faltimo lugar cuando se vista, para que la ropa no se enganche en ellas.<\/span><\/p>","protected":false},"featured_media":24653,"comment_status":"open","ping_status":"closed","template":"","meta":[],"product_brand":[],"product_cat":[182,185],"product_tag":[],"class_list":{"0":"post-20258","1":"product","2":"type-product","3":"status-publish","4":"has-post-thumbnail","6":"product_cat-collections","7":"product_cat-noel-2025","9":"first","10":"instock","11":"taxable","12":"shipping-taxable","13":"purchasable","14":"product-type-simple"},"_links":{"self":[{"href":"https:\/\/www.gourmandisedeluxe.com\/es\/wp-json\/wp\/v2\/product\/20258","targetHints":{"allow":["GET"]}}],"collection":[{"href":"https:\/\/www.gourmandisedeluxe.com\/es\/wp-json\/wp\/v2\/product"}],"about":[{"href":"https:\/\/www.gourmandisedeluxe.com\/es\/wp-json\/wp\/v2\/types\/product"}],"replies":[{"embeddable":true,"href":"https:\/\/www.gourmandisedeluxe.com\/es\/wp-json\/wp\/v2\/comments?post=20258"}],"version-history":[{"count":0,"href":"https:\/\/www.gourmandisedeluxe.com\/es\/wp-json\/wp\/v2\/product\/20258\/revisions"}],"wp:featuredmedia":[{"embeddable":true,"href":"https:\/\/www.gourmandisedeluxe.com\/es\/wp-json\/wp\/v2\/media\/24653"}],"wp:attachment":[{"href":"https:\/\/www.gourmandisedeluxe.com\/es\/wp-json\/wp\/v2\/media?parent=20258"}],"wp:term":[{"taxonomy":"product_brand","embeddable":true,"href":"https:\/\/www.gourmandisedeluxe.com\/es\/wp-json\/wp\/v2\/product_brand?post=20258"},{"taxonomy":"product_cat","embeddable":true,"href":"https:\/\/www.gourmandisedeluxe.com\/es\/wp-json\/wp\/v2\/product_cat?post=20258"},{"taxonomy":"product_tag","embeddable":true,"href":"https:\/\/www.gourmandisedeluxe.com\/es\/wp-json\/wp\/v2\/product_tag?post=20258"}],"curies":[{"name":"wp","href":"https:\/\/api.w.org\/{rel}","templated":true}]}}