{"id":20254,"date":"2024-09-16T15:19:12","date_gmt":"2024-09-16T13:19:12","guid":{"rendered":"https:\/\/www.gourmandisedeluxe.com\/?post_type=product&#038;p=20254"},"modified":"2026-04-22T15:12:13","modified_gmt":"2026-04-22T13:12:13","slug":"mini-broche-begum-x-kaspia","status":"publish","type":"product","link":"https:\/\/www.gourmandisedeluxe.com\/es\/mini-broche-begum-x-kaspia\/","title":{"rendered":"Mini broche Beg\u00fcm x Kaspia"},"content":{"rendered":"<p>La colaboraci\u00f3n entre <strong>Caviar Kaspia<\/strong> y <strong>B\u00e9g\u00fcm Khan<\/strong> - dise\u00f1adora de joyas parisina famosa por sus piezas maximalistas hechas a mano en plata dorada y piedras semipreciosas- es el encuentro de dos est\u00e9ticas reconocibles entre s\u00ed: el lujo asertivo, la exuberancia colorista y la artesan\u00eda como valor fundamental. La colecci\u00f3n resultante es una serie de joyas exclusivas inspiradas en el ic\u00f3nico mundo de Kaspia.<\/p>\n<p>La <strong>Mini Broche B\u00e9g\u00fcm x Kaspia<\/strong> est la pi\u00e8ce d&#8217;entr\u00e9e dans la collection \u2014 plus compacte, plus discr\u00e8te que les boucles d&#8217;oreilles, mais fa\u00e7onn\u00e9e avec la m\u00eame exigence artisanale et la m\u00eame qualit\u00e9 de finition. Pin\u00e9e sur un revers de veste, un col de chemise ou la poche d&#8217;un blazer, elle signe la tenue avec une \u00e9l\u00e9gance imm\u00e9diatement perceptible. Propos\u00e9e \u00e0 <strong>560\u20ac<\/strong>.<\/p>\n<p>Un cadeau de bijouterie accessible dans la collection, id\u00e9al pour initier quelqu&#8217;un \u00e0 l&#8217;univers B\u00e9g\u00fcm x Kaspia ou pour s&#8217;offrir une pi\u00e8ce d&#8217;auteur sans le budget des grandes pi\u00e8ces. \u00c9dition limit\u00e9e.<\/p>","protected":false},"excerpt":{"rendered":"<p><span class=\"Y2IQFc\" lang=\"fr\">Fabricado a mano en Estambul por artesanos locales con amor, fantas\u00eda y sue\u00f1os sin l\u00edmites.<\/span><\/p>\n<p><span class=\"Y2IQFc\" lang=\"fr\">Las joyas se oscurecen cuando entran en contacto con la luz solar directa, la humedad y temperaturas extremas. <\/span><\/p>\n<p><span class=\"Y2IQFc\" lang=\"fr\">Le recomendamos que mantenga sus joyas alejadas del contacto directo con agua, jab\u00f3n, perfume o cosm\u00e9ticos. <\/span><\/p>\n<p><span class=\"Y2IQFc\" lang=\"fr\">Si sus joyas entran en contacto con agua o productos qu\u00edmicos, utilice un pa\u00f1o suave y seco o una toalla para secarlas con cuidado. <\/span><\/p>\n<p><span class=\"Y2IQFc\" lang=\"fr\">Qu\u00edtese todas las joyas antes y despu\u00e9s de aplicarse maquillaje, productos de belleza y perfume. <\/span><\/p>\n<p><span class=\"Y2IQFc\" lang=\"fr\">P\u00f3ngase siempre las joyas en \u00faltimo lugar cuando se vista, para que la ropa no se enganche en ellas.<\/span><\/p>","protected":false},"featured_media":24660,"comment_status":"open","ping_status":"closed","template":"","meta":[],"product_brand":[],"product_cat":[182],"product_tag":[],"class_list":{"0":"post-20254","1":"product","2":"type-product","3":"status-publish","4":"has-post-thumbnail","6":"product_cat-collections","8":"first","9":"instock","10":"taxable","11":"shipping-taxable","12":"purchasable","13":"product-type-simple"},"_links":{"self":[{"href":"https:\/\/www.gourmandisedeluxe.com\/es\/wp-json\/wp\/v2\/product\/20254","targetHints":{"allow":["GET"]}}],"collection":[{"href":"https:\/\/www.gourmandisedeluxe.com\/es\/wp-json\/wp\/v2\/product"}],"about":[{"href":"https:\/\/www.gourmandisedeluxe.com\/es\/wp-json\/wp\/v2\/types\/product"}],"replies":[{"embeddable":true,"href":"https:\/\/www.gourmandisedeluxe.com\/es\/wp-json\/wp\/v2\/comments?post=20254"}],"version-history":[{"count":0,"href":"https:\/\/www.gourmandisedeluxe.com\/es\/wp-json\/wp\/v2\/product\/20254\/revisions"}],"wp:featuredmedia":[{"embeddable":true,"href":"https:\/\/www.gourmandisedeluxe.com\/es\/wp-json\/wp\/v2\/media\/24660"}],"wp:attachment":[{"href":"https:\/\/www.gourmandisedeluxe.com\/es\/wp-json\/wp\/v2\/media?parent=20254"}],"wp:term":[{"taxonomy":"product_brand","embeddable":true,"href":"https:\/\/www.gourmandisedeluxe.com\/es\/wp-json\/wp\/v2\/product_brand?post=20254"},{"taxonomy":"product_cat","embeddable":true,"href":"https:\/\/www.gourmandisedeluxe.com\/es\/wp-json\/wp\/v2\/product_cat?post=20254"},{"taxonomy":"product_tag","embeddable":true,"href":"https:\/\/www.gourmandisedeluxe.com\/es\/wp-json\/wp\/v2\/product_tag?post=20254"}],"curies":[{"name":"wp","href":"https:\/\/api.w.org\/{rel}","templated":true}]}}