{"id":20249,"date":"2024-09-16T15:14:27","date_gmt":"2024-09-16T13:14:27","guid":{"rendered":"https:\/\/www.gourmandisedeluxe.com\/?post_type=product&#038;p=20249"},"modified":"2026-04-22T15:12:13","modified_gmt":"2026-04-22T13:12:13","slug":"begum-x-kaspia-piercing","status":"publish","type":"product","link":"https:\/\/www.gourmandisedeluxe.com\/es\/piercing-begum-x-kaspia\/","title":{"rendered":"Piercing Beg\u00fcm x Kaspia"},"content":{"rendered":"<p>La colaboraci\u00f3n entre <strong>Caviar Kaspia<\/strong> y <strong>B\u00e9g\u00fcm Khan<\/strong> - dise\u00f1adora de joyas parisina famosa por sus piezas maximalistas hechas a mano en plata dorada y piedras semipreciosas- es el encuentro de dos est\u00e9ticas reconocibles entre s\u00ed: el lujo asertivo, la exuberancia colorista y la artesan\u00eda como valor fundamental. La colecci\u00f3n resultante es una serie de joyas exclusivas inspiradas en el ic\u00f3nico mundo de Kaspia.<\/p>\n<p>Le <strong>Piercing B\u00e9g\u00fcm x Kaspia<\/strong> est la pi\u00e8ce la plus intime et la plus contemporaine de la collection \u2014 con\u00e7u pour \u00eatre port\u00e9 \u00e0 l&#8217;h\u00e9lix ou au lobe, seul ou en composition avec d&#8217;autres pi\u00e8ces de la collection. Sa forme et ses motifs inpir\u00e9s de l&#8217;univers Kaspia en font une pi\u00e8ce de style autant qu&#8217;un bijou de corps. Fa\u00e7onn\u00e9 \u00e0 la main en argent dor\u00e9 avec les d\u00e9tails caract\u00e9ristiques de la marque. Propos\u00e9 \u00e0 <strong>320\u20ac<\/strong>.<\/p>\n<p>Pour les amatrices de piercing haut de gamme qui veulent une pi\u00e8ce sign\u00e9e et racont\u00e9e. \u00c9dition limit\u00e9e, livr\u00e9 dans son \u00e9crin double signature.<\/p>","protected":false},"excerpt":{"rendered":"<p><span class=\"Y2IQFc\" lang=\"fr\">Fabricado a mano en Estambul por artesanos locales con amor, fantas\u00eda y sue\u00f1os sin l\u00edmites.<\/span><\/p>\n<p><span class=\"Y2IQFc\" lang=\"fr\">Las joyas se oscurecen cuando entran en contacto con la luz solar directa, la humedad y temperaturas extremas. <\/span><\/p>\n<p><span class=\"Y2IQFc\" lang=\"fr\">Le recomendamos que mantenga sus joyas alejadas del contacto directo con agua, jab\u00f3n, perfume o cosm\u00e9ticos. <\/span><\/p>\n<p><span class=\"Y2IQFc\" lang=\"fr\">Si sus joyas entran en contacto con agua o productos qu\u00edmicos, utilice un pa\u00f1o suave y seco o una toalla para secarlas con cuidado. <\/span><\/p>\n<p><span class=\"Y2IQFc\" lang=\"fr\">Qu\u00edtese todas las joyas antes y despu\u00e9s de aplicarse maquillaje, productos de belleza y perfume. <\/span><\/p>\n<p><span class=\"Y2IQFc\" lang=\"fr\">P\u00f3ngase siempre las joyas en \u00faltimo lugar cuando se vista, para que la ropa no se enganche en ellas.<\/span><\/p>","protected":false},"featured_media":24666,"comment_status":"open","ping_status":"closed","template":"","meta":[],"product_brand":[],"product_cat":[182],"product_tag":[],"class_list":{"0":"post-20249","1":"product","2":"type-product","3":"status-publish","4":"has-post-thumbnail","6":"product_cat-collections","8":"first","9":"instock","10":"taxable","11":"shipping-taxable","12":"purchasable","13":"product-type-simple"},"_links":{"self":[{"href":"https:\/\/www.gourmandisedeluxe.com\/es\/wp-json\/wp\/v2\/product\/20249","targetHints":{"allow":["GET"]}}],"collection":[{"href":"https:\/\/www.gourmandisedeluxe.com\/es\/wp-json\/wp\/v2\/product"}],"about":[{"href":"https:\/\/www.gourmandisedeluxe.com\/es\/wp-json\/wp\/v2\/types\/product"}],"replies":[{"embeddable":true,"href":"https:\/\/www.gourmandisedeluxe.com\/es\/wp-json\/wp\/v2\/comments?post=20249"}],"version-history":[{"count":0,"href":"https:\/\/www.gourmandisedeluxe.com\/es\/wp-json\/wp\/v2\/product\/20249\/revisions"}],"wp:featuredmedia":[{"embeddable":true,"href":"https:\/\/www.gourmandisedeluxe.com\/es\/wp-json\/wp\/v2\/media\/24666"}],"wp:attachment":[{"href":"https:\/\/www.gourmandisedeluxe.com\/es\/wp-json\/wp\/v2\/media?parent=20249"}],"wp:term":[{"taxonomy":"product_brand","embeddable":true,"href":"https:\/\/www.gourmandisedeluxe.com\/es\/wp-json\/wp\/v2\/product_brand?post=20249"},{"taxonomy":"product_cat","embeddable":true,"href":"https:\/\/www.gourmandisedeluxe.com\/es\/wp-json\/wp\/v2\/product_cat?post=20249"},{"taxonomy":"product_tag","embeddable":true,"href":"https:\/\/www.gourmandisedeluxe.com\/es\/wp-json\/wp\/v2\/product_tag?post=20249"}],"curies":[{"name":"wp","href":"https:\/\/api.w.org\/{rel}","templated":true}]}}