{"id":20245,"date":"2024-09-16T15:12:09","date_gmt":"2024-09-16T13:12:09","guid":{"rendered":"https:\/\/www.gourmandisedeluxe.com\/?post_type=product&#038;p=20245"},"modified":"2026-04-22T15:12:13","modified_gmt":"2026-04-22T13:12:13","slug":"begum-x-kaspia-2-pendientes-rectos","status":"publish","type":"product","link":"https:\/\/www.gourmandisedeluxe.com\/es\/boucle-doreille-droite-begum-x-kaspia-2\/","title":{"rendered":"Pendiente derecho Beg\u00fcm x Kaspia"},"content":{"rendered":"<p>La colaboraci\u00f3n entre <strong>Caviar Kaspia<\/strong> y <strong>B\u00e9g\u00fcm Khan<\/strong> - dise\u00f1adora de joyas parisina famosa por sus piezas maximalistas hechas a mano en plata dorada y piedras semipreciosas- es el encuentro de dos est\u00e9ticas reconocibles entre s\u00ed: el lujo asertivo, la exuberancia colorista y la artesan\u00eda como valor fundamental. La colecci\u00f3n resultante es una serie de joyas exclusivas inspiradas en el ic\u00f3nico mundo de Kaspia.<\/p>\n<p>La <strong>Bague d&#8217;Oreille Droite B\u00e9g\u00fcm x Kaspia<\/strong> est con\u00e7ue pour \u00eatre port\u00e9e seule, \u00e0 l&#8217;oreille droite, en association avec une boucle classique \u00e0 gauche ou avec la bague d&#8217;oreille gauche de la collection pour un effet asym\u00e9trique d&#8217;avant-garde. Fa\u00e7onn\u00e9e \u00e0 la main, ses d\u00e9tails sont ex\u00e9cut\u00e9s avec la pr\u00e9cision et le soin qui caract\u00e9risent chaque pi\u00e8ce B\u00e9g\u00fcm Khan. Propos\u00e9e \u00e0 <strong>780\u20ac<\/strong>.<\/p>\n<p>\u00c9dition limit\u00e9e, pi\u00e8ce unique de la collection Kaspia, livr\u00e9e dans son \u00e9crin double signature. Pour les amatrices de bijoux d&#8217;auteur qui aiment composer leurs propres r\u00e8gles stylistiques.<\/p>","protected":false},"excerpt":{"rendered":"<p><span class=\"Y2IQFc\" lang=\"fr\">Fabricado a mano en Estambul por artesanos locales con amor, fantas\u00eda y sue\u00f1os sin l\u00edmites.<\/span><\/p>\n<p><span class=\"Y2IQFc\" lang=\"fr\">Las joyas se oscurecen cuando entran en contacto con la luz solar directa, la humedad y temperaturas extremas. <\/span><\/p>\n<p><span class=\"Y2IQFc\" lang=\"fr\">Le recomendamos que mantenga sus joyas alejadas del contacto directo con agua, jab\u00f3n, perfume o cosm\u00e9ticos. <\/span><\/p>\n<p><span class=\"Y2IQFc\" lang=\"fr\">Si sus joyas entran en contacto con agua o productos qu\u00edmicos, utilice un pa\u00f1o suave y seco o una toalla para secarlas con cuidado. <\/span><\/p>\n<p><span class=\"Y2IQFc\" lang=\"fr\">Qu\u00edtese todas las joyas antes y despu\u00e9s de aplicarse maquillaje, productos de belleza y perfume. <\/span><\/p>\n<p><span class=\"Y2IQFc\" lang=\"fr\">P\u00f3ngase siempre las joyas en \u00faltimo lugar cuando se vista, para que la ropa no se enganche en ellas.<\/span><\/p>","protected":false},"featured_media":20407,"comment_status":"open","ping_status":"closed","template":"","meta":[],"product_brand":[],"product_cat":[182],"product_tag":[],"class_list":{"0":"post-20245","1":"product","2":"type-product","3":"status-publish","4":"has-post-thumbnail","6":"product_cat-collections","8":"first","9":"instock","10":"taxable","11":"shipping-taxable","12":"purchasable","13":"product-type-simple"},"_links":{"self":[{"href":"https:\/\/www.gourmandisedeluxe.com\/es\/wp-json\/wp\/v2\/product\/20245","targetHints":{"allow":["GET"]}}],"collection":[{"href":"https:\/\/www.gourmandisedeluxe.com\/es\/wp-json\/wp\/v2\/product"}],"about":[{"href":"https:\/\/www.gourmandisedeluxe.com\/es\/wp-json\/wp\/v2\/types\/product"}],"replies":[{"embeddable":true,"href":"https:\/\/www.gourmandisedeluxe.com\/es\/wp-json\/wp\/v2\/comments?post=20245"}],"version-history":[{"count":0,"href":"https:\/\/www.gourmandisedeluxe.com\/es\/wp-json\/wp\/v2\/product\/20245\/revisions"}],"wp:featuredmedia":[{"embeddable":true,"href":"https:\/\/www.gourmandisedeluxe.com\/es\/wp-json\/wp\/v2\/media\/20407"}],"wp:attachment":[{"href":"https:\/\/www.gourmandisedeluxe.com\/es\/wp-json\/wp\/v2\/media?parent=20245"}],"wp:term":[{"taxonomy":"product_brand","embeddable":true,"href":"https:\/\/www.gourmandisedeluxe.com\/es\/wp-json\/wp\/v2\/product_brand?post=20245"},{"taxonomy":"product_cat","embeddable":true,"href":"https:\/\/www.gourmandisedeluxe.com\/es\/wp-json\/wp\/v2\/product_cat?post=20245"},{"taxonomy":"product_tag","embeddable":true,"href":"https:\/\/www.gourmandisedeluxe.com\/es\/wp-json\/wp\/v2\/product_tag?post=20245"}],"curies":[{"name":"wp","href":"https:\/\/api.w.org\/{rel}","templated":true}]}}