{"id":19373,"date":"2023-12-28T16:01:48","date_gmt":"2023-12-28T15:01:48","guid":{"rendered":"https:\/\/www.gourmandisedeluxe.com\/?post_type=product&#038;p=19373"},"modified":"2026-04-22T14:10:46","modified_gmt":"2026-04-22T12:10:46","slug":"foie-gras-de-pato-entero-en-tarro-de-50-g","status":"publish","type":"product","link":"https:\/\/www.gourmandisedeluxe.com\/es\/foie-gras-de-canard-entier-en-bocal-50g\/","title":{"rendered":"Foie gras de pato entero en tarro \u2013 50 g"},"content":{"rendered":"<p>El foie gras de pato entero en tarro es toda una instituci\u00f3n en el mundo de los productos delicatessen. Este formato de <strong>50 gramos<\/strong> es la puerta de entrada ideal a una de las joyas de la gastronom\u00eda francesa: una generosa raci\u00f3n para dos como aperitivo, o una experiencia de degustaci\u00f3n deliberadamente gourmet en solitario.<\/p>\n<p>Elaborado seg\u00fan las reglas de la tradici\u00f3n, este foie gras de pato entero se selecciona por la calidad irreprochable de su textura y la finura de su sabor. Su textura cremosa y ligeramente mantecosa se funde suavemente en la boca, liberando aromas complejos de avellana, mantequilla de avellana y sotobosque. La esterilizaci\u00f3n en el tarro preserva todas sus cualidades organol\u00e9pticas sin utilizar ning\u00fan aditivo superfluo.<\/p>\n<p>S\u00edrvalo fr\u00edo, cortado en rodajas con un cuchillo de hoja caliente, sobre tostadas de brioche ligeramente tostadas o pan de higo casero. Combina a la perfecci\u00f3n con un Sauternes, un Juran\u00e7on dulce o un champ\u00e1n Blanc de Blancs bien fr\u00edo. Un regalo gourmet discreto, perfecto para las fiestas o para los amantes de la buena mesa que deseen regalarse un placer excepcional con toda sencillez.<\/p>","protected":false},"excerpt":{"rendered":"<p>El foie gras de pato seleccionado por Maison de la Truffe se elabora de forma artesanal y local. Todas las etapas necesarias para la elaboraci\u00f3n del foie gras se llevan a cabo en las Landas, en una granja que se esfuerza por perpetuar el tradicional foie gras de las Landas, que combina sabor y autenticidad. Este producto con aroma a excelencia es una oportunidad para redescubrir el foie gras natural y seducir\u00e1 a los paladares m\u00e1s exigentes.<\/p>\n<p>Origen : Francia<\/p>\n<p><em>Conservaci\u00f3n: Conservar en un lugar seco y protegido del calor.<\/em><\/p>\n<p>&nbsp;<\/p>\n<p>500 \u20ac IVA incluido\/kilo<\/p>","protected":false},"featured_media":19390,"comment_status":"open","ping_status":"closed","template":"","meta":[],"product_brand":[],"product_cat":[73,67,65],"product_tag":[],"class_list":{"0":"post-19373","1":"product","2":"type-product","3":"status-publish","4":"has-post-thumbnail","6":"product_cat-foie-gras","7":"product_cat-fetes","8":"product_cat-traiteur","10":"first","11":"instock","12":"taxable","13":"shipping-taxable","14":"purchasable","15":"product-type-simple"},"_links":{"self":[{"href":"https:\/\/www.gourmandisedeluxe.com\/es\/wp-json\/wp\/v2\/product\/19373","targetHints":{"allow":["GET"]}}],"collection":[{"href":"https:\/\/www.gourmandisedeluxe.com\/es\/wp-json\/wp\/v2\/product"}],"about":[{"href":"https:\/\/www.gourmandisedeluxe.com\/es\/wp-json\/wp\/v2\/types\/product"}],"replies":[{"embeddable":true,"href":"https:\/\/www.gourmandisedeluxe.com\/es\/wp-json\/wp\/v2\/comments?post=19373"}],"version-history":[{"count":0,"href":"https:\/\/www.gourmandisedeluxe.com\/es\/wp-json\/wp\/v2\/product\/19373\/revisions"}],"wp:featuredmedia":[{"embeddable":true,"href":"https:\/\/www.gourmandisedeluxe.com\/es\/wp-json\/wp\/v2\/media\/19390"}],"wp:attachment":[{"href":"https:\/\/www.gourmandisedeluxe.com\/es\/wp-json\/wp\/v2\/media?parent=19373"}],"wp:term":[{"taxonomy":"product_brand","embeddable":true,"href":"https:\/\/www.gourmandisedeluxe.com\/es\/wp-json\/wp\/v2\/product_brand?post=19373"},{"taxonomy":"product_cat","embeddable":true,"href":"https:\/\/www.gourmandisedeluxe.com\/es\/wp-json\/wp\/v2\/product_cat?post=19373"},{"taxonomy":"product_tag","embeddable":true,"href":"https:\/\/www.gourmandisedeluxe.com\/es\/wp-json\/wp\/v2\/product_tag?post=19373"}],"curies":[{"name":"wp","href":"https:\/\/api.w.org\/{rel}","templated":true}]}}