{"id":18936,"date":"2023-12-14T20:56:03","date_gmt":"2023-12-14T19:56:03","guid":{"rendered":"https:\/\/www.gourmandisedeluxe.com\/?post_type=product&#038;p=18936"},"modified":"2025-12-20T11:33:06","modified_gmt":"2025-12-20T10:33:06","slug":"loeuf-de-paques-kaspia","status":"publish","type":"product","link":"https:\/\/www.gourmandisedeluxe.com\/es\/loeuf-de-paques-kaspia\/","title":{"rendered":"El huevo de Pascua Kaspia"},"content":{"rendered":"<h2 class=\"font-heading text-2xl lg:text-4xl\">CRISTAL BENITO &amp; CAVIAR KASPIA<\/h2>\n<div class=\"rte mt-4 font-heading break-words\">\n<p>Por sorprendente que parezca, Caviar Kaspia sigue ampliando su gama de productos lifestyle y este a\u00f1o, con motivo de la Pascua, presenta un exclusivo huevo de caviar fruto de una larga colaboraci\u00f3n que rinde homenaje al huevo. El huevo heredado es una de las creaciones emblem\u00e1ticas de la Maison Cristal Benito. El huevo era originalmente un regalo de Pascua. Una concha revestida de oro que conten\u00eda un precioso regalo, al estilo de las mu\u00f1ecas rusas. As\u00ed naci\u00f3 el \u00abprimer huevo de gallina\u00bb imperial. Completamente maravillado por estas creaciones, el zar decidi\u00f3 regalar un nuevo huevo a su compa\u00f1era cada Pascua.<\/p>\n<p>Para celebrar m\u00e1s de 10 a\u00f1os de colaboraci\u00f3n y amistad, Caviar Kaspia ha encargado a la Maison Cristal Benito la creaci\u00f3n de una serie exclusiva de 14 huevos de caviar en cristal tallado, todas ellas piezas \u00fanicas, numeradas y firmadas. El huevo Kaspia azul celeste est\u00e1 tallado con m\u00faltiples facetas realzadas por ondas cinceladas, que revelan todo el brillo y las sutilezas de este cristal de colores marinos.<\/p>\n<p>El artista Arestakes ha creado especialmente para esta ocasi\u00f3n el esturi\u00f3n con el monograma Caviar Kaspia, con la efigie del emblema de la famosa casa. Aut\u00e9ntica obra de arte y precioso estuche, este huevo Kaspia har\u00e1 las delicias de los amantes del caviar m\u00e1s exigentes.<\/p>\n<\/div>","protected":false},"excerpt":{"rendered":"<p>Huevo de cristal azul tallado y esculpido a mano por Franck Benito.<br \/>\nMontura y adorno en bronce dorado con oro fino de 24 quilates.<br \/>\nSerie exclusiva limitada a 14 piezas numeradas del 1 al 14 y firmadas \u201cCristal Benito para Caviar Kaspia\u201d.<br \/>\nDimensiones: altura 30 cm x di\u00e1metro 10 cm.<\/p>","protected":false},"featured_media":24658,"comment_status":"open","ping_status":"closed","template":"","meta":[],"product_brand":[],"product_cat":[182],"product_tag":[],"class_list":{"0":"post-18936","1":"product","2":"type-product","3":"status-publish","4":"has-post-thumbnail","6":"product_cat-collections","8":"first","9":"instock","10":"taxable","11":"shipping-taxable","12":"purchasable","13":"product-type-simple"},"_links":{"self":[{"href":"https:\/\/www.gourmandisedeluxe.com\/es\/wp-json\/wp\/v2\/product\/18936","targetHints":{"allow":["GET"]}}],"collection":[{"href":"https:\/\/www.gourmandisedeluxe.com\/es\/wp-json\/wp\/v2\/product"}],"about":[{"href":"https:\/\/www.gourmandisedeluxe.com\/es\/wp-json\/wp\/v2\/types\/product"}],"replies":[{"embeddable":true,"href":"https:\/\/www.gourmandisedeluxe.com\/es\/wp-json\/wp\/v2\/comments?post=18936"}],"version-history":[{"count":0,"href":"https:\/\/www.gourmandisedeluxe.com\/es\/wp-json\/wp\/v2\/product\/18936\/revisions"}],"wp:featuredmedia":[{"embeddable":true,"href":"https:\/\/www.gourmandisedeluxe.com\/es\/wp-json\/wp\/v2\/media\/24658"}],"wp:attachment":[{"href":"https:\/\/www.gourmandisedeluxe.com\/es\/wp-json\/wp\/v2\/media?parent=18936"}],"wp:term":[{"taxonomy":"product_brand","embeddable":true,"href":"https:\/\/www.gourmandisedeluxe.com\/es\/wp-json\/wp\/v2\/product_brand?post=18936"},{"taxonomy":"product_cat","embeddable":true,"href":"https:\/\/www.gourmandisedeluxe.com\/es\/wp-json\/wp\/v2\/product_cat?post=18936"},{"taxonomy":"product_tag","embeddable":true,"href":"https:\/\/www.gourmandisedeluxe.com\/es\/wp-json\/wp\/v2\/product_tag?post=18936"}],"curies":[{"name":"wp","href":"https:\/\/api.w.org\/{rel}","templated":true}]}}