{"id":14669,"date":"2022-01-17T21:07:01","date_gmt":"2022-01-17T20:07:01","guid":{"rendered":"https:\/\/www.gourmandisedeluxe.com\/?post_type=product&#038;p=14669"},"modified":"2026-04-22T14:02:17","modified_gmt":"2026-04-22T12:02:17","slug":"doursin-coral-tarama","status":"publish","type":"product","link":"https:\/\/www.gourmandisedeluxe.com\/es\/tarama-corail-doursin\/","title":{"rendered":"Tarama de coral de erizo de mar"},"content":{"rendered":"<p>Le Tarama Corail d&#8217;Oursin Kaspia est une cr\u00e9ation marine d&#8217;une originalit\u00e9 saisissante : les oeufs de cabillaud fum\u00e9s d&#8217;Islande \u00e0 27% \u2014 d&#8217;une qualit\u00e9 sup\u00e9rieure, s\u00e9lectionn\u00e9s pour leur parfum et leur texture \u2014 rencontrent le corail d&#8217;oursin <em>Strongylocentrotus Droebachiensis<\/em> \u00e0 2,5%, r\u00e9colt\u00e9 dans les eaux froides du Grand Nord. C&#8217;est la m\u00e9diterran\u00e9e et l&#8217;Arctique r\u00e9unis dans un pot de 90 grammes.<\/p>\n<p>Le corail d&#8217;oursin apporte sa richesse cr\u00e9meuse, son amertume marine caract\u00e9ristique et une profondeur iod\u00e9e que le cabillaud seul ne peut atteindre. Ensemble, ils cr\u00e9ent un tarama d&#8217;une complexit\u00e9 aromatique rare : \u00e0 la fois fum\u00e9 et marin, doux et intense, accessible et \u00e9tonnant. La poudre de betterave et le curcuma lui donnent une teinte naturellement ros\u00e9e, sans recourir aux colorants artificiels.<\/p>\n<p>Sur un blini ti\u00e8de beurr\u00e9 avec un filet de citron press\u00e9, c&#8217;est une bo\u00eeche d&#8217;une expressivit\u00e9 marine totale. Il s&#8217;accommode \u00e9galement sur des crackers de seigle en ap\u00e9ritif, en garniture d&#8217;oeufs durs \u00e0 la russe, ou comme base d&#8217;une sauce pour des linguine aux fruits de mer. Un produit r\u00e9serv\u00e9 aux amateurs de saveurs iod\u00e9es affirm\u00e9es.<\/p>\n<p>Contenido: 90g. Conservar entre 0\u00b0C y +4\u00b0C. Utilizar en las 48 horas siguientes a su apertura.<\/p>","protected":false},"excerpt":{"rendered":"<p>Una sabrosa receta elaborada con huevas de bacalao ahumadas de Islandia de la mejor calidad, combinadas con el sabor yodado del coral de erizo de mar.<u><\/u><u><\/u><\/p>\n<p>Composici\u00f3n: aceite de colza, <strong>huevas de bacalao<\/strong> ahumados y salados 27% (<strong>huevas de bacalao<\/strong> 25%, sal), agua, coral de erizo de mar 2,5% (Strongylocentrotus droebachiensis), pan rallado (harina de <strong>trigo<\/strong>, agua, sal, levadura), zumo de lim\u00f3n concentrado, remolacha en polvo, c\u00farcuma, conservante E211.<\/p>\n<p>Este producto no est\u00e1 destinado a personas al\u00e9rgicas a los siguientes al\u00e9rgenos:<u><\/u><u><\/u><\/p>\n<p>Pescado y productos derivados del pescado, cereales que contienen gluten.<br \/>\nEste producto puede contener trazas de marisco.<\/p>\n<p>&nbsp;<\/p>\n<p><em>Conservaci\u00f3n: Entre 0 \u00b0C y +4 \u00b0C.<u><\/u><u><\/u><\/em><\/p>\n<p><em>Cantidad: 90 g<\/em><br \/>\n<em>Precio por kg: 100,00 \u20ac<\/em><\/p>","protected":false},"featured_media":24505,"comment_status":"open","ping_status":"closed","template":"","meta":[],"product_brand":[],"product_cat":[144,146],"product_tag":[],"class_list":{"0":"post-14669","1":"product","2":"type-product","3":"status-publish","4":"has-post-thumbnail","6":"product_cat-a-lapero-kaspia","7":"product_cat-traiteur-kaspia","9":"first","10":"instock","11":"taxable","12":"shipping-taxable","13":"purchasable","14":"product-type-simple"},"_links":{"self":[{"href":"https:\/\/www.gourmandisedeluxe.com\/es\/wp-json\/wp\/v2\/product\/14669","targetHints":{"allow":["GET"]}}],"collection":[{"href":"https:\/\/www.gourmandisedeluxe.com\/es\/wp-json\/wp\/v2\/product"}],"about":[{"href":"https:\/\/www.gourmandisedeluxe.com\/es\/wp-json\/wp\/v2\/types\/product"}],"replies":[{"embeddable":true,"href":"https:\/\/www.gourmandisedeluxe.com\/es\/wp-json\/wp\/v2\/comments?post=14669"}],"version-history":[{"count":0,"href":"https:\/\/www.gourmandisedeluxe.com\/es\/wp-json\/wp\/v2\/product\/14669\/revisions"}],"wp:featuredmedia":[{"embeddable":true,"href":"https:\/\/www.gourmandisedeluxe.com\/es\/wp-json\/wp\/v2\/media\/24505"}],"wp:attachment":[{"href":"https:\/\/www.gourmandisedeluxe.com\/es\/wp-json\/wp\/v2\/media?parent=14669"}],"wp:term":[{"taxonomy":"product_brand","embeddable":true,"href":"https:\/\/www.gourmandisedeluxe.com\/es\/wp-json\/wp\/v2\/product_brand?post=14669"},{"taxonomy":"product_cat","embeddable":true,"href":"https:\/\/www.gourmandisedeluxe.com\/es\/wp-json\/wp\/v2\/product_cat?post=14669"},{"taxonomy":"product_tag","embeddable":true,"href":"https:\/\/www.gourmandisedeluxe.com\/es\/wp-json\/wp\/v2\/product_tag?post=14669"}],"curies":[{"name":"wp","href":"https:\/\/api.w.org\/{rel}","templated":true}]}}