{"id":13739,"date":"2021-12-02T21:08:14","date_gmt":"2021-12-02T20:08:14","guid":{"rendered":"https:\/\/www.gourmandisedeluxe.com\/?post_type=product&#038;p=13739"},"modified":"2026-04-22T13:44:14","modified_gmt":"2026-04-22T11:44:14","slug":"mandolina-dolivier-trufa-de-madera","status":"publish","type":"product","link":"https:\/\/www.gourmandisedeluxe.com\/es\/mandoline-a-truffes-en-bois-dolivier\/","title":{"rendered":"Mandolina para trufas de madera de olivo"},"content":{"rendered":"<p>La Mandoline \u00e0 Truffes en Bois d&#8217;Olivier est un outil artisanal d&#8217;un raffinement exceptionnel, qui conjugue la noblesse du bois d&#8217;olivier \u2014 l&#8217;un des bois les plus beaux et les plus denses de M\u00e9diterran\u00e9e \u2014 et la pr\u00e9cision technique n\u00e9cessaire \u00e0 la d\u00e9coupe de la truffe fra\u00eeche. C&#8217;est l&#8217;outil que l&#8217;on pose \u00e0 table devant ses convives avec autant de plaisir que l&#8217;on d\u00e9boucherait un grand flacon.<\/p>\n<p>Sculpt\u00e9e dans un bloc massif de bois d&#8217;olivier naturel, elle pr\u00e9sente des veines et des reflets uniques \u00e0 chaque pi\u00e8ce. Sa lame lisse en acier inoxydable est encadr\u00e9e dans le bois et offre une d\u00e9coupe franche et r\u00e9guli\u00e8re, en copeaux de l&#8217;antepaisseur d\u00e9sir\u00e9e \u2014 du voile le plus fin au copeau plus \u00e9pais et expressif.<\/p>\n<p>L&#8217;utiliser devant ses convives est en soi un geste rituel : le moment o\u00f9 l&#8217;on r\u00e2pe la truffe fra\u00eeche sur le plat pr\u00eat, juste avant de servir, et o\u00f9 le parfum envahit la pi\u00e8ce. Ce geste vaut l&#8217;investissement. Elle sert \u00e9galement \u00e0 r\u00e2per du parmesan, slicer des c\u00e8pes ou trancher de la bottarga.<\/p>\n<p>Livr\u00e9e avec son sac en coton naturel.<\/p>","protected":false},"excerpt":{"rendered":"<p>Hoja lisa con bolsa de algod\u00c3\u0192\u00c2\u00b3n natural<\/p>","protected":false},"featured_media":16800,"comment_status":"open","ping_status":"closed","template":"","meta":[],"product_brand":[],"product_cat":[79],"product_tag":[],"class_list":{"0":"post-13739","1":"product","2":"type-product","3":"status-publish","4":"has-post-thumbnail","6":"product_cat-accessoires","8":"first","9":"instock","10":"taxable","11":"shipping-taxable","12":"purchasable","13":"product-type-simple"},"_links":{"self":[{"href":"https:\/\/www.gourmandisedeluxe.com\/es\/wp-json\/wp\/v2\/product\/13739","targetHints":{"allow":["GET"]}}],"collection":[{"href":"https:\/\/www.gourmandisedeluxe.com\/es\/wp-json\/wp\/v2\/product"}],"about":[{"href":"https:\/\/www.gourmandisedeluxe.com\/es\/wp-json\/wp\/v2\/types\/product"}],"replies":[{"embeddable":true,"href":"https:\/\/www.gourmandisedeluxe.com\/es\/wp-json\/wp\/v2\/comments?post=13739"}],"version-history":[{"count":0,"href":"https:\/\/www.gourmandisedeluxe.com\/es\/wp-json\/wp\/v2\/product\/13739\/revisions"}],"wp:featuredmedia":[{"embeddable":true,"href":"https:\/\/www.gourmandisedeluxe.com\/es\/wp-json\/wp\/v2\/media\/16800"}],"wp:attachment":[{"href":"https:\/\/www.gourmandisedeluxe.com\/es\/wp-json\/wp\/v2\/media?parent=13739"}],"wp:term":[{"taxonomy":"product_brand","embeddable":true,"href":"https:\/\/www.gourmandisedeluxe.com\/es\/wp-json\/wp\/v2\/product_brand?post=13739"},{"taxonomy":"product_cat","embeddable":true,"href":"https:\/\/www.gourmandisedeluxe.com\/es\/wp-json\/wp\/v2\/product_cat?post=13739"},{"taxonomy":"product_tag","embeddable":true,"href":"https:\/\/www.gourmandisedeluxe.com\/es\/wp-json\/wp\/v2\/product_tag?post=13739"}],"curies":[{"name":"wp","href":"https:\/\/api.w.org\/{rel}","templated":true}]}}