{"id":11349,"date":"2020-11-14T21:16:51","date_gmt":"2020-11-14T20:16:51","guid":{"rendered":"https:\/\/www.miel-montet.com\/kaspia_new\/?post_type=product&#038;p=11349"},"modified":"2026-04-22T13:37:29","modified_gmt":"2026-04-22T11:37:29","slug":"chips-de-trufa","status":"publish","type":"product","link":"https:\/\/www.gourmandisedeluxe.com\/es\/chips-truffe-dete\/","title":{"rendered":"Chips de trufa de verano"},"content":{"rendered":"<p>Estas patatas fritas con trufa de verano no son como las que se encuentran en las tiendas. M\u00e1s gruesas y crujientes, est\u00e1n elaboradas con patatas seleccionadas y condimentadas con trufas italianas liofilizadas, un proceso que conserva los aromas y el sabor de la trufa. <em>Tub\u00e9rculo Aestivum<\/em> en toda su integridad, son el aperitivo festivo perfecto.<\/p>\n<p>La liofilizaci\u00f3n de la trufa, a diferencia de un simple sabor artificial, garantiza la presencia de la aut\u00e9ntica trufa de verano en cada patata frita. Su aroma a avellana, champi\u00f1\u00f3n fresco y ligero sotobosque se mezcla con la riqueza grasa y salada de las patatas fritas para crear un aperitivo adictivo al instante. Texto perfectamente equilibrado, aroma distintivo, crujido pronunciado.<\/p>\n<p>Ideales como aperitivo con una copa de Champagne Brut Maison de la Truffe o Cr\u00e9mant d'Alsace, tambi\u00e9n pueden utilizarse como base desmenuzable para una sopa aterciopelada, como guarnici\u00f3n de tapas o como base para una cucharada de tarama y una gota de cr\u00e8me fraiche. Su uso va mucho m\u00e1s all\u00e1 del simple picoteo.<\/p>\n<p>Contenido: 45g. Conservar en un lugar fresco, seco y protegido de la luz. Consumir preferentemente el mismo d\u00eda de su apertura.<\/p>","protected":false},"excerpt":{"rendered":"<p>Nuestra <strong>chips de trufa<\/strong> est\u00e1n aderezadas con aut\u00e9ntica trufa italiana liofilizada.<\/p>\n<p>Nuestras patatas fritas son m\u00e1s gruesas que las normales y muy crujientes.<br \/>\nExcelentes como aperitivo, tambi\u00e9n pueden utilizarse como base para salsas, tapas o ensaladas.<\/p>\n<p>CONSERVACI\u00c3\u0192\u00e2\u20ac\u0153N<br \/>\nConservar en un lugar fresco y seco, protegido de la luz.<br \/>\nCantidad: 45 g<br \/>\nPrecio por kilo: 77,77 \u20ac<\/p>","protected":false},"featured_media":16778,"comment_status":"open","ping_status":"closed","template":"","meta":[],"product_brand":[],"product_cat":[69],"product_tag":[],"class_list":{"0":"post-11349","1":"product","2":"type-product","3":"status-publish","4":"has-post-thumbnail","6":"product_cat-a-lapero","8":"first","9":"instock","10":"taxable","11":"shipping-taxable","12":"purchasable","13":"product-type-simple"},"_links":{"self":[{"href":"https:\/\/www.gourmandisedeluxe.com\/es\/wp-json\/wp\/v2\/product\/11349","targetHints":{"allow":["GET"]}}],"collection":[{"href":"https:\/\/www.gourmandisedeluxe.com\/es\/wp-json\/wp\/v2\/product"}],"about":[{"href":"https:\/\/www.gourmandisedeluxe.com\/es\/wp-json\/wp\/v2\/types\/product"}],"replies":[{"embeddable":true,"href":"https:\/\/www.gourmandisedeluxe.com\/es\/wp-json\/wp\/v2\/comments?post=11349"}],"version-history":[{"count":0,"href":"https:\/\/www.gourmandisedeluxe.com\/es\/wp-json\/wp\/v2\/product\/11349\/revisions"}],"wp:featuredmedia":[{"embeddable":true,"href":"https:\/\/www.gourmandisedeluxe.com\/es\/wp-json\/wp\/v2\/media\/16778"}],"wp:attachment":[{"href":"https:\/\/www.gourmandisedeluxe.com\/es\/wp-json\/wp\/v2\/media?parent=11349"}],"wp:term":[{"taxonomy":"product_brand","embeddable":true,"href":"https:\/\/www.gourmandisedeluxe.com\/es\/wp-json\/wp\/v2\/product_brand?post=11349"},{"taxonomy":"product_cat","embeddable":true,"href":"https:\/\/www.gourmandisedeluxe.com\/es\/wp-json\/wp\/v2\/product_cat?post=11349"},{"taxonomy":"product_tag","embeddable":true,"href":"https:\/\/www.gourmandisedeluxe.com\/es\/wp-json\/wp\/v2\/product_tag?post=11349"}],"curies":[{"name":"wp","href":"https:\/\/api.w.org\/{rel}","templated":true}]}}