{"id":9544,"date":"2020-11-05T19:46:23","date_gmt":"2020-11-05T18:46:23","guid":{"rendered":"https:\/\/www.miel-montet.com\/kaspia_new\/product\/vodka-blanche-kaspia-70cl\/"},"modified":"2026-04-22T14:41:30","modified_gmt":"2026-04-22T12:41:30","slug":"kaspia-white-vodka","status":"publish","type":"product","link":"https:\/\/www.gourmandisedeluxe.com\/en\/vodka-blanche-kaspia\/","title":{"rendered":"Kaspia White Vodka"},"content":{"rendered":"<p>La <strong>Kaspia White Vodka<\/strong> est la signature liquide de la Maison Kaspia \u2014 une maison qui, depuis 1927, a \u00e9rig\u00e9 l&#8217;alliance du caviar et de la vodka en art de vivre. Cette vodka blanche s\u00e9lectionn\u00e9e par Kaspia incarne l&#8217;id\u00e9al de puret\u00e9 et de neutralit\u00e9 que l&#8217;on attend d&#8217;une grande vodka : aucune asprit\u00e9, aucun d\u00e9faut, une texture soyeuse qui glisse en bouche avec une facilit\u00e9 d\u00e9sarmante.<\/p>\n<p>Distill\u00e9e selon des m\u00e9thodes traditionnelles et filtr\u00e9e avec rigueur, elle se distingue par sa cristalline limpidite et ses l\u00e9gers ar\u00f4mes c\u00e9r\u00e9aliers qui s&#8217;effacent apr\u00e8s le service pour laisser place \u00e0 une longue finale propre et fra\u00eeche. Elle se boit tr\u00e8s fra\u00eeche \u2014 id\u00e9alement conserv\u00e9e au cong\u00e9lateur \u2014 dans un verre \u00e0 vodka pr\u00e9alablement refroidi, pur ou sur un gla\u00e7on unique.<\/p>\n<p>L&#8217;accord caviar-vodka blanche est l&#8217;un des grands classiques de la gastronomie russe et de la table Kaspia : la neutralit\u00e9 de la vodka met en valeur les ar\u00f4mes iod\u00e9s et noisett\u00e9s du caviar sans les concurrencer. Un fl\u00e9au du palais, un r\u00e9flexe de connaisseur. \u00c0 49\u20ac, la bouteille de 70 cl est aussi un cadeau gastronomique sobre et efficace.<\/p>","protected":false},"excerpt":{"rendered":"<p>A gift from God according to Russian legend, and neutral in taste, white vodka is the drink that goes best with caviar. Kaspia White Vodka, renowned for its excellent quality, is made from rye and lightly flavoured with apple brandy.<\/p>\n<p><b>Alcohol abuse is dangerous for your health. Please drink responsibly.<\/b><\/p>","protected":false},"featured_media":24498,"comment_status":"closed","ping_status":"closed","template":"","meta":[],"product_brand":[],"product_cat":[144,196,143,145],"product_tag":[],"class_list":{"0":"post-9544","1":"product","2":"type-product","3":"status-publish","4":"has-post-thumbnail","6":"product_cat-a-lapero-kaspia","7":"product_cat-ads_vodkas","8":"product_cat-fetes-kaspia","9":"product_cat-la-cave-kaspia","11":"first","12":"instock","13":"taxable","14":"shipping-taxable","15":"purchasable","16":"product-type-simple"},"_links":{"self":[{"href":"https:\/\/www.gourmandisedeluxe.com\/en\/wp-json\/wp\/v2\/product\/9544","targetHints":{"allow":["GET"]}}],"collection":[{"href":"https:\/\/www.gourmandisedeluxe.com\/en\/wp-json\/wp\/v2\/product"}],"about":[{"href":"https:\/\/www.gourmandisedeluxe.com\/en\/wp-json\/wp\/v2\/types\/product"}],"replies":[{"embeddable":true,"href":"https:\/\/www.gourmandisedeluxe.com\/en\/wp-json\/wp\/v2\/comments?post=9544"}],"version-history":[{"count":0,"href":"https:\/\/www.gourmandisedeluxe.com\/en\/wp-json\/wp\/v2\/product\/9544\/revisions"}],"wp:featuredmedia":[{"embeddable":true,"href":"https:\/\/www.gourmandisedeluxe.com\/en\/wp-json\/wp\/v2\/media\/24498"}],"wp:attachment":[{"href":"https:\/\/www.gourmandisedeluxe.com\/en\/wp-json\/wp\/v2\/media?parent=9544"}],"wp:term":[{"taxonomy":"product_brand","embeddable":true,"href":"https:\/\/www.gourmandisedeluxe.com\/en\/wp-json\/wp\/v2\/product_brand?post=9544"},{"taxonomy":"product_cat","embeddable":true,"href":"https:\/\/www.gourmandisedeluxe.com\/en\/wp-json\/wp\/v2\/product_cat?post=9544"},{"taxonomy":"product_tag","embeddable":true,"href":"https:\/\/www.gourmandisedeluxe.com\/en\/wp-json\/wp\/v2\/product_tag?post=9544"}],"curies":[{"name":"wp","href":"https:\/\/api.w.org\/{rel}","templated":true}]}}