{"id":9541,"date":"2020-11-05T19:46:23","date_gmt":"2020-11-05T18:46:23","guid":{"rendered":"https:\/\/www.miel-montet.com\/kaspia_new\/product\/caviaroli-perles-dhuile-dolive-vierge-extra-85-aromatisees-a-la-truffe-blanche-50g\/"},"modified":"2026-04-22T13:35:20","modified_gmt":"2026-04-22T11:35:20","slug":"caviaroli","status":"publish","type":"product","link":"https:\/\/www.gourmandisedeluxe.com\/en\/caviaroli\/","title":{"rendered":"Caviaroli"},"content":{"rendered":"<p>Le Caviaroli est l&#8217;une des cr\u00e9ations les plus originales de la gamme Maison de la Truffe : de minuscules sph\u00e8res d&#8217;huile d&#8217;olive vierge extra aromatis\u00e9es \u00e0 la Truffe Blanche, dont la texture \u00e9voque \u00e0 la perfection celle des grains de caviar. Un hommage technique \u00e0 la cuisine mol\u00e9culaire, appliqu\u00e9 au service du raffinement simple et de la g\u00e9n\u00e9rosit\u00e9 aromatique.<\/p>\n<p>Compos\u00e9 \u00e0 96% d&#8217;huile d&#8217;olive vierge extra, ces petites sph\u00e8res sont \u00e9labor\u00e9es gr\u00e2ce \u00e0 un proc\u00e9d\u00e9 d&#8217;encapsulation qui leur conf\u00e8re leur tenue parfaite et leur explosion en bouche caractaristique. Au contact du palais, elles lib\u00e8rent leurs ar\u00f4mes avec une intensit\u00e9 et une brutalit\u00e9 douce que ne peut \u00e9galer aucun autre mode de pr\u00e9sentation de l&#8217;huile truff\u00e9e. Les notes de la Truffe Blanche \u2014 miel, musc, ail sauvage \u2014 \u00e9closent instantan\u00e9ment.<\/p>\n<p>Le Caviaroli Maison de la Truffe est un ingr\u00e9dient de composition et de finition d&#8217;une grande \u00e9l\u00e9gance visuelle. D\u00e9pos\u00e9 en petite cuiller\u00e9e sur un \u0153uf brouill\u00e9, une saint-jacques po\u00eael\u00e9e, un risotto cr\u00e9meux, un carpaccio de b\u0153uf ou une mousse de c\u00e9leri-rave, il apporte \u00e0 la fois la touche visuelle du caviar et l&#8217;intensit\u00e9 aromatique de la truffe. Il surprend invariablement les convives et fait parler la table.<\/p>\n<p>Contenu : une verrine de 50g environ. \u00c0 conserver au r\u00e9frig\u00e9rateur apr\u00e8s ouverture. Utiliser \u00e0 temp\u00e9rature ambiante pour une explosion en bouche optimale. Consommer dans les 7 jours apr\u00e8s ouverture.<\/p>","protected":false},"excerpt":{"rendered":"<p>These small spheres of extra virgin olive oil flavoured with white truffle, with a texture similar to caviar, will make your taste buds tingle with delight. Because it explodes in the mouth, leaving behind a unique intensity and aroma, Caviaroli by Maison de la Truffe is the ideal product to enhance all your dishes.<\/p>\n<p><strong>Ingredients: Extra virgin olive oil 96%, water, gelling agent: E401, white truffle flavouring, stabiliser E509, acidifier E330, preservative E202.<\/strong><\/p>\n<p><em>Storage: Store in a cool, dry place away from light. Consume promptly after opening.\u00a0<\/em><\/p>\n<p><em>Price per kilo: \u20ac500<\/em><\/p>","protected":false},"featured_media":20981,"comment_status":"closed","ping_status":"closed","template":"","meta":[],"product_brand":[],"product_cat":[62,110],"product_tag":[],"class_list":{"0":"post-9541","1":"product","2":"type-product","3":"status-publish","4":"has-post-thumbnail","6":"product_cat-epicerie","7":"product_cat-nos-idees-cadeaux","9":"first","10":"instock","11":"taxable","12":"shipping-taxable","13":"purchasable","14":"product-type-simple"},"_links":{"self":[{"href":"https:\/\/www.gourmandisedeluxe.com\/en\/wp-json\/wp\/v2\/product\/9541","targetHints":{"allow":["GET"]}}],"collection":[{"href":"https:\/\/www.gourmandisedeluxe.com\/en\/wp-json\/wp\/v2\/product"}],"about":[{"href":"https:\/\/www.gourmandisedeluxe.com\/en\/wp-json\/wp\/v2\/types\/product"}],"replies":[{"embeddable":true,"href":"https:\/\/www.gourmandisedeluxe.com\/en\/wp-json\/wp\/v2\/comments?post=9541"}],"version-history":[{"count":0,"href":"https:\/\/www.gourmandisedeluxe.com\/en\/wp-json\/wp\/v2\/product\/9541\/revisions"}],"wp:featuredmedia":[{"embeddable":true,"href":"https:\/\/www.gourmandisedeluxe.com\/en\/wp-json\/wp\/v2\/media\/20981"}],"wp:attachment":[{"href":"https:\/\/www.gourmandisedeluxe.com\/en\/wp-json\/wp\/v2\/media?parent=9541"}],"wp:term":[{"taxonomy":"product_brand","embeddable":true,"href":"https:\/\/www.gourmandisedeluxe.com\/en\/wp-json\/wp\/v2\/product_brand?post=9541"},{"taxonomy":"product_cat","embeddable":true,"href":"https:\/\/www.gourmandisedeluxe.com\/en\/wp-json\/wp\/v2\/product_cat?post=9541"},{"taxonomy":"product_tag","embeddable":true,"href":"https:\/\/www.gourmandisedeluxe.com\/en\/wp-json\/wp\/v2\/product_tag?post=9541"}],"curies":[{"name":"wp","href":"https:\/\/api.w.org\/{rel}","templated":true}]}}