{"id":9448,"date":"2020-11-05T19:46:09","date_gmt":"2020-11-05T18:46:09","guid":{"rendered":"https:\/\/www.miel-montet.com\/kaspia_new\/product\/pralines-a-la-truffe-dete-70g-ou-140g\/"},"modified":"2026-04-28T19:17:21","modified_gmt":"2026-04-28T17:17:21","slug":"truffle-chocolates","status":"publish","type":"product","link":"https:\/\/www.gourmandisedeluxe.com\/en\/pralines-a-la-truffe-dete\/","title":{"rendered":"Summer Truffle Pralines"},"content":{"rendered":"<p>The <strong>Summer Truffle Pralines<\/strong> sont une gourmandise qui r\u00e9concilie l&#8217;univers des confiseurs et celui des cavaliers de la truffe. La Tuber Aestivum, truffe d&#8217;et\u00e9 au profil aromatique plus doux et noisett\u00e9 que la Melanosporum, s&#8217;associe ici \u00e0 des pralines finement travaill\u00e9es pour cr\u00e9er une confiserie aussi \u00e9l\u00e9gante qu&#8217;originale.<\/p>\n<p>La praline, avec sa texture craquante et sa richesse en sucre caramellis\u00e9, offre un contrepoint parfait aux notes terreuses et subtilement bois\u00e9es de la truffe d&#8217;et\u00e9. Le r\u00e9sultat est une confiserie d&#8217;une complexit\u00e9 insoup\u00e7onn\u00e9e, qui surprend \u00e0 chaque bouch\u00e9e et incite irr\u00e9m\u00e9diablement \u00e0 en reprendre une. La bo\u00eete de <strong>180 grammes<\/strong> est disponible en format d\u00e9gustation et format g\u00e9n\u00e9reux pour les grandes occasions.<\/p>\n<p>Parfaites en mignardises apr\u00e8s un d\u00eener gastronomique, gliss\u00e9es dans un coffret cadeau ou grigno\u0442\u00e9es lors d&#8217;un moment de v\u00e9ritable gourmandise assum\u00e9e. Elles s&#8217;accordent remarquablement avec un th\u00e9 noir grand cru, un cafe\u0301 de sp\u00e9cialit\u00e9 ou un Armagnac l\u00e9ger. \u00c0 conserver dans un endroit frais et sec, entre 15 et 18\u00b0C.<\/p>","protected":false},"excerpt":{"rendered":"<p>These small <strong>chocolate pralines<\/strong>, hazelnut and summer truffle flavours are ideal with a cup of coffee or tea, or simply for a sweet treat.<\/p>\n<p>Ingredients: White chocolate (sugar, cocoa butter, whole milk powder, milk sugar, emulsifier: soya lecithin, natural vanilla flavouring), \u00abNocciola Piemonte I.G.P.\u00bb hazelnuts 35%, powdered sugar, wafer (wheat flour, sugar, anhydrous milk fat, lactose, milk protein, salt, malted barley flour, raising agent: E500ii), freeze-dried summer truffle (Tuber aestivum) 0.3% (equivalent to 1.5% of fresh truffle), flavouring. Contains: soya, hazelnuts, milk, gluten. May contain traces of other nuts and eggs.<\/p>\n<p><em>Storage: Store in a cool, dry place away from light.<\/em><\/p>","protected":false},"featured_media":16809,"comment_status":"closed","ping_status":"closed","template":"","meta":[],"product_brand":[],"product_cat":[76,72],"product_tag":[],"class_list":{"0":"post-9448","1":"product","2":"type-product","3":"status-publish","4":"has-post-thumbnail","6":"product_cat-douceurs-sucrees","7":"product_cat-epicerie-fine","9":"first","10":"instock","11":"taxable","12":"shipping-taxable","13":"purchasable","14":"product-type-variable","15":"has-default-attributes"},"_links":{"self":[{"href":"https:\/\/www.gourmandisedeluxe.com\/en\/wp-json\/wp\/v2\/product\/9448","targetHints":{"allow":["GET"]}}],"collection":[{"href":"https:\/\/www.gourmandisedeluxe.com\/en\/wp-json\/wp\/v2\/product"}],"about":[{"href":"https:\/\/www.gourmandisedeluxe.com\/en\/wp-json\/wp\/v2\/types\/product"}],"replies":[{"embeddable":true,"href":"https:\/\/www.gourmandisedeluxe.com\/en\/wp-json\/wp\/v2\/comments?post=9448"}],"version-history":[{"count":0,"href":"https:\/\/www.gourmandisedeluxe.com\/en\/wp-json\/wp\/v2\/product\/9448\/revisions"}],"wp:featuredmedia":[{"embeddable":true,"href":"https:\/\/www.gourmandisedeluxe.com\/en\/wp-json\/wp\/v2\/media\/16809"}],"wp:attachment":[{"href":"https:\/\/www.gourmandisedeluxe.com\/en\/wp-json\/wp\/v2\/media?parent=9448"}],"wp:term":[{"taxonomy":"product_brand","embeddable":true,"href":"https:\/\/www.gourmandisedeluxe.com\/en\/wp-json\/wp\/v2\/product_brand?post=9448"},{"taxonomy":"product_cat","embeddable":true,"href":"https:\/\/www.gourmandisedeluxe.com\/en\/wp-json\/wp\/v2\/product_cat?post=9448"},{"taxonomy":"product_tag","embeddable":true,"href":"https:\/\/www.gourmandisedeluxe.com\/en\/wp-json\/wp\/v2\/product_tag?post=9448"}],"curies":[{"name":"wp","href":"https:\/\/api.w.org\/{rel}","templated":true}]}}