{"id":9388,"date":"2020-11-05T19:45:53","date_gmt":"2020-11-05T18:45:53","guid":{"rendered":"https:\/\/www.miel-montet.com\/kaspia_new\/product\/risotto-a-la-truffe-dete-tuber-aestivum-240g\/"},"modified":"2026-04-22T13:52:36","modified_gmt":"2026-04-22T11:52:36","slug":"truffle-risotto-dete","status":"publish","type":"product","link":"https:\/\/www.gourmandisedeluxe.com\/en\/risotto-a-la-truffe-dete\/","title":{"rendered":"Summer Truffle Risotto"},"content":{"rendered":"<p>Ce Risotto \u00e0 la Truffe d&#8217;\u00c9t\u00e9 est une pr\u00e9paration compl\u00e8te \u00e9labor\u00e9e autour d&#8217;une base de riz \u00e0 69%, enrichie de cr\u00e8me fra\u00eeche en poudre, de beurre, de grana en poudre, d&#8217;amidon de ma\u00efs et de jaune d&#8217;oeuf \u2014 tout ce qu&#8217;il faut pour obtenir un risotto cr\u00e9meux, mantecato, \u00e0 la texture velout\u00e9e des grandes trattorias du Nord de l&#8217;Italie. La truffe d&#8217;\u00e9t\u00e9 lyophilis\u00e9e <em>Tuber Aestivum<\/em> \u00e0 1,2% correspond \u00e0 6% de truffe fra\u00eeche \u2014 un dosage cr\u00e9dible, suffisant pour que le parfum de noisette et de sous-bois soit bien pr\u00e9sent dans chaque bouchee.<\/p>\n<p>La pr\u00e9paration ne demande que quelques minutes : faire revenir \u00e9ventuellement une \u00e9chalo\u00f4te dans le beurre, ajouter la pr\u00e9paration avec le bouillon de volaille chaud, laisser absorber en remuant r\u00e9guli\u00e8rement. En fin de cuisson, monter au beurre froid hors du feu et ajouter si d\u00e9sir\u00e9 une cuiller\u00e9e de pur\u00e9e de truffes noires pour intensifier encore l&#8217;ar\u00f4me.<\/p>\n<p>Servi en plat principal avec quelques copeaux de parmesan et un filet d&#8217;huile d&#8217;olive, ou en accompagnement d&#8217;une escalope de veau, d&#8217;un Saint-Pierre po\u00eael\u00e9 ou d&#8217;un magret de canard ros\u00e9 : ce risotto d\u00e9fend la pl\u00e9nitude d&#8217;un plat complet en un temps record.<\/p>\n<p>Conserver dans un endroit sec et frais. Cuisson : environ 18 minutes selon les instructions du paquet.<\/p>","protected":false},"excerpt":{"rendered":"<p>Enjoyed as a main course or as an accompaniment to meat or fish, this risotto has everything to please gourmets and lovers of summer truffles.<\/p>\n<p><strong>Ingredients: Rice (69%), powdered cr\u00e8me fra\u00eeche, butter, powdered Grana cheese, corn starch, egg yolk, freeze-dried summer truffles (Tuber aestivum) 1.2% (equivalent to 6% of fresh truffles), flavourings, salt.<\/strong><\/p>\n<p><em>Storage: Store in a cool, dry place away from light.<\/em><\/p>\n<p><em>Quantity: 240g<br \/>\n<\/em><em>Price per kg: \u20ac91.67<\/em><\/p>","protected":false},"featured_media":16319,"comment_status":"closed","ping_status":"closed","template":"","meta":[],"product_brand":[],"product_cat":[198,72],"product_tag":[],"class_list":{"0":"post-9388","1":"product","2":"type-product","3":"status-publish","4":"has-post-thumbnail","6":"product_cat-ads_plats_prepares","7":"product_cat-epicerie-fine","9":"first","10":"instock","11":"taxable","12":"shipping-taxable","13":"purchasable","14":"product-type-simple"},"_links":{"self":[{"href":"https:\/\/www.gourmandisedeluxe.com\/en\/wp-json\/wp\/v2\/product\/9388","targetHints":{"allow":["GET"]}}],"collection":[{"href":"https:\/\/www.gourmandisedeluxe.com\/en\/wp-json\/wp\/v2\/product"}],"about":[{"href":"https:\/\/www.gourmandisedeluxe.com\/en\/wp-json\/wp\/v2\/types\/product"}],"replies":[{"embeddable":true,"href":"https:\/\/www.gourmandisedeluxe.com\/en\/wp-json\/wp\/v2\/comments?post=9388"}],"version-history":[{"count":0,"href":"https:\/\/www.gourmandisedeluxe.com\/en\/wp-json\/wp\/v2\/product\/9388\/revisions"}],"wp:featuredmedia":[{"embeddable":true,"href":"https:\/\/www.gourmandisedeluxe.com\/en\/wp-json\/wp\/v2\/media\/16319"}],"wp:attachment":[{"href":"https:\/\/www.gourmandisedeluxe.com\/en\/wp-json\/wp\/v2\/media?parent=9388"}],"wp:term":[{"taxonomy":"product_brand","embeddable":true,"href":"https:\/\/www.gourmandisedeluxe.com\/en\/wp-json\/wp\/v2\/product_brand?post=9388"},{"taxonomy":"product_cat","embeddable":true,"href":"https:\/\/www.gourmandisedeluxe.com\/en\/wp-json\/wp\/v2\/product_cat?post=9388"},{"taxonomy":"product_tag","embeddable":true,"href":"https:\/\/www.gourmandisedeluxe.com\/en\/wp-json\/wp\/v2\/product_tag?post=9388"}],"curies":[{"name":"wp","href":"https:\/\/api.w.org\/{rel}","templated":true}]}}