{"id":9358,"date":"2020-11-05T19:45:42","date_gmt":"2020-11-05T18:45:42","guid":{"rendered":"https:\/\/www.miel-montet.com\/kaspia_new\/product\/huile-dolive-a-la-truffe-noire-arizzi-100ml\/"},"modified":"2026-04-22T15:09:15","modified_gmt":"2026-04-22T13:09:15","slug":"arizzi-black-truffle-olive-oil","status":"publish","type":"product","link":"https:\/\/www.gourmandisedeluxe.com\/en\/huile-dolive-a-la-truffe-noire-arizzi\/","title":{"rendered":"Arizzi Black Truffle Olive Oil"},"content":{"rendered":"<p>La Maison Arizzi est l&#8217;une des r\u00e9f\u00e9rences italiennes de l&#8217;huile de truffe haut de gamme \u2014 un producteur artisanal qui s\u00e9lectionne ses olives dans les terroirs les plus qualitatifs de la P\u00e9ninsule et infuse ses huiles avec la m\u00eame exigence. Cette <strong>Arizzi Black Truffle Olive Oil<\/strong> s\u00e9lectionn\u00e9e par la Maison de la Truffe est l&#8217;une des plus fines de sa gamme d&#8217;huiles truff\u00e9es.<\/p>\n<p>Sa base d&#8217;huile d&#8217;olive extra vierge de qualit\u00e9 sup\u00e9rieure laisse s&#8217;exprimer pleinement les ar\u00f4mes de truffe noire : profonds, persistants, avec des notes de sous-bois, de champignon s\u00e9ch\u00e9 et une l\u00e9g\u00e8re touche de cacao en finale. \u00c0 utiliser cru, en finition, juste avant le service. Propos\u00e9e \u00e0 <strong>34\u20ac<\/strong>.<\/p>\n<p>Id\u00e9ale sur des pappardelles, un risotto ai porcini, des oeufs brouill\u00e9s, une burrata ou un carpaccio de veau. Conservez \u00e0 l&#8217;abri de la lumi\u00e8re et de la chaleur, id\u00e9alement dans un placard frais. Une r\u00e9f\u00e9rence de la Maison pour les amateurs d&#8217;huiles truff\u00e9es haut de gamme.<\/p>","protected":false},"excerpt":{"rendered":"<p>Discover this exceptional product, divine extra virgin olive oil from Moulin Fortun\u00e9 Arizzi, blended with the flavours of black truffle.<\/p>\n<p><strong>Ingredients: Extra virgin olive oil from Moulin Fortun\u00e9 Arizzi, black truffle flavouring.<\/strong><\/p>\n<p><em>Storage: Store in a cool, dry place away from light.<\/em><\/p>\n<p><em>Quantity: 100ml<br \/>\n<\/em><em>Price per litre: \u20ac410<\/em><\/p>","protected":false},"featured_media":16340,"comment_status":"closed","ping_status":"closed","template":"","meta":[],"product_brand":[],"product_cat":[72,75,110],"product_tag":[],"class_list":{"0":"post-9358","1":"product","2":"type-product","3":"status-publish","4":"has-post-thumbnail","6":"product_cat-epicerie-fine","7":"product_cat-huiles-et-vinaigres","8":"product_cat-nos-idees-cadeaux","10":"first","11":"instock","12":"taxable","13":"shipping-taxable","14":"purchasable","15":"product-type-simple"},"_links":{"self":[{"href":"https:\/\/www.gourmandisedeluxe.com\/en\/wp-json\/wp\/v2\/product\/9358","targetHints":{"allow":["GET"]}}],"collection":[{"href":"https:\/\/www.gourmandisedeluxe.com\/en\/wp-json\/wp\/v2\/product"}],"about":[{"href":"https:\/\/www.gourmandisedeluxe.com\/en\/wp-json\/wp\/v2\/types\/product"}],"replies":[{"embeddable":true,"href":"https:\/\/www.gourmandisedeluxe.com\/en\/wp-json\/wp\/v2\/comments?post=9358"}],"version-history":[{"count":0,"href":"https:\/\/www.gourmandisedeluxe.com\/en\/wp-json\/wp\/v2\/product\/9358\/revisions"}],"wp:featuredmedia":[{"embeddable":true,"href":"https:\/\/www.gourmandisedeluxe.com\/en\/wp-json\/wp\/v2\/media\/16340"}],"wp:attachment":[{"href":"https:\/\/www.gourmandisedeluxe.com\/en\/wp-json\/wp\/v2\/media?parent=9358"}],"wp:term":[{"taxonomy":"product_brand","embeddable":true,"href":"https:\/\/www.gourmandisedeluxe.com\/en\/wp-json\/wp\/v2\/product_brand?post=9358"},{"taxonomy":"product_cat","embeddable":true,"href":"https:\/\/www.gourmandisedeluxe.com\/en\/wp-json\/wp\/v2\/product_cat?post=9358"},{"taxonomy":"product_tag","embeddable":true,"href":"https:\/\/www.gourmandisedeluxe.com\/en\/wp-json\/wp\/v2\/product_tag?post=9358"}],"curies":[{"name":"wp","href":"https:\/\/api.w.org\/{rel}","templated":true}]}}