{"id":9346,"date":"2020-11-05T19:45:42","date_gmt":"2020-11-05T18:45:42","guid":{"rendered":"https:\/\/www.miel-montet.com\/kaspia_new\/product\/puree-de-truffes-blanches-tuber-magnatum-pico-25g-ou-50g\/"},"modified":"2026-04-22T13:33:17","modified_gmt":"2026-04-22T11:33:17","slug":"white-truffle-puree","status":"publish","type":"product","link":"https:\/\/www.gourmandisedeluxe.com\/en\/puree-de-truffes-blanches\/","title":{"rendered":"White Truffle Pur\u00e9e"},"content":{"rendered":"<p>La Pur\u00e9e de Truffes Blanches est une pr\u00e9paration d&#8217;exception issue de la <em>Tuber Magnatum Pico<\/em>, la truffe la plus rare et la plus pris\u00e9e au monde. Compos\u00e9e \u00e0 70% de truffes blanches finement hach\u00e9es, li\u00e9es \u00e0 de l&#8217;huile d&#8217;olive extra vierge et d&#8217;une l\u00e9g\u00e8re touche de sel, elle concentre en pot la quintessence aromatique du Pi\u00e9mont italien : notes de miel, de musc, d&#8217;ail sauvage et de foin d\u00e9licat, dans une texture velout\u00e9e et g\u00e9n\u00e9reuse.<\/p>\n<p>Contrairement \u00e0 la truffe blanche fra\u00eeche, dont la saisonnabilit\u00e9 la rend inaccessible une grande partie de l&#8217;ann\u00e9e, cette pur\u00e9e permet de retrouver son univers aromatique \u00e0 tout moment, avec une simplicit\u00e9 d&#8217;utilisation remarquable. Elle se pr\u00eate particuli\u00e8rement bien aux finitions hors du feu, car la chaleur intense att\u00e9nue les ar\u00f4mes d\u00e9licats de la Magnatum.<\/p>\n<p>D\u00e9pos\u00e9e sur des tagliolini cuits al dente avec quelques copeaux de beurre fondu, tartinee sur des tartines de pain grill\u00e9 \u00e0 l&#8217;ap\u00e9ritif, m\u00e9lang\u00e9e \u00e0 une ricotta pour garnir des fagottini ou des ravioles, cette pur\u00e9e d&#8217;une noblesse rare s&#8217;impose comme l&#8217;ingr\u00e9dient incontournable de la cuisine blanche la plus \u00e9l\u00e9gante. Elle fera \u00e9galement des merveilles d\u00e9pos\u00e9e sur un \u0153uf mollet, quelques instants avant de servir.<\/p>\n<p>Disponible en 25g et 50g. \u00c0 conserver dans un local sec, \u00e0 l&#8217;abri de la lumi\u00e8re. Apr\u00e8s ouverture, r\u00e9frig\u00e9rer et consommer sous cinq jours.<\/p>","protected":false},"excerpt":{"rendered":"<p>Delicious when used in sauces or served with pasta, white truffle pur\u00e9e is also ideal spread on gourmet bread toasts for a flavourful and refined aperitif.<\/p>\n<p><strong>Ingredients: White truffles (70%), extra virgin olive oil, salt, flavourings.<\/strong><\/p>\n<p><em>Storage: Store in a cool, dry place away from light.<\/em><\/p>\n<p><i>Quantity: 25g or 50g (Select your choice)<br \/>\n<\/i><em>Price per kg: \u20ac2,760<\/em><\/p>","protected":false},"featured_media":17235,"comment_status":"closed","ping_status":"closed","template":"","meta":[],"product_brand":[],"product_cat":[110,78],"product_tag":[],"class_list":{"0":"post-9346","1":"product","2":"type-product","3":"status-publish","4":"has-post-thumbnail","6":"product_cat-nos-idees-cadeaux","7":"product_cat-truffes-en-conserves","9":"first","10":"outofstock","11":"taxable","12":"shipping-taxable","13":"purchasable","14":"product-type-variable"},"_links":{"self":[{"href":"https:\/\/www.gourmandisedeluxe.com\/en\/wp-json\/wp\/v2\/product\/9346","targetHints":{"allow":["GET"]}}],"collection":[{"href":"https:\/\/www.gourmandisedeluxe.com\/en\/wp-json\/wp\/v2\/product"}],"about":[{"href":"https:\/\/www.gourmandisedeluxe.com\/en\/wp-json\/wp\/v2\/types\/product"}],"replies":[{"embeddable":true,"href":"https:\/\/www.gourmandisedeluxe.com\/en\/wp-json\/wp\/v2\/comments?post=9346"}],"version-history":[{"count":0,"href":"https:\/\/www.gourmandisedeluxe.com\/en\/wp-json\/wp\/v2\/product\/9346\/revisions"}],"wp:featuredmedia":[{"embeddable":true,"href":"https:\/\/www.gourmandisedeluxe.com\/en\/wp-json\/wp\/v2\/media\/17235"}],"wp:attachment":[{"href":"https:\/\/www.gourmandisedeluxe.com\/en\/wp-json\/wp\/v2\/media?parent=9346"}],"wp:term":[{"taxonomy":"product_brand","embeddable":true,"href":"https:\/\/www.gourmandisedeluxe.com\/en\/wp-json\/wp\/v2\/product_brand?post=9346"},{"taxonomy":"product_cat","embeddable":true,"href":"https:\/\/www.gourmandisedeluxe.com\/en\/wp-json\/wp\/v2\/product_cat?post=9346"},{"taxonomy":"product_tag","embeddable":true,"href":"https:\/\/www.gourmandisedeluxe.com\/en\/wp-json\/wp\/v2\/product_tag?post=9346"}],"curies":[{"name":"wp","href":"https:\/\/api.w.org\/{rel}","templated":true}]}}