{"id":9316,"date":"2020-11-05T19:45:26","date_gmt":"2020-11-05T18:45:26","guid":{"rendered":"https:\/\/www.miel-montet.com\/kaspia_new\/product\/cuillere-en-nacre-grand-modele-10cm\/"},"modified":"2026-04-22T15:05:43","modified_gmt":"2026-04-22T13:05:43","slug":"large-mother-of-pearl-spoon","status":"publish","type":"product","link":"https:\/\/www.gourmandisedeluxe.com\/en\/cuillere-en-nacre-grand-modele\/","title":{"rendered":"Large Engraved Mother-of-Pearl Spoon"},"content":{"rendered":"<p>La <strong>Cuill\u00e8re en Nacre Grand Mod\u00e8le Grav\u00e9e Kaspia<\/strong> est la version de prestige de l&#8217;instrument de d\u00e9gustation du caviar de la Maison. Plus grande et plus g\u00e9n\u00e9reuse que le petit mod\u00e8le, elle permet un service de table \u00e0 plusieurs convives ou une d\u00e9gustation plus large lors d&#8217;une r\u00e9ception. La gravure Kaspia, appliqu\u00e9e sur le manche, en fait une pi\u00e8ce sign\u00e9e et collect\u00e9e.<\/p>\n<p>La nacre, mat\u00e9riau noble par excellence, est neutre au go\u00fbt et n&#8217;alt\u00e8re en aucune fa\u00e7on les ar\u00f4mes complexes du caviar \u2014 iod\u00e9s, noisett\u00e9s, beurr\u00e9s \u2014 contrairement aux m\u00e9taux qui oxydent au contact du sel. Son utilisation est la marque d&#8217;un connaisseur qui prend la d\u00e9gustation au s\u00e9rieux. Propos\u00e9e \u00e0 <strong>19\u20ac<\/strong>.<\/p>\n<p>La cuill\u00e8re id\u00e9ale pour les grandes occasions, les services de table chez soi ou en cadeau avec une bo\u00eete de caviar Kaspia. Elle est \u00e9galement la pi\u00e8ce ma\u00eetresse de tout coffret cadeau autour du caviar : pratique, noble, porteuse du nom de la Maison. Lavage \u00e0 la main impos\u00e9, essuyage imm\u00e9diat apr\u00e8s lavage recommand\u00e9.<\/p>","protected":false},"excerpt":{"rendered":"<p>10 cm Pearl Mother-of-Pearl Spoon Engraved with Kaspia<br \/>\nAn essential utensil for any caviar tasting, the Kaspia mother-of-pearl spoon allows you to enjoy the full flavour of these little pearls of the sea without risking altering their taste.<\/p>","protected":false},"featured_media":24433,"comment_status":"closed","ping_status":"closed","template":"","meta":[],"product_brand":[],"product_cat":[104,193,142,143],"product_tag":[],"class_list":{"0":"post-9316","1":"product","2":"type-product","3":"status-publish","4":"has-post-thumbnail","6":"product_cat-accessoires-kaspia","7":"product_cat-ads_accessoires","8":"product_cat-arts-de-la-table-kaspia","9":"product_cat-fetes-kaspia","11":"first","12":"instock","13":"taxable","14":"shipping-taxable","15":"purchasable","16":"product-type-simple"},"_links":{"self":[{"href":"https:\/\/www.gourmandisedeluxe.com\/en\/wp-json\/wp\/v2\/product\/9316","targetHints":{"allow":["GET"]}}],"collection":[{"href":"https:\/\/www.gourmandisedeluxe.com\/en\/wp-json\/wp\/v2\/product"}],"about":[{"href":"https:\/\/www.gourmandisedeluxe.com\/en\/wp-json\/wp\/v2\/types\/product"}],"replies":[{"embeddable":true,"href":"https:\/\/www.gourmandisedeluxe.com\/en\/wp-json\/wp\/v2\/comments?post=9316"}],"version-history":[{"count":0,"href":"https:\/\/www.gourmandisedeluxe.com\/en\/wp-json\/wp\/v2\/product\/9316\/revisions"}],"wp:featuredmedia":[{"embeddable":true,"href":"https:\/\/www.gourmandisedeluxe.com\/en\/wp-json\/wp\/v2\/media\/24433"}],"wp:attachment":[{"href":"https:\/\/www.gourmandisedeluxe.com\/en\/wp-json\/wp\/v2\/media?parent=9316"}],"wp:term":[{"taxonomy":"product_brand","embeddable":true,"href":"https:\/\/www.gourmandisedeluxe.com\/en\/wp-json\/wp\/v2\/product_brand?post=9316"},{"taxonomy":"product_cat","embeddable":true,"href":"https:\/\/www.gourmandisedeluxe.com\/en\/wp-json\/wp\/v2\/product_cat?post=9316"},{"taxonomy":"product_tag","embeddable":true,"href":"https:\/\/www.gourmandisedeluxe.com\/en\/wp-json\/wp\/v2\/product_tag?post=9316"}],"curies":[{"name":"wp","href":"https:\/\/api.w.org\/{rel}","templated":true}]}}