{"id":9265,"date":"2020-11-05T19:47:26","date_gmt":"2020-11-05T18:47:26","guid":{"rendered":"https:\/\/www.miel-montet.com\/kaspia_new\/product\/caviar-oscietre-royal-a-partir-de-30g\/"},"modified":"2026-04-22T13:27:27","modified_gmt":"2026-04-22T11:27:27","slug":"oscietre-royal-caviar","status":"publish","type":"product","link":"https:\/\/www.gourmandisedeluxe.com\/en\/caviar-oscietre-royal\/","title":{"rendered":"Royal Osci\u00e8tre Caviar"},"content":{"rendered":"<p>Le Caviar Osci\u00e8tre Royal tient sa singularit\u00e9 d\u2019un mode d\u2019\u00e9levage qui lui conf\u00e8re une personnalit\u00e9 \u00e0 part enti\u00e8re dans la gamme Kaspia. Issu de l\u2019esturgeon <em>Acipenser gueldenstaedtii<\/em>, un poisson pouvant atteindre 20 \u00e0 50\u00a0kg, il est \u00e9lev\u00e9 dans des conditions proches du milieu naturel \u2014 un \u00e9levage dit semi-sauvage \u2014 qui permet \u00e0 l\u2019animal de d\u00e9velopper ses saveurs dans un environnement peu contraint. Il en r\u00e9sulte un caviar d\u2019une vivacit\u00e9 et d\u2019une complexit\u00e9 aromatiques remarquables.<\/p>\n<p>Ses grains, d\u2019un beau calibre et d\u2019une texture ferme, d\u00e9ploient en bouche une palette gustative riche et nuanc\u00e9e\u00a0: iode \u00e9l\u00e9gante, notes de noisette et de beurre frais, avec une touche de terroir que l\u2019on ne retrouve pas dans les \u00e9levages intensifs. Sa longueur en bouche est g\u00e9n\u00e9reuse, persistante, et laisse une signature gustative m\u00e9morable.<\/p>\n<p>Compos\u00e9 d\u2019\u0153ufs d\u2019esturgeon <em>Acipenser gueldenstaedtii<\/em>, de sel et de conservateur (E285). \u00c0 conserver entre \u22122\u00b0C et +2\u00b0C. Disponible de 30\u00a0g \u00e0 1\u00a0kg, l\u2019Osci\u00e8tre Royal repr\u00e9sente un \u00e9quilibre remarquable entre accessibilit\u00e9 et excellence. Il constitue une introduction id\u00e9ale aux grands caviars ou un choix s\u00fbr pour une table gastronomique. Sugg\u00e9r\u00e9 avec un Meursault ou un champagne brut nature.<\/p>","protected":false},"excerpt":{"rendered":"<p>Kaspia Reserve Oscietra caviar is selected by our experts from the largest and finest grains of this sturgeon, promising an unforgettable tasting experience. This powerful, amber-coloured caviar has a beautiful long finish.<\/p>\n<p><strong>Composition: Acipencer gueldenstaedtli sturgeon eggs, salt, preservative E285.<\/strong><\/p>\n<p><em>Storage: Between -2\u00b0C and +2\u00b0C. \u00a0 \u00a0<\/em><\/p>\n<p><em>Select your quantity below<\/em><\/p>","protected":false},"featured_media":24376,"comment_status":"closed","ping_status":"closed","template":"","meta":[],"product_brand":[],"product_cat":[194,103],"product_tag":[],"class_list":{"0":"post-9265","1":"product","2":"type-product","3":"status-publish","4":"has-post-thumbnail","6":"product_cat-ads_fruits-de-mer","7":"product_cat-caviars-caviars","9":"first","10":"instock","11":"taxable","12":"shipping-taxable","13":"purchasable","14":"product-type-variable"},"_links":{"self":[{"href":"https:\/\/www.gourmandisedeluxe.com\/en\/wp-json\/wp\/v2\/product\/9265","targetHints":{"allow":["GET"]}}],"collection":[{"href":"https:\/\/www.gourmandisedeluxe.com\/en\/wp-json\/wp\/v2\/product"}],"about":[{"href":"https:\/\/www.gourmandisedeluxe.com\/en\/wp-json\/wp\/v2\/types\/product"}],"replies":[{"embeddable":true,"href":"https:\/\/www.gourmandisedeluxe.com\/en\/wp-json\/wp\/v2\/comments?post=9265"}],"version-history":[{"count":0,"href":"https:\/\/www.gourmandisedeluxe.com\/en\/wp-json\/wp\/v2\/product\/9265\/revisions"}],"wp:featuredmedia":[{"embeddable":true,"href":"https:\/\/www.gourmandisedeluxe.com\/en\/wp-json\/wp\/v2\/media\/24376"}],"wp:attachment":[{"href":"https:\/\/www.gourmandisedeluxe.com\/en\/wp-json\/wp\/v2\/media?parent=9265"}],"wp:term":[{"taxonomy":"product_brand","embeddable":true,"href":"https:\/\/www.gourmandisedeluxe.com\/en\/wp-json\/wp\/v2\/product_brand?post=9265"},{"taxonomy":"product_cat","embeddable":true,"href":"https:\/\/www.gourmandisedeluxe.com\/en\/wp-json\/wp\/v2\/product_cat?post=9265"},{"taxonomy":"product_tag","embeddable":true,"href":"https:\/\/www.gourmandisedeluxe.com\/en\/wp-json\/wp\/v2\/product_tag?post=9265"}],"curies":[{"name":"wp","href":"https:\/\/api.w.org\/{rel}","templated":true}]}}