{"id":9262,"date":"2020-11-05T19:45:26","date_gmt":"2020-11-05T18:45:26","guid":{"rendered":"https:\/\/www.miel-montet.com\/kaspia_new\/product\/caviar-imperial-baeri-a-partir-de-30g\/"},"modified":"2026-04-22T13:27:27","modified_gmt":"2026-04-22T11:27:27","slug":"imperial-baeri-caviar","status":"publish","type":"product","link":"https:\/\/www.gourmandisedeluxe.com\/en\/caviar-imperial-baeri\/","title":{"rendered":"Imperial Baeri Caviar"},"content":{"rendered":"<p>Le Caviar Imp\u00e9rial Baeri est la d\u00e9clinaison premium de l\u2019esturgeon <em>Acipenser baerii<\/em>, s\u00e9lectionn\u00e9 par les experts Kaspia parmi les productions d\u2019Italie. Il se distingue par la clart\u00e9 de ses grains et la douceur remarquable de son profil aromatique \u2014 deux caract\u00e9ristiques qui t\u00e9moignent d\u2019un \u00e9levage ma\u00eetris\u00e9 et d\u2019une maturation optimale.<\/p>\n<p>Ses grains, d\u2019un diam\u00e8tre g\u00e9n\u00e9reux de 2 \u00e0 2,8\u00a0mm, arborent une robe allant du gris anthracite au brun dor\u00e9 selon les lots. En bouche, leur texture fondante et molle s\u00e9duit imm\u00e9diatement\u00a0: ni trop ferme, ni trop d\u00e9licat, l\u2019\u00e9quilibre est parfait. Le go\u00fbt, fin et frais, exprime une iode l\u00e9g\u00e8re, un soup\u00e7on de beurre et une certaine rondeur qui font l\u2019identit\u00e9 du Baeri italien. Son salage d\u00e9licat, ma\u00eetris\u00e9 par la maison Kaspia, est pens\u00e9 pour sublimer chaque saveur sans jamais les masquer.<\/p>\n<p>Compos\u00e9 d\u2019\u0153ufs d\u2019esturgeon Baeri, de sel et d\u2019une touche de conservateur (E285). \u00c0 conserver entre \u22122\u00b0C et +2\u00b0C. Disponible de 30\u00a0g \u00e0 1\u00a0kg, il constitue une entr\u00e9e remarquable dans l\u2019univers du grand caviar \u2014 accessible dans son positionnement, incomparable dans sa finesse. \u00c0 servir sur blini ti\u00e8de ou pomme de terre vapeur.<\/p>","protected":false},"excerpt":{"rendered":"<p>With its large grains (2 to 2.8 mm) ranging in colour from anthracite grey to golden brown, this caviar selected by Kaspia develops a delicate, fresh flavour with a melt-in-the-mouth texture. Its delicate salting allows its subtle flavours to fully express themselves.<\/p>\n<p><strong>Composition: Baeri sturgeon eggs, salt, preservative E285.<\/strong><\/p>\n<p><em>Storage: Between -2\u00b0C and +2\u00b0C.<\/em><\/p>\n<p><em>Select your quantity below<\/em><\/p>","protected":false},"featured_media":24353,"comment_status":"closed","ping_status":"closed","template":"","meta":[],"product_brand":[],"product_cat":[194,103,143],"product_tag":[180,179,181],"class_list":{"0":"post-9262","1":"product","2":"type-product","3":"status-publish","4":"has-post-thumbnail","6":"product_cat-ads_fruits-de-mer","7":"product_cat-caviars-caviars","8":"product_cat-fetes-kaspia","9":"product_tag-baeri","10":"product_tag-caviar","11":"product_tag-caviar-kaspia","13":"first","14":"instock","15":"taxable","16":"shipping-taxable","17":"purchasable","18":"product-type-variable"},"_links":{"self":[{"href":"https:\/\/www.gourmandisedeluxe.com\/en\/wp-json\/wp\/v2\/product\/9262","targetHints":{"allow":["GET"]}}],"collection":[{"href":"https:\/\/www.gourmandisedeluxe.com\/en\/wp-json\/wp\/v2\/product"}],"about":[{"href":"https:\/\/www.gourmandisedeluxe.com\/en\/wp-json\/wp\/v2\/types\/product"}],"replies":[{"embeddable":true,"href":"https:\/\/www.gourmandisedeluxe.com\/en\/wp-json\/wp\/v2\/comments?post=9262"}],"version-history":[{"count":0,"href":"https:\/\/www.gourmandisedeluxe.com\/en\/wp-json\/wp\/v2\/product\/9262\/revisions"}],"wp:featuredmedia":[{"embeddable":true,"href":"https:\/\/www.gourmandisedeluxe.com\/en\/wp-json\/wp\/v2\/media\/24353"}],"wp:attachment":[{"href":"https:\/\/www.gourmandisedeluxe.com\/en\/wp-json\/wp\/v2\/media?parent=9262"}],"wp:term":[{"taxonomy":"product_brand","embeddable":true,"href":"https:\/\/www.gourmandisedeluxe.com\/en\/wp-json\/wp\/v2\/product_brand?post=9262"},{"taxonomy":"product_cat","embeddable":true,"href":"https:\/\/www.gourmandisedeluxe.com\/en\/wp-json\/wp\/v2\/product_cat?post=9262"},{"taxonomy":"product_tag","embeddable":true,"href":"https:\/\/www.gourmandisedeluxe.com\/en\/wp-json\/wp\/v2\/product_tag?post=9262"}],"curies":[{"name":"wp","href":"https:\/\/api.w.org\/{rel}","templated":true}]}}