{"id":24937,"date":"2026-01-22T10:12:00","date_gmt":"2026-01-22T09:12:00","guid":{"rendered":"https:\/\/www.gourmandisedeluxe.com\/?post_type=product&#038;p=24937"},"modified":"2026-04-22T15:15:59","modified_gmt":"2026-04-22T13:15:59","slug":"plaid-caviar-kaspia","status":"publish","type":"product","link":"https:\/\/www.gourmandisedeluxe.com\/en\/plaid-caviar-kaspia\/","title":{"rendered":"Throw - Caviar Kaspia"},"content":{"rendered":"<p>Le <strong>Plaid Caviar Kaspia<\/strong> est la pi\u00e8ce homewear la plus enveloppante de la collection lifestyle de la Maison : un grand plaid douillet, en mati\u00e8re douce et chaleureuse, aux couleurs et motifs signature Kaspia. Pos\u00e9 sur un canap\u00e9, utilis\u00e9 comme couverture de voyage ou draps\u00e9 sur les \u00e9paules un soir d&#8217;automne, il est aussi d\u00e9coratif que fonctionnel. Propos\u00e9 \u00e0 <strong>290\u20ac<\/strong>.<\/p>\n<p>Un cadeau homewear d&#8217;exception pour les amateurs de confort luxueux. Id\u00e9al pour les f\u00eates de fin d&#8217;ann\u00e9e ou un anniversaire. Lavage \u00e0 30\u00b0 sur l&#8217;envers, s\u00e9chage naturel.<\/p>","protected":false},"excerpt":{"rendered":"<p data-start=\"117\" data-end=\"399\">Elegant and colourful, this throw is the expression of discreet refinement by Caviar Kaspia. Designed to wrap every moment in softness, it combines a sumptuous texture with a harmonious fall, offering subtle warmth and unrivalled comfort.<\/p>\n<p data-start=\"401\" data-end=\"648\">A must-have in the Caviar Kaspia capsule collection, it embodies the quiet luxury and refined conviviality so characteristic of Kaspia, for moments of relaxation where elegance and well-being meet.<\/p>\n<ul>\n<li>100% extra-fine merino wool<\/li>\n<li>Dimensions: 130 x 175 cm<\/li>\n<\/ul>","protected":false},"featured_media":24982,"comment_status":"open","ping_status":"closed","template":"","meta":[],"product_brand":[],"product_cat":[182,185],"product_tag":[],"class_list":{"0":"post-24937","1":"product","2":"type-product","3":"status-publish","4":"has-post-thumbnail","6":"product_cat-collections","7":"product_cat-noel-2025","9":"first","10":"instock","11":"taxable","12":"shipping-taxable","13":"purchasable","14":"product-type-simple"},"_links":{"self":[{"href":"https:\/\/www.gourmandisedeluxe.com\/en\/wp-json\/wp\/v2\/product\/24937","targetHints":{"allow":["GET"]}}],"collection":[{"href":"https:\/\/www.gourmandisedeluxe.com\/en\/wp-json\/wp\/v2\/product"}],"about":[{"href":"https:\/\/www.gourmandisedeluxe.com\/en\/wp-json\/wp\/v2\/types\/product"}],"replies":[{"embeddable":true,"href":"https:\/\/www.gourmandisedeluxe.com\/en\/wp-json\/wp\/v2\/comments?post=24937"}],"version-history":[{"count":0,"href":"https:\/\/www.gourmandisedeluxe.com\/en\/wp-json\/wp\/v2\/product\/24937\/revisions"}],"wp:featuredmedia":[{"embeddable":true,"href":"https:\/\/www.gourmandisedeluxe.com\/en\/wp-json\/wp\/v2\/media\/24982"}],"wp:attachment":[{"href":"https:\/\/www.gourmandisedeluxe.com\/en\/wp-json\/wp\/v2\/media?parent=24937"}],"wp:term":[{"taxonomy":"product_brand","embeddable":true,"href":"https:\/\/www.gourmandisedeluxe.com\/en\/wp-json\/wp\/v2\/product_brand?post=24937"},{"taxonomy":"product_cat","embeddable":true,"href":"https:\/\/www.gourmandisedeluxe.com\/en\/wp-json\/wp\/v2\/product_cat?post=24937"},{"taxonomy":"product_tag","embeddable":true,"href":"https:\/\/www.gourmandisedeluxe.com\/en\/wp-json\/wp\/v2\/product_tag?post=24937"}],"curies":[{"name":"wp","href":"https:\/\/api.w.org\/{rel}","templated":true}]}}