{"id":23552,"date":"2025-10-29T17:32:57","date_gmt":"2025-10-29T16:32:57","guid":{"rendered":"https:\/\/www.gourmandisedeluxe.com\/?post_type=product&#038;p=23552"},"modified":"2026-04-22T15:15:59","modified_gmt":"2026-04-22T13:15:59","slug":"melgaard-tee-pink","status":"publish","type":"product","link":"https:\/\/www.gourmandisedeluxe.com\/en\/melgaard-tee-pink\/","title":{"rendered":"Melgaard Tee Pink"},"content":{"rendered":"<p><strong>Bjarne Melgaard<\/strong> est un artiste contemporain norv\u00e9gien install\u00e9 \u00e0 New York, c\u00e9l\u00e8bre pour ses oeuvres provocatrices et sa collaboration avec les plus grandes marques de mode et de luxe. La collaboration Melgaard x Kaspia donne naissance \u00e0 une ligne de v\u00eatements et accessoires o\u00f9 l&#8217;iconographie de l&#8217;artiste dialogue avec les codes visuels de la Maison.<\/p>\n<p>Le <strong>Melgaard Tee Pink<\/strong> est la d\u00e9clinaison rose du t-shirt collaboration Melgaard x Kaspia : m\u00eame coupe oversize, m\u00eame imprim\u00e9 exclusif, dans un color\u00e9is rose qui donne au graphisme de Melgaard une tonalite plus douce et plus pop. Propos\u00e9 \u00e0 <strong>170\u20ac<\/strong>.<\/p>\n<p>\u00c9dition limit\u00e9e. Un v\u00eatement d&#8217;artiste port\u00e9e au quotidien, signe d&#8217;appartenance \u00e0 un univers culturel exigeant. Lavage \u00e0 30\u00b0 sur l&#8217;envers.<\/p>","protected":false},"excerpt":{"rendered":"<p>Casual cut<br \/>\nRound neck<br \/>\nSloping shoulders<\/p>\n<p>This unique piece is part of a capsule collection we created in collaboration with Norwegian artist Bjarne Melgaard and Holzweiler. The\u00a0<strong>Melgaard t-shirt<\/strong>\u00a0features the \u201cMr Caviar\u201d motif, the emblem of the collection. It is designed with a round neck and a relaxed fit.<\/p>\n<p>&nbsp;<\/p>\n<p>Available in XXS, XS, M, L, XL<\/p>","protected":false},"featured_media":23562,"comment_status":"open","ping_status":"closed","template":"","meta":[],"product_brand":[],"product_cat":[182,185],"product_tag":[],"class_list":{"0":"post-23552","1":"product","2":"type-product","3":"status-publish","4":"has-post-thumbnail","6":"product_cat-collections","7":"product_cat-noel-2025","9":"first","10":"instock","11":"taxable","12":"shipping-taxable","13":"purchasable","14":"product-type-variable"},"_links":{"self":[{"href":"https:\/\/www.gourmandisedeluxe.com\/en\/wp-json\/wp\/v2\/product\/23552","targetHints":{"allow":["GET"]}}],"collection":[{"href":"https:\/\/www.gourmandisedeluxe.com\/en\/wp-json\/wp\/v2\/product"}],"about":[{"href":"https:\/\/www.gourmandisedeluxe.com\/en\/wp-json\/wp\/v2\/types\/product"}],"replies":[{"embeddable":true,"href":"https:\/\/www.gourmandisedeluxe.com\/en\/wp-json\/wp\/v2\/comments?post=23552"}],"version-history":[{"count":0,"href":"https:\/\/www.gourmandisedeluxe.com\/en\/wp-json\/wp\/v2\/product\/23552\/revisions"}],"wp:featuredmedia":[{"embeddable":true,"href":"https:\/\/www.gourmandisedeluxe.com\/en\/wp-json\/wp\/v2\/media\/23562"}],"wp:attachment":[{"href":"https:\/\/www.gourmandisedeluxe.com\/en\/wp-json\/wp\/v2\/media?parent=23552"}],"wp:term":[{"taxonomy":"product_brand","embeddable":true,"href":"https:\/\/www.gourmandisedeluxe.com\/en\/wp-json\/wp\/v2\/product_brand?post=23552"},{"taxonomy":"product_cat","embeddable":true,"href":"https:\/\/www.gourmandisedeluxe.com\/en\/wp-json\/wp\/v2\/product_cat?post=23552"},{"taxonomy":"product_tag","embeddable":true,"href":"https:\/\/www.gourmandisedeluxe.com\/en\/wp-json\/wp\/v2\/product_tag?post=23552"}],"curies":[{"name":"wp","href":"https:\/\/api.w.org\/{rel}","templated":true}]}}