{"id":23511,"date":"2025-10-27T14:04:10","date_gmt":"2025-10-27T13:04:10","guid":{"rendered":"https:\/\/www.gourmandisedeluxe.com\/?post_type=product&#038;p=23511"},"modified":"2026-04-22T15:15:59","modified_gmt":"2026-04-22T13:15:59","slug":"bonnet-kaspia-x-hotel-de-crillon","status":"publish","type":"product","link":"https:\/\/www.gourmandisedeluxe.com\/en\/bonnet-kaspia-x-hotel-de-crillon\/","title":{"rendered":"Beanie \u2013 Limited edition Kaspia x H\u00f4tel de Crillon"},"content":{"rendered":"<p>Le <strong>Bonnet \u00c9dition limit\u00e9e Kaspia x H\u00f4tel de Crillon<\/strong> est l&#8217;accessoire hiver de la collaboration entre les deux institutions de la Place de la Concorde. En mati\u00e8re chaude et douce de qualit\u00e9 premium, brod\u00e9 des logos des deux maisons, il est la signature textile la plus accessible de la collection Crillon x Kaspia. Propos\u00e9 \u00e0 <strong>195\u20ac<\/strong>.<\/p>\n<p>\u00c9dition limit\u00e9e, id\u00e9al en cadeau pour les habitu\u00e9s des deux maisons ou les amateurs d&#8217;accessoires d&#8217;hiver sign\u00e9s.<\/p>","protected":false},"excerpt":{"rendered":"<p>Born from an exclusive collaboration between <strong data-start=\"179\" data-end=\"196\">Caviar Kaspia<\/strong> and <strong data-start=\"200\" data-end=\"222\">the H\u00f4tel de Crillon<\/strong>, This merino wool beanie combines <strong data-start=\"257\" data-end=\"278\" data-is-only-node=\"\">natural sweetness<\/strong> and <strong data-start=\"282\" data-end=\"307\">timeless elegance<\/strong>.<br data-start=\"308\" data-end=\"311\" \/>Its sleek design embodies the <strong data-start=\"339\" data-end=\"363\">Parisian refinement<\/strong> and the\u2019<strong data-start=\"369\" data-end=\"389\">unique spirit<\/strong> of these two iconic Houses: discreet, essential and sophisticated luxury.<\/p>\n<p>It is part of a <strong data-start=\"330\" data-end=\"352\">capsule collection<\/strong> also comprising a <strong data-start=\"377\" data-end=\"387\">hoodie<\/strong> and one <strong data-start=\"394\" data-end=\"403\">plaid<\/strong>, celebrating a way of life where <strong data-start=\"434\" data-end=\"460\">comfort and refinement<\/strong> meet accurately.<\/p>\n<ul>\n<li>Hand-sewn embroidered label<\/li>\n<li>100% extra-fine merino wool<\/li>\n<li>Embroidered patch<\/li>\n<\/ul>","protected":false},"featured_media":23541,"comment_status":"open","ping_status":"closed","template":"","meta":[],"product_brand":[],"product_cat":[182,185],"product_tag":[],"class_list":{"0":"post-23511","1":"product","2":"type-product","3":"status-publish","4":"has-post-thumbnail","6":"product_cat-collections","7":"product_cat-noel-2025","9":"first","10":"instock","11":"taxable","12":"shipping-taxable","13":"purchasable","14":"product-type-simple"},"_links":{"self":[{"href":"https:\/\/www.gourmandisedeluxe.com\/en\/wp-json\/wp\/v2\/product\/23511","targetHints":{"allow":["GET"]}}],"collection":[{"href":"https:\/\/www.gourmandisedeluxe.com\/en\/wp-json\/wp\/v2\/product"}],"about":[{"href":"https:\/\/www.gourmandisedeluxe.com\/en\/wp-json\/wp\/v2\/types\/product"}],"replies":[{"embeddable":true,"href":"https:\/\/www.gourmandisedeluxe.com\/en\/wp-json\/wp\/v2\/comments?post=23511"}],"version-history":[{"count":0,"href":"https:\/\/www.gourmandisedeluxe.com\/en\/wp-json\/wp\/v2\/product\/23511\/revisions"}],"wp:featuredmedia":[{"embeddable":true,"href":"https:\/\/www.gourmandisedeluxe.com\/en\/wp-json\/wp\/v2\/media\/23541"}],"wp:attachment":[{"href":"https:\/\/www.gourmandisedeluxe.com\/en\/wp-json\/wp\/v2\/media?parent=23511"}],"wp:term":[{"taxonomy":"product_brand","embeddable":true,"href":"https:\/\/www.gourmandisedeluxe.com\/en\/wp-json\/wp\/v2\/product_brand?post=23511"},{"taxonomy":"product_cat","embeddable":true,"href":"https:\/\/www.gourmandisedeluxe.com\/en\/wp-json\/wp\/v2\/product_cat?post=23511"},{"taxonomy":"product_tag","embeddable":true,"href":"https:\/\/www.gourmandisedeluxe.com\/en\/wp-json\/wp\/v2\/product_tag?post=23511"}],"curies":[{"name":"wp","href":"https:\/\/api.w.org\/{rel}","templated":true}]}}