{"id":23340,"date":"2025-09-19T10:30:13","date_gmt":"2025-09-19T08:30:13","guid":{"rendered":"https:\/\/www.gourmandisedeluxe.com\/?post_type=product&#038;p=23340"},"modified":"2026-04-22T13:52:36","modified_gmt":"2026-04-22T11:52:36","slug":"white-truffle-condiment-powder","status":"publish","type":"product","link":"https:\/\/www.gourmandisedeluxe.com\/en\/condiment-a-la-truffe-blanche-en-poudre\/","title":{"rendered":"White truffle powder condiment"},"content":{"rendered":"<p>Le Condiment \u00e0 la Truffe Blanche en Poudre est la solution pratique et savante pour apporter l&#8217;univers aromatique de la <em>Tuber Magnatum Pico<\/em> dans la cuisine du quotidien, sans contrainte de conservation ni de prix. \u00c9labor\u00e9 par lyophilisation \u2014 un proc\u00e9d\u00e9 qui pr\u00e9serve les compos\u00e9s aromatiques sensibles de la truffe fraiche bien mieux qu&#8217;un s\u00e9chage \u00e0 chaleur \u2014 il se pr\u00e9sente sous forme de poudre \u00e0 saupoudrer, pr\u00eate \u00e0 l&#8217;emploi.<\/p>\n<p>Sa composition \u2014 farine de riz, sel, ar\u00f4me, ar\u00f4me naturel, truffe blanche lyophilis\u00e9e <em>Tuber Magnatum Pico<\/em> \u00e0 0,2% (soit 1,2% de truffe fra\u00eeche) et poivre \u2014 est pens\u00e9e comme un assaisonnement complet, \u00e9quilibr\u00e9, sans besoin d&#8217;ajout suppl\u00e9mentaire. La farine de riz joue le r\u00f4le de vecteur neutre qui disperse la poudre uniform\u00e9ment sur les pr\u00e9parations.<\/p>\n<p>Saupoudrez-le sur des p\u00e2tes al dente avec du beurre, sur une pizza blanche sortie du four, sur une salade de roquette et parmesan, sur des oeufs brouill\u00e9s au beurre, des pommes de terre r\u00f4ties, des viandes grill\u00e9es, des poissons en papillote ou des filets de sole. Il r\u00e9pond \u00e0 toutes les situations de table o\u00f9 l&#8217;on cherche la touche de truffe blanche sans avoir le temps ni les moyens d&#8217;aller plus loin.<\/p>\n<p>Conserver dans un endroit sec et frais, \u00e0 l&#8217;abri de la lumi\u00e8re. Apr\u00e8s ouverture, utiliser dans les deux mois.<\/p>","protected":false},"excerpt":{"rendered":"<p>Freeze-dried product to sprinkle on food \u2013 perfect for everyday cooking and your creative recipes. Ideal on pasta, pizzas, salads, eggs, potatoes, meat and fish. A convenient, quick and tasty ingredient to easily enhance your dishes.<\/p>\n<p><em>Ingredients: Rice flour, salt, flavouring, natural flavouring, freeze-dried white truffle (Tuber magnatum Pico) 0.2% (equivalent to 1.2% of fresh truffle), pepper.<\/em><\/p>\n<p><em>Nutritional values: <\/em>Energy 1131 kJ \/ 266 kcal, Fat 0.4g Of which saturated 0g, Carbohydrates 59g Of which sugar 0.4g Protein 6.4g, Salt 22g<\/p>\n<p><em>Quantity: 60g<\/em><\/p>\n<p><em>Price per kilo: \u20ac348<\/em><\/p>","protected":false},"featured_media":23354,"comment_status":"open","ping_status":"closed","template":"","meta":[],"product_brand":[],"product_cat":[72,68],"product_tag":[],"class_list":{"0":"post-23340","1":"product","2":"type-product","3":"status-publish","4":"has-post-thumbnail","6":"product_cat-epicerie-fine","7":"product_cat-nouveautes","9":"first","10":"instock","11":"featured","12":"taxable","13":"shipping-taxable","14":"purchasable","15":"product-type-simple"},"_links":{"self":[{"href":"https:\/\/www.gourmandisedeluxe.com\/en\/wp-json\/wp\/v2\/product\/23340","targetHints":{"allow":["GET"]}}],"collection":[{"href":"https:\/\/www.gourmandisedeluxe.com\/en\/wp-json\/wp\/v2\/product"}],"about":[{"href":"https:\/\/www.gourmandisedeluxe.com\/en\/wp-json\/wp\/v2\/types\/product"}],"replies":[{"embeddable":true,"href":"https:\/\/www.gourmandisedeluxe.com\/en\/wp-json\/wp\/v2\/comments?post=23340"}],"version-history":[{"count":0,"href":"https:\/\/www.gourmandisedeluxe.com\/en\/wp-json\/wp\/v2\/product\/23340\/revisions"}],"wp:featuredmedia":[{"embeddable":true,"href":"https:\/\/www.gourmandisedeluxe.com\/en\/wp-json\/wp\/v2\/media\/23354"}],"wp:attachment":[{"href":"https:\/\/www.gourmandisedeluxe.com\/en\/wp-json\/wp\/v2\/media?parent=23340"}],"wp:term":[{"taxonomy":"product_brand","embeddable":true,"href":"https:\/\/www.gourmandisedeluxe.com\/en\/wp-json\/wp\/v2\/product_brand?post=23340"},{"taxonomy":"product_cat","embeddable":true,"href":"https:\/\/www.gourmandisedeluxe.com\/en\/wp-json\/wp\/v2\/product_cat?post=23340"},{"taxonomy":"product_tag","embeddable":true,"href":"https:\/\/www.gourmandisedeluxe.com\/en\/wp-json\/wp\/v2\/product_tag?post=23340"}],"curies":[{"name":"wp","href":"https:\/\/api.w.org\/{rel}","templated":true}]}}