{"id":23337,"date":"2025-09-19T10:20:16","date_gmt":"2025-09-19T08:20:16","guid":{"rendered":"https:\/\/www.gourmandisedeluxe.com\/?post_type=product&#038;p=23337"},"modified":"2026-04-22T13:52:36","modified_gmt":"2026-04-22T11:52:36","slug":"chutney-oignons-truffe-ete","status":"publish","type":"product","link":"https:\/\/www.gourmandisedeluxe.com\/en\/chutney-oignons-truffe-ete\/","title":{"rendered":"Summer truffle-flavoured onion chutney"},"content":{"rendered":"<p>Le Chutney d&#8217;Oignons \u00e0 la Truffe d&#8217;\u00c9t\u00e9 est un condiment d&#8217;une poly valence remarquable, \u00e9labor\u00e9 autour d&#8217;oignons caramolis\u00e9s \u00e0 hauteur de 72%, associ\u00e9s au sucre roux, au vinaigre de vin, \u00e0 la moutarde et \u00e0 la truffe d&#8217;\u00e9t\u00e9 <em>Tuber Aestivum<\/em> \u00e0 1%. La caramlis ation des oignons est le point de d\u00e9part : c&#8217;est elle qui conf\u00e8re au chutney sa douceur naturelle, sa profondeur et sa couleur brun ambr\u00e9e caract\u00e9ristique.<\/p>\n<p>Le vinaigre de vin et la moutarde apportent l&#8217;acidit\u00e9 de contrebalance et le mordant n\u00e9cessaire \u00e0 tout chutney r\u00e9ussi, \u00e9vitant que la douceur ne devienne \u00e9ceurante. La truffe d&#8217;\u00e9t\u00e9, discr\u00e8te mais pr\u00e9sente, vient ajouter une dimension bois\u00e9e-fongi\u00e8re qui \u00e9l\u00e8ve ce condiment bien au-dessus de la confiture d&#8217;oignons ordinaire. C&#8217;est un chutney de table \u00e9l\u00e9gant, d&#8217;une complexit\u00e9 sous-estim\u00e9e.<\/p>\n<p>Il accompagne avec une \u00e9gale aisance une tranche de foie gras de canard, un plateau de fromages affin\u00e9s \u2014 Comt\u00e9, Cantal, Ossau-Iraty \u2014 des viandes froides tranchees, du poisson grille ou des terr ines campagnardes. Il entre \u00e9galement dans des hamburgers gastronomiques, des sandwichs au poulet ou des omelets aux champignons comme garniture aromatique de premi\u00e8re classe.<\/p>\n<p>Contenu : 100g. Conserver au r\u00e9frig\u00e9rateur apr\u00e8s ouverture. Consommer dans les 30 jours.<\/p>","protected":false},"excerpt":{"rendered":"<p>The perfect condiment to accompany meat, fish, foie gras or cheese.<\/p>\n<p><em>Ingredients: Caramelised onions (onions 72%, brown sugar, wine vinegar), water, mustard (alcohol vinegar, mustard seeds, water, salt, white wine, sugar, natural flavourings, acidifier: lactic acid), corn starch, salt, summer truffle 1% (Tuber aestivum Vitt), pepper, natural flavouring.<\/em><\/p>\n<p><em>Nutritional values: <\/em>Energy 692 kJ \/ 163 kcal, Fat 0.2g of which saturated 0g, Carbohydrates 39g of which sugar 36g, Protein 0.7g, Salt 1.1g<\/p>\n<p><em>Quantity: 100g<\/em><\/p>\n<p><em>Price per kilo: \u20ac115<\/em><\/p>","protected":false},"featured_media":24097,"comment_status":"open","ping_status":"closed","template":"","meta":[],"product_brand":[],"product_cat":[73,72],"product_tag":[],"class_list":{"0":"post-23337","1":"product","2":"type-product","3":"status-publish","4":"has-post-thumbnail","6":"product_cat-foie-gras","7":"product_cat-epicerie-fine","9":"first","10":"instock","11":"taxable","12":"shipping-taxable","13":"purchasable","14":"product-type-simple"},"_links":{"self":[{"href":"https:\/\/www.gourmandisedeluxe.com\/en\/wp-json\/wp\/v2\/product\/23337","targetHints":{"allow":["GET"]}}],"collection":[{"href":"https:\/\/www.gourmandisedeluxe.com\/en\/wp-json\/wp\/v2\/product"}],"about":[{"href":"https:\/\/www.gourmandisedeluxe.com\/en\/wp-json\/wp\/v2\/types\/product"}],"replies":[{"embeddable":true,"href":"https:\/\/www.gourmandisedeluxe.com\/en\/wp-json\/wp\/v2\/comments?post=23337"}],"version-history":[{"count":0,"href":"https:\/\/www.gourmandisedeluxe.com\/en\/wp-json\/wp\/v2\/product\/23337\/revisions"}],"wp:featuredmedia":[{"embeddable":true,"href":"https:\/\/www.gourmandisedeluxe.com\/en\/wp-json\/wp\/v2\/media\/24097"}],"wp:attachment":[{"href":"https:\/\/www.gourmandisedeluxe.com\/en\/wp-json\/wp\/v2\/media?parent=23337"}],"wp:term":[{"taxonomy":"product_brand","embeddable":true,"href":"https:\/\/www.gourmandisedeluxe.com\/en\/wp-json\/wp\/v2\/product_brand?post=23337"},{"taxonomy":"product_cat","embeddable":true,"href":"https:\/\/www.gourmandisedeluxe.com\/en\/wp-json\/wp\/v2\/product_cat?post=23337"},{"taxonomy":"product_tag","embeddable":true,"href":"https:\/\/www.gourmandisedeluxe.com\/en\/wp-json\/wp\/v2\/product_tag?post=23337"}],"curies":[{"name":"wp","href":"https:\/\/api.w.org\/{rel}","templated":true}]}}