{"id":23247,"date":"2025-11-19T15:37:47","date_gmt":"2025-11-19T14:37:47","guid":{"rendered":"https:\/\/www.gourmandisedeluxe.com\/?post_type=product&#038;p=23247"},"modified":"2026-04-22T14:37:26","modified_gmt":"2026-04-22T12:37:26","slug":"coffee-flavoured-sugar-popcorn","status":"publish","type":"product","link":"https:\/\/www.gourmandisedeluxe.com\/en\/popcorn-sucre-saveur-cafe\/","title":{"rendered":"Sweet popcorn with coffee flavour"},"content":{"rendered":"<p>Quand l&#8217;art du popcorn artisanal rencontre la culture du caf\u00e9 de sp\u00e9cialit\u00e9, le r\u00e9sultat est ce <strong>Popcorn Sucr\u00e9 Saveur Caf\u00e9<\/strong> \u2014 un snack premium qui capture l&#8217;intensit\u00e9 aromatique d&#8217;un expresso grand cru dans chaque grain souffl\u00e9. Le caf\u00e9, amer et profond, s&#8217;associe \u00e0 une base sucr\u00e9e \u00e9quilibr\u00e9e pour cr\u00e9er un encas qui flirte allr\u00e8gement avec le monde de la confiserie gastronomique.<\/p>\n<p>Chaque grain est enrob\u00e9 d&#8217;un caramel l\u00e9ger infus\u00e9 de caf\u00e9, dont l&#8217;amertume naturelle est habilement compens\u00e9e par la douceur du sucre caramellis\u00e9. La texture est craquante et l\u00e9g\u00e8re, la persistance aromatique du caf\u00e9 en bouche est r\u00e9elle et satisfaisante. Un snack qui conviendra aussi bien au matin \u00e0 c\u00f4t\u00e9 d&#8217;un caf\u00e9 noir qu&#8217;en apr\u00e8s-midi avec un th\u00e9 fumeux, ou en soir\u00e9e avec un digestif l\u00e9ger.<\/p>\n<p>Id\u00e9al pour les amateurs de caf\u00e9 qui cherchent un encas premium hors du commun, pour un coffret cadeau gourmand original ou pour surprendre agr\u00e9ablement lors d&#8217;un moment de partage. Un popcorn qui n&#8217;a de commun avec les versions ind\u00e9strielles que la mati\u00e8re premi\u00e8re \u2014 tout le reste est r\u00e9solument gastronome.<\/p>","protected":false},"excerpt":{"rendered":"<p>Gourmet popcorn infused with coffee and coated in delicious caramel.<\/p>\n<p>A deliciously unique recipe, a crispy texture and a perfect balance of flavours.<\/p>\n<p>Just the essence of taste and pleasure!<\/p>\n<p>French artisanal manufacturing<\/p>\n<p>A recipe without additives or artificial colourings.<\/p>\n<p>Net weight: 80g<\/p>\n<p>Ingredients: Light brown cane sugar*, corn*(16%), glucose syrup*, butter*, coffee extract*(6.5%), cream*, ground coffee*(1%), instant coffee*(0.5%), bicarbonate<\/p>\n<p>(*) from organic farming.<br \/>\nStore in a dry place.<\/p>\n<p>Consume promptly after opening.<\/p>\n<p>Made in France<\/p>\n<p>Nutritional values per 100g: Energy: 902kJ (349kcal), Fat: 12g, of which saturates: 6.8g, Carbohydrate: 69g, of which sugar: 55g, Protein: 2.2g, Salt: 0.1g<\/p>","protected":false},"featured_media":23763,"comment_status":"open","ping_status":"closed","template":"","meta":[],"product_brand":[],"product_cat":[76,109],"product_tag":[],"class_list":{"0":"post-23247","1":"product","2":"type-product","3":"status-publish","4":"has-post-thumbnail","6":"product_cat-douceurs-sucrees","7":"product_cat-produits-biologiques","9":"first","10":"instock","11":"taxable","12":"shipping-taxable","13":"purchasable","14":"product-type-simple"},"_links":{"self":[{"href":"https:\/\/www.gourmandisedeluxe.com\/en\/wp-json\/wp\/v2\/product\/23247","targetHints":{"allow":["GET"]}}],"collection":[{"href":"https:\/\/www.gourmandisedeluxe.com\/en\/wp-json\/wp\/v2\/product"}],"about":[{"href":"https:\/\/www.gourmandisedeluxe.com\/en\/wp-json\/wp\/v2\/types\/product"}],"replies":[{"embeddable":true,"href":"https:\/\/www.gourmandisedeluxe.com\/en\/wp-json\/wp\/v2\/comments?post=23247"}],"version-history":[{"count":0,"href":"https:\/\/www.gourmandisedeluxe.com\/en\/wp-json\/wp\/v2\/product\/23247\/revisions"}],"wp:featuredmedia":[{"embeddable":true,"href":"https:\/\/www.gourmandisedeluxe.com\/en\/wp-json\/wp\/v2\/media\/23763"}],"wp:attachment":[{"href":"https:\/\/www.gourmandisedeluxe.com\/en\/wp-json\/wp\/v2\/media?parent=23247"}],"wp:term":[{"taxonomy":"product_brand","embeddable":true,"href":"https:\/\/www.gourmandisedeluxe.com\/en\/wp-json\/wp\/v2\/product_brand?post=23247"},{"taxonomy":"product_cat","embeddable":true,"href":"https:\/\/www.gourmandisedeluxe.com\/en\/wp-json\/wp\/v2\/product_cat?post=23247"},{"taxonomy":"product_tag","embeddable":true,"href":"https:\/\/www.gourmandisedeluxe.com\/en\/wp-json\/wp\/v2\/product_tag?post=23247"}],"curies":[{"name":"wp","href":"https:\/\/api.w.org\/{rel}","templated":true}]}}