{"id":23194,"date":"2025-07-21T16:34:18","date_gmt":"2025-07-21T14:34:18","guid":{"rendered":"https:\/\/www.gourmandisedeluxe.com\/?post_type=product&#038;p=23194"},"modified":"2026-04-22T13:45:13","modified_gmt":"2026-04-22T11:45:13","slug":"amandes-torrefiees-truffe-noire","status":"publish","type":"product","link":"https:\/\/www.gourmandisedeluxe.com\/en\/amandes-torrefiees-truffe-noire\/","title":{"rendered":"Roasted and salted almonds with black truffle flavour 100g"},"content":{"rendered":"<p>Ces Amandes Torr\u00e9fi\u00e9es \u00e0 la Truffe Noire sont la r\u00e9ponse de la Maison de la Truffe \u00e0 la demande d&#8217;un ap\u00e9ritif \u00e0 la fois sain, exigeant et aromatiquement sophistiqu\u00e9. Des amandes biologiques \u2014 95,8% de la composition \u2014 soigneusement s\u00e9lectionn\u00e9es, torr\u00e9fi\u00e9es \u00e0 la temp\u00e9rature optimale pour r\u00e9v\u00e9ler tout leur go\u00fbt de noisette et leur croquant naturel, puis finement sal\u00e9es \u00e0 la fleur de sel de Gu\u00e9rande et aromatis\u00e9es \u00e0 l&#8217;ar\u00f4me naturel de truffe noire.<\/p>\n<p>La fleur de sel de Gu\u00e9rande est choisie avec intention : sa saveur compl\u00e8xe et iod\u00e9e, sa texture cristalline qui fond progressivement en bouche, \u00e9l\u00e8vent l&#8217;assaisonnement bien au-dessus du simple sel ordinaire. L&#8217;ar\u00f4me naturel de truffe noire, \u00e0 1,2% de la composition, apporte ses notes de sous-bois, de champignon et de cacao pour prolonger le croquant de l&#8217;amande dans un final profond et persistant.<\/p>\n<p>Sans colorants artificiels, issues de l&#8217;agriculture biologique, ces amandes constituent un en-cas responsable et gourmand, \u00e0 croquer sans culpabilit\u00e9. Elles se d\u00e9gustent \u00e0 l&#8217;ap\u00e9ritif avec un verre de Champagne blanc de blancs ou un Chablis Premier Cru, en collation entre les repas, ou en garniture croustillante \u00e9cras\u00e9e sur une salade de roquette au parmesan.<\/p>\n<p>Contenu : 100g. \u00c0 conserver dans un endroit frais et sec, \u00e0 l&#8217;abri de la lumi\u00e8re. Consommer de pr\u00e9f\u00e9rence dans les 30 jours apr\u00e8s ouverture.<\/p>","protected":false},"excerpt":{"rendered":"<p>Delicately roasted almonds, lightly salted with Gu\u00e9rande sea salt, natural black truffle flavouring.<\/p>\n<p>Perfect for accompanying and enhancing your aperitifs. Just the essence of taste and pleasure. No artificial colourings.<\/p>\n<p>Ingredients: Almonds* (95.81% by weight), coating agent: gum arabic* (21% by weight), natural black truffle flavouring (1.21% by weight), Gu\u00e9rande sea salt (11% by weight)<br \/>\n(*) from organic farming.<\/p>\n<p>Nutritional values per 100g:<br \/>\nEnergy: 2414kJ (584kcal), Fat: 52g, of which saturates: 4.4g, Carbohydrate: 5.9g, of which sugar: 4.8g, Protein: 18g, Salt: 1g<\/p>\n<p>&nbsp;<\/p>","protected":false},"featured_media":23761,"comment_status":"open","ping_status":"closed","template":"","meta":[],"product_brand":[],"product_cat":[69,72,109],"product_tag":[],"class_list":{"0":"post-23194","1":"product","2":"type-product","3":"status-publish","4":"has-post-thumbnail","6":"product_cat-a-lapero","7":"product_cat-epicerie-fine","8":"product_cat-produits-biologiques","10":"first","11":"instock","12":"taxable","13":"shipping-taxable","14":"purchasable","15":"product-type-simple"},"_links":{"self":[{"href":"https:\/\/www.gourmandisedeluxe.com\/en\/wp-json\/wp\/v2\/product\/23194","targetHints":{"allow":["GET"]}}],"collection":[{"href":"https:\/\/www.gourmandisedeluxe.com\/en\/wp-json\/wp\/v2\/product"}],"about":[{"href":"https:\/\/www.gourmandisedeluxe.com\/en\/wp-json\/wp\/v2\/types\/product"}],"replies":[{"embeddable":true,"href":"https:\/\/www.gourmandisedeluxe.com\/en\/wp-json\/wp\/v2\/comments?post=23194"}],"version-history":[{"count":0,"href":"https:\/\/www.gourmandisedeluxe.com\/en\/wp-json\/wp\/v2\/product\/23194\/revisions"}],"wp:featuredmedia":[{"embeddable":true,"href":"https:\/\/www.gourmandisedeluxe.com\/en\/wp-json\/wp\/v2\/media\/23761"}],"wp:attachment":[{"href":"https:\/\/www.gourmandisedeluxe.com\/en\/wp-json\/wp\/v2\/media?parent=23194"}],"wp:term":[{"taxonomy":"product_brand","embeddable":true,"href":"https:\/\/www.gourmandisedeluxe.com\/en\/wp-json\/wp\/v2\/product_brand?post=23194"},{"taxonomy":"product_cat","embeddable":true,"href":"https:\/\/www.gourmandisedeluxe.com\/en\/wp-json\/wp\/v2\/product_cat?post=23194"},{"taxonomy":"product_tag","embeddable":true,"href":"https:\/\/www.gourmandisedeluxe.com\/en\/wp-json\/wp\/v2\/product_tag?post=23194"}],"curies":[{"name":"wp","href":"https:\/\/api.w.org\/{rel}","templated":true}]}}