{"id":22946,"date":"2025-05-12T15:17:36","date_gmt":"2025-05-12T13:17:36","guid":{"rendered":"https:\/\/www.gourmandisedeluxe.com\/?post_type=product&#038;p=22946"},"modified":"2026-04-22T15:13:13","modified_gmt":"2026-04-22T13:13:13","slug":"collection-bijoux-spinelle-kaspia-linda-fargo","status":"publish","type":"product","link":"https:\/\/www.gourmandisedeluxe.com\/en\/collection-bijoux-spinelle-kaspia-linda-fargo\/","title":{"rendered":"Spinel jewellery collection by Caviar Kaspia x Linda Fargo"},"content":{"rendered":"<p>La collaboration entre <strong>Caviar Kaspia<\/strong> and <strong>Linda Fargo<\/strong> \u2014 ic\u00f4ne de la mode new-yorkaise et cr\u00e9atrice de bijoux en pierres fines \u2014 donne naissance \u00e0 une collection de bijoux en spinelle, pierre pr\u00e9cieuse rare et intense, travaill\u00e9e dans l&#8217;esprit minimaliste et raffin\u00e9 qui caract\u00e9rise le style Fargo. La spinelle, plus rare que le rubis et souvent confondue avec lui, est une gemme d&#8217;une beaut\u00e9 profonde aux reflets violac\u00e9s et rouges.<\/p>\n<p>La <strong>Collection Bijoux en Spinelle by Caviar Kaspia x Linda Fargo<\/strong> est pr\u00e9sent\u00e9e ici en coffret d&#8217;ensemble : plusieurs pi\u00e8ces compl\u00e9mentaires \u2014 bague, bracelet, collier \u2014 travaill\u00e9es dans une coh\u00e9rence esth\u00e9tique et une palette chromatique partag\u00e9e. La spinelle, choisie pour l&#8217;intensit\u00e9 de sa couleur et la qualit\u00e9 de sa taille, est serti\u00e9e sur des montures en or ou argent d&#8217;une finesse exemplaire. Propos\u00e9e \u00e0 <strong>627\u20ac<\/strong>.<\/p>\n<p>Un coffret bijoux de prestige pour les collectionneuses de pi\u00e8ces fines et rares, id\u00e9al pour une occasion exceptionnelle. \u00c9dition limit\u00e9e, livr\u00e9 dans son \u00e9crin double signature.<\/p>","protected":false},"excerpt":{"rendered":"<p>The collection consists of a trio of bracelets and a trio of rings, as well as an elegant lariat necklace.<\/p>\n<p>&nbsp;<\/p>\n<p><strong>1.collar<\/strong> made of stones <b>3 mm micro-faceted black spinel <\/b>and embellished with two bracelets of <b>pearls of<\/b><b>orzo<\/b><b> textured in 14-carat gold<\/b>. With a length of 17\u00ab around the neck and a drop of 4.5\u00bb, this lariat-style necklace can be worn alone as a statement piece or layered with your other favourite pieces. Timeless meets bold with this spinel and gold necklace.<\/p>\n<ul>\n<li>Although water-resistant, we recommend removing this necklace if the spinel stone is exposed to harsh chemicals or treated water.<\/li>\n<li>Length of collar 17 , with a drop of 4.5 .<\/li>\n<li>Finished with a gold jump ring and lobster clasp for easy fastening and removal.<\/li>\n<li>Designed and produced in Los Angeles, by women<\/li>\n<\/ul>\n<p>&nbsp;<\/p>\n<p><strong>2. Trio of rings<\/strong> These elegant rings are composed of <b>3 mm micro-faceted black spinel stones <\/b>and <strong>from<\/strong> <b>textured 14-carat gold beads<\/b>. Carefully crafted using custom-made elastic, these rings can be worn individually or together. Timeless meets bold with these spinel and gold rings.<\/p>\n<ul>\n<li>Although water-resistant, we recommend removing these items when spinel stone is exposed to harsh chemicals or treated water.<\/li>\n<li>Size 7 rings, with a stretch fit to ensure the best possible fit.<\/li>\n<li>Designed and produced in Los Angeles by women<\/li>\n<\/ul>\n<p><strong>3. Trio of bracelets<\/strong> These three elegant bracelets are composed of\u00a0<b>3 mm micro-faceted black spinels\u00a0<\/b>and textured orzo pearls\u00a0<b>in 14-carat gold.\u00a0<\/b>Carefully crafted with custom-made elastic, these bracelets can be worn individually, together, or with your other favourite fashion items. Timeless meets bold with these spinel and gold bracelets.<\/p>\n<ul>\n<li>Although water resistant, we recommend removing the bracelet if the spinel stone is exposed to harsh chemicals or treated water.<\/li>\n<li>Wrist size: 6.50\u00bb, with a stretchable fit to ensure the best possible fit.<\/li>\n<li>Designed and produced in Los Angeles, by women<\/li>\n<\/ul>\n<p>Le\u00a0<b>black spinel<\/b>, often mistaken for sapphire, is in fact a unique gemstone with its own fascinating properties.<\/p>\n<p>This enigmatic stone symbolises protection and inner strength. It acts as a shield against negative energies, boosting your self-confidence and spirituality. If you sometimes have your head in the clouds, black spinel helps you keep your feet on the ground by promoting grounding and stability. It also encourages concentration and brings a sense of security.<\/p>\n<p><b>Spinel is a mineral species belonging to the oxide family with the formula MgAl\u2082O\u2084 (magnesium aluminium oxide). It is a semi-precious stone used in jewellery.<\/b><\/p>","protected":false},"featured_media":24609,"comment_status":"open","ping_status":"closed","template":"","meta":[],"product_brand":[],"product_cat":[182],"product_tag":[],"class_list":{"0":"post-22946","1":"product","2":"type-product","3":"status-publish","4":"has-post-thumbnail","6":"product_cat-collections","8":"first","9":"instock","10":"taxable","11":"shipping-taxable","12":"purchasable","13":"product-type-simple"},"_links":{"self":[{"href":"https:\/\/www.gourmandisedeluxe.com\/en\/wp-json\/wp\/v2\/product\/22946","targetHints":{"allow":["GET"]}}],"collection":[{"href":"https:\/\/www.gourmandisedeluxe.com\/en\/wp-json\/wp\/v2\/product"}],"about":[{"href":"https:\/\/www.gourmandisedeluxe.com\/en\/wp-json\/wp\/v2\/types\/product"}],"replies":[{"embeddable":true,"href":"https:\/\/www.gourmandisedeluxe.com\/en\/wp-json\/wp\/v2\/comments?post=22946"}],"version-history":[{"count":0,"href":"https:\/\/www.gourmandisedeluxe.com\/en\/wp-json\/wp\/v2\/product\/22946\/revisions"}],"wp:featuredmedia":[{"embeddable":true,"href":"https:\/\/www.gourmandisedeluxe.com\/en\/wp-json\/wp\/v2\/media\/24609"}],"wp:attachment":[{"href":"https:\/\/www.gourmandisedeluxe.com\/en\/wp-json\/wp\/v2\/media?parent=22946"}],"wp:term":[{"taxonomy":"product_brand","embeddable":true,"href":"https:\/\/www.gourmandisedeluxe.com\/en\/wp-json\/wp\/v2\/product_brand?post=22946"},{"taxonomy":"product_cat","embeddable":true,"href":"https:\/\/www.gourmandisedeluxe.com\/en\/wp-json\/wp\/v2\/product_cat?post=22946"},{"taxonomy":"product_tag","embeddable":true,"href":"https:\/\/www.gourmandisedeluxe.com\/en\/wp-json\/wp\/v2\/product_tag?post=22946"}],"curies":[{"name":"wp","href":"https:\/\/api.w.org\/{rel}","templated":true}]}}