{"id":22932,"date":"2025-05-12T15:07:22","date_gmt":"2025-05-12T13:07:22","guid":{"rendered":"https:\/\/www.gourmandisedeluxe.com\/?post_type=product&#038;p=22932"},"modified":"2026-04-22T15:13:13","modified_gmt":"2026-04-22T13:13:13","slug":"trio-of-spinel-rings-by-caviar-kaspia-x-linda-fargo","status":"publish","type":"product","link":"https:\/\/www.gourmandisedeluxe.com\/en\/trio-bagues-spinelle-linda-fargo\/","title":{"rendered":"Trio of spinel rings by Caviar Kaspia x Linda Fargo"},"content":{"rendered":"<p>La collaboration entre <strong>Caviar Kaspia<\/strong> and <strong>Linda Fargo<\/strong> \u2014 ic\u00f4ne de la mode new-yorkaise et cr\u00e9atrice de bijoux en pierres fines \u2014 donne naissance \u00e0 une collection de bijoux en spinelle, pierre pr\u00e9cieuse rare et intense, travaill\u00e9e dans l&#8217;esprit minimaliste et raffin\u00e9 qui caract\u00e9rise le style Fargo. La spinelle, plus rare que le rubis et souvent confondue avec lui, est une gemme d&#8217;une beaut\u00e9 profonde aux reflets violac\u00e9s et rouges.<\/p>\n<p>Le <strong>Trio de Bagues en Spinelle by Caviar Kaspia x Linda Fargo<\/strong> est con\u00e7u pour \u00eatre port\u00e9 en superposition, \u00e0 la mani\u00e8re des \u00ab stacking rings \u00bb qui ont redefini le rapport aux bijoux de main depuis une d\u00e9cennie. Chaque bague est fin\u00e9e, pr\u00e9cise, dot\u00e9e d&#8217;une pierre de spinelle unique dans sa nuance. Port\u00e9es ensemble, elles forment un ensemble color\u00e9 et cohh\u00e9rent. Port\u00e9es s\u00e9par\u00e9ment, elles s&#8217;assemblent \u00e0 n&#8217;importe quelle bague de la collection. Propos\u00e9 \u00e0 <strong>117\u20ac<\/strong>.<\/p>\n<p>La pi\u00e8ce d&#8217;entr\u00e9e la plus accessible de la collaboration, id\u00e9ale en cadeau ou en premi\u00e8re acquisition. \u00c9dition limit\u00e9e.<\/p>","protected":false},"excerpt":{"rendered":"<p>These elegant rings are composed of <b>3 mm micro-faceted black spinel stones <\/b>and <strong>from<\/strong> <b>textured 14-carat gold beads<\/b>. Carefully crafted using custom-made elastic, these rings can be worn individually or together. Timeless meets bold with these spinel and gold rings.<\/p>\n<ul>\n<li>Although water-resistant, we recommend removing these items when spinel stone is exposed to harsh chemicals or treated water.<\/li>\n<li>Size 7 rings, with a stretch fit to ensure the best possible fit.<\/li>\n<li>Designed and produced in Los Angeles by women<\/li>\n<\/ul>\n<p>Le\u00a0<b>black spinel<\/b>, often mistaken for sapphire, is in fact a unique gemstone with its own fascinating properties.<\/p>\n<p>This enigmatic stone symbolises protection and inner strength. It acts as a shield against negative energies, boosting your self-confidence and spirituality. If you sometimes have your head in the clouds, black spinel helps you keep your feet on the ground by promoting grounding and stability. It also encourages concentration and brings a sense of security.<\/p>\n<p>&nbsp;<\/p>","protected":false},"featured_media":24615,"comment_status":"open","ping_status":"closed","template":"","meta":[],"product_brand":[],"product_cat":[182],"product_tag":[],"class_list":{"0":"post-22932","1":"product","2":"type-product","3":"status-publish","4":"has-post-thumbnail","6":"product_cat-collections","8":"first","9":"instock","10":"taxable","11":"shipping-taxable","12":"purchasable","13":"product-type-simple"},"_links":{"self":[{"href":"https:\/\/www.gourmandisedeluxe.com\/en\/wp-json\/wp\/v2\/product\/22932","targetHints":{"allow":["GET"]}}],"collection":[{"href":"https:\/\/www.gourmandisedeluxe.com\/en\/wp-json\/wp\/v2\/product"}],"about":[{"href":"https:\/\/www.gourmandisedeluxe.com\/en\/wp-json\/wp\/v2\/types\/product"}],"replies":[{"embeddable":true,"href":"https:\/\/www.gourmandisedeluxe.com\/en\/wp-json\/wp\/v2\/comments?post=22932"}],"version-history":[{"count":0,"href":"https:\/\/www.gourmandisedeluxe.com\/en\/wp-json\/wp\/v2\/product\/22932\/revisions"}],"wp:featuredmedia":[{"embeddable":true,"href":"https:\/\/www.gourmandisedeluxe.com\/en\/wp-json\/wp\/v2\/media\/24615"}],"wp:attachment":[{"href":"https:\/\/www.gourmandisedeluxe.com\/en\/wp-json\/wp\/v2\/media?parent=22932"}],"wp:term":[{"taxonomy":"product_brand","embeddable":true,"href":"https:\/\/www.gourmandisedeluxe.com\/en\/wp-json\/wp\/v2\/product_brand?post=22932"},{"taxonomy":"product_cat","embeddable":true,"href":"https:\/\/www.gourmandisedeluxe.com\/en\/wp-json\/wp\/v2\/product_cat?post=22932"},{"taxonomy":"product_tag","embeddable":true,"href":"https:\/\/www.gourmandisedeluxe.com\/en\/wp-json\/wp\/v2\/product_tag?post=22932"}],"curies":[{"name":"wp","href":"https:\/\/api.w.org\/{rel}","templated":true}]}}