{"id":22922,"date":"2025-05-12T15:07:15","date_gmt":"2025-05-12T13:07:15","guid":{"rendered":"https:\/\/www.gourmandisedeluxe.com\/?post_type=product&#038;p=22922"},"modified":"2026-04-22T15:13:13","modified_gmt":"2026-04-22T13:13:13","slug":"trio-of-spinel-bracelets-by-caviar-kaspia-x-linda-fargo","status":"publish","type":"product","link":"https:\/\/www.gourmandisedeluxe.com\/en\/trio-bracelets-spinelle-linda-fargo\/","title":{"rendered":"Trio of Spinel Bracelets by Caviar Kaspia x Linda Fargo"},"content":{"rendered":"<p>La collaboration entre <strong>Caviar Kaspia<\/strong> and <strong>Linda Fargo<\/strong> \u2014 ic\u00f4ne de la mode new-yorkaise et cr\u00e9atrice de bijoux en pierres fines \u2014 donne naissance \u00e0 une collection de bijoux en spinelle, pierre pr\u00e9cieuse rare et intense, travaill\u00e9e dans l&#8217;esprit minimaliste et raffin\u00e9 qui caract\u00e9rise le style Fargo. La spinelle, plus rare que le rubis et souvent confondue avec lui, est une gemme d&#8217;une beaut\u00e9 profonde aux reflets violac\u00e9s et rouges.<\/p>\n<p>Le <strong>Trio de Bracelets en Spinelle by Caviar Kaspia x Linda Fargo<\/strong> d\u00e9cline le m\u00eame principe de superposition au poignet : trois bracelets fins, chacun orn\u00e9 de spinelles choisies pour leur compl\u00e9mentarit\u00e9 chromatique, con\u00e7us pour \u00eatre port\u00e9s ensemble ou int\u00e9gr\u00e9s \u00e0 une composition de bracelets existante. La finesse de leur taille et la qualit\u00e9 de leur montage t\u00e9moignent de l&#8217;exigence artisanale qui pr\u00e9side \u00e0 chaque pi\u00e8ce de la collection. Propos\u00e9 \u00e0 <strong>282\u20ac<\/strong>.<\/p>\n<p>Un cadeau bijou \u00e9l\u00e9gant et contemporain pour une femme qui aime les accessoires de qualit\u00e9. \u00c9dition limit\u00e9e, livr\u00e9 dans son \u00e9crin Kaspia x Linda Fargo.<\/p>","protected":false},"excerpt":{"rendered":"<p>These three elegant bracelets are composed of <b>3 mm micro-faceted black spinels <\/b>and textured orzo pearls <b>in 14-carat gold. <\/b>Carefully crafted with custom-made elastic, these bracelets can be worn individually, together, or with your other favourite fashion items. Timeless meets bold with these spinel and gold bracelets.<\/p>\n<ul>\n<li>Although water resistant, we recommend removing the bracelet if the spinel stone is exposed to harsh chemicals or treated water.<\/li>\n<li>Wrist size: 6.50\u00bb, with a stretchable fit to ensure the best possible fit.<\/li>\n<li>Designed and produced in Los Angeles, by women<\/li>\n<\/ul>\n<p>Le\u00a0<b>black spinel<\/b>, often mistaken for sapphire, is in fact a unique gemstone with its own fascinating properties.<\/p>\n<p>This enigmatic stone symbolises protection and inner strength. It acts as a shield against negative energies, boosting your self-confidence and spirituality. If you sometimes have your head in the clouds, black spinel helps you keep your feet on the ground by promoting grounding and stability. It also encourages concentration and brings a sense of security.<\/p>\n<p>&nbsp;<\/p>","protected":false},"featured_media":24618,"comment_status":"open","ping_status":"closed","template":"","meta":[],"product_brand":[],"product_cat":[182],"product_tag":[],"class_list":{"0":"post-22922","1":"product","2":"type-product","3":"status-publish","4":"has-post-thumbnail","6":"product_cat-collections","8":"first","9":"instock","10":"taxable","11":"shipping-taxable","12":"purchasable","13":"product-type-simple"},"_links":{"self":[{"href":"https:\/\/www.gourmandisedeluxe.com\/en\/wp-json\/wp\/v2\/product\/22922","targetHints":{"allow":["GET"]}}],"collection":[{"href":"https:\/\/www.gourmandisedeluxe.com\/en\/wp-json\/wp\/v2\/product"}],"about":[{"href":"https:\/\/www.gourmandisedeluxe.com\/en\/wp-json\/wp\/v2\/types\/product"}],"replies":[{"embeddable":true,"href":"https:\/\/www.gourmandisedeluxe.com\/en\/wp-json\/wp\/v2\/comments?post=22922"}],"version-history":[{"count":0,"href":"https:\/\/www.gourmandisedeluxe.com\/en\/wp-json\/wp\/v2\/product\/22922\/revisions"}],"wp:featuredmedia":[{"embeddable":true,"href":"https:\/\/www.gourmandisedeluxe.com\/en\/wp-json\/wp\/v2\/media\/24618"}],"wp:attachment":[{"href":"https:\/\/www.gourmandisedeluxe.com\/en\/wp-json\/wp\/v2\/media?parent=22922"}],"wp:term":[{"taxonomy":"product_brand","embeddable":true,"href":"https:\/\/www.gourmandisedeluxe.com\/en\/wp-json\/wp\/v2\/product_brand?post=22922"},{"taxonomy":"product_cat","embeddable":true,"href":"https:\/\/www.gourmandisedeluxe.com\/en\/wp-json\/wp\/v2\/product_cat?post=22922"},{"taxonomy":"product_tag","embeddable":true,"href":"https:\/\/www.gourmandisedeluxe.com\/en\/wp-json\/wp\/v2\/product_tag?post=22922"}],"curies":[{"name":"wp","href":"https:\/\/api.w.org\/{rel}","templated":true}]}}